{"id":176736,"date":"2026-04-08T10:36:07","date_gmt":"2026-04-08T09:36:07","guid":{"rendered":"https:\/\/www.godechot-pauliet.com\/non class\u00e9\/collier-diamant-or-jaune-messika-so-move\/"},"modified":"2026-04-08T10:36:07","modified_gmt":"2026-04-08T09:36:07","slug":"collier-diamant-or-jaune-messika-so-move","status":"publish","type":"product","link":"https:\/\/www.godechot-pauliet.com\/en\/bijoux\/colliers\/collier-diamant-or-jaune-messika-so-move\/","title":{"rendered":"Messika So Move Yellow Gold Diamond Necklace"},"content":{"rendered":"<p>Val\u00e9rie Messika gives the Move a new dimension: more assertive, more statutory, more architectural! Flat yellow gold, signature mobile diamond surrounded by the House&#039;s iconic pav\u00e9 halo... The Move has never been so bold! A diamond pendant necklace that is as trendy as it is timeless, to wear every day as well as on the most special occasions. A luxury jewel to assert your personality, which the most cutting-edge styles can combine with another creation for even more allure!<\/p>","protected":false},"excerpt":{"rendered":"<p>45 cm Messika necklace (sliding system) for women in yellow gold with white diamond. So Move collection.<br \/>\nD\u00e9couvrez le magnifique collier Messika de la collection So Move. R\u00e9alis\u00e9 par la Maison Messika, ce bijou en or jaune est orn\u00e9 d&rsquo;un diamant blanc. Avec son syst\u00e8me coulissant et une longueur de 45 cm, ce collier sublimera votre cou.<\/p>","protected":false},"featured_media":0,"template":"","meta":{"_acf_changed":false,"_tbt_post_transparent":"","_tbt_post_title":"","_tbt_post_layout":"","_tbt_post_sidebar_id":"","_tbt_post_content_style":"","_tbt_post_vertical_padding":"","_tbt_post_feature":"","_tbt_post_feature_position":"","_tbt_post_header":false,"_tbt_post_footer":false},"pwb-brand":[1299],"product_brand":[],"product_cat":[286,308],"product_tag":[],"bsp_collections":[],"rcpo_collections":[],"class_list":{"0":"post-176736","1":"product","2":"type-product","3":"status-publish","5":"pwb-brand-messika","6":"product_cat-bijoux","7":"product_cat-colliers","9":"first","10":"outofstock","11":"sold-individually","12":"taxable","13":"shipping-taxable","14":"purchasable","15":"product-type-simple","16":"entry","17":"content-bg","18":"loop-entry"},"acf":[],"brands":[{"id":1299,"name":"Messika","slug":"messika"}],"_links":{"self":[{"href":"https:\/\/www.godechot-pauliet.com\/en\/wp-json\/wp\/v2\/product\/176736","targetHints":{"allow":["GET"]}}],"collection":[{"href":"https:\/\/www.godechot-pauliet.com\/en\/wp-json\/wp\/v2\/product"}],"about":[{"href":"https:\/\/www.godechot-pauliet.com\/en\/wp-json\/wp\/v2\/types\/product"}],"wp:attachment":[{"href":"https:\/\/www.godechot-pauliet.com\/en\/wp-json\/wp\/v2\/media?parent=176736"}],"wp:term":[{"taxonomy":"pwb-brand","embeddable":true,"href":"https:\/\/www.godechot-pauliet.com\/en\/wp-json\/wp\/v2\/pwb-brand?post=176736"},{"taxonomy":"product_brand","embeddable":true,"href":"https:\/\/www.godechot-pauliet.com\/en\/wp-json\/wp\/v2\/product_brand?post=176736"},{"taxonomy":"product_cat","embeddable":true,"href":"https:\/\/www.godechot-pauliet.com\/en\/wp-json\/wp\/v2\/product_cat?post=176736"},{"taxonomy":"product_tag","embeddable":true,"href":"https:\/\/www.godechot-pauliet.com\/en\/wp-json\/wp\/v2\/product_tag?post=176736"},{"taxonomy":"bsp_collections","embeddable":true,"href":"https:\/\/www.godechot-pauliet.com\/en\/wp-json\/wp\/v2\/bsp_collections?post=176736"},{"taxonomy":"rcpo_collections","embeddable":true,"href":"https:\/\/www.godechot-pauliet.com\/en\/wp-json\/wp\/v2\/rcpo_collections?post=176736"}],"curies":[{"name":"wp","href":"https:\/\/api.w.org\/{rel}","templated":true}]}}