{"id":176701,"date":"2026-04-08T10:35:07","date_gmt":"2026-04-08T09:35:07","guid":{"rendered":"https:\/\/www.godechot-pauliet.com\/non class\u00e9\/boucles-doreilles-chopard-lheure-du-diamant-2\/"},"modified":"2026-04-08T10:35:07","modified_gmt":"2026-04-08T09:35:07","slug":"boucles-doreilles-chopard-lheure-du-diamant-2","status":"publish","type":"product","link":"https:\/\/www.godechot-pauliet.com\/en\/bijoux\/boucles-doreilles\/boucles-doreilles-chopard-lheure-du-diamant-2\/","title":{"rendered":"Chopard L\u2019Heure du Diamant earrings"},"content":{"rendered":"","protected":false},"excerpt":{"rendered":"<p>Boucles d&rsquo;oreilles Chopard en or blanc serties de diamants blancs (5,27 cts.). La collection L\u2019Heure du Diamant nous entra\u00eene sur le chemin magique d&rsquo;un conte pr\u00e9cieux, v\u00e9ritable tourbillon d&rsquo;\u00e9motions. L&rsquo;\u00e9clat sublime des diamants qui ornent les bijoux de cette collection si bien nomm\u00e9e rend un \u00e9blouissant hommage au savoir-faire et au talent des artisans de la Maison.<\/p>","protected":false},"featured_media":0,"template":"","meta":{"_acf_changed":false,"_tbt_post_transparent":"","_tbt_post_title":"","_tbt_post_layout":"","_tbt_post_sidebar_id":"","_tbt_post_content_style":"","_tbt_post_vertical_padding":"","_tbt_post_feature":"","_tbt_post_feature_position":"","_tbt_post_header":false,"_tbt_post_footer":false},"pwb-brand":[427],"product_brand":[],"product_cat":[286,307],"product_tag":[],"bsp_collections":[],"rcpo_collections":[],"class_list":{"0":"post-176701","1":"product","2":"type-product","3":"status-publish","5":"pwb-brand-chopard","6":"product_cat-bijoux","7":"product_cat-boucles-doreilles","9":"first","10":"instock","11":"sold-individually","12":"taxable","13":"shipping-taxable","14":"purchasable","15":"product-type-simple","16":"entry","17":"content-bg","18":"loop-entry"},"acf":[],"brands":[{"id":427,"name":"Chopard","slug":"chopard"}],"_links":{"self":[{"href":"https:\/\/www.godechot-pauliet.com\/en\/wp-json\/wp\/v2\/product\/176701","targetHints":{"allow":["GET"]}}],"collection":[{"href":"https:\/\/www.godechot-pauliet.com\/en\/wp-json\/wp\/v2\/product"}],"about":[{"href":"https:\/\/www.godechot-pauliet.com\/en\/wp-json\/wp\/v2\/types\/product"}],"wp:attachment":[{"href":"https:\/\/www.godechot-pauliet.com\/en\/wp-json\/wp\/v2\/media?parent=176701"}],"wp:term":[{"taxonomy":"pwb-brand","embeddable":true,"href":"https:\/\/www.godechot-pauliet.com\/en\/wp-json\/wp\/v2\/pwb-brand?post=176701"},{"taxonomy":"product_brand","embeddable":true,"href":"https:\/\/www.godechot-pauliet.com\/en\/wp-json\/wp\/v2\/product_brand?post=176701"},{"taxonomy":"product_cat","embeddable":true,"href":"https:\/\/www.godechot-pauliet.com\/en\/wp-json\/wp\/v2\/product_cat?post=176701"},{"taxonomy":"product_tag","embeddable":true,"href":"https:\/\/www.godechot-pauliet.com\/en\/wp-json\/wp\/v2\/product_tag?post=176701"},{"taxonomy":"bsp_collections","embeddable":true,"href":"https:\/\/www.godechot-pauliet.com\/en\/wp-json\/wp\/v2\/bsp_collections?post=176701"},{"taxonomy":"rcpo_collections","embeddable":true,"href":"https:\/\/www.godechot-pauliet.com\/en\/wp-json\/wp\/v2\/rcpo_collections?post=176701"}],"curies":[{"name":"wp","href":"https:\/\/api.w.org\/{rel}","templated":true}]}}