{"id":176484,"date":"2026-04-08T10:21:04","date_gmt":"2026-04-08T09:21:04","guid":{"rendered":"https:\/\/www.godechot-pauliet.com\/non class\u00e9\/bracelet-jonc-messika-move-noa-petit-modele-en-or-blanc-avec-diamants\/"},"modified":"2026-04-08T10:21:04","modified_gmt":"2026-04-08T09:21:04","slug":"bracelet-jonc-messika-move-noa-petit-modele-en-or-blanc-avec-diamants","status":"publish","type":"product","link":"https:\/\/www.godechot-pauliet.com\/en\/bijoux\/bracelets\/bracelet-jonc-messika-move-noa-petit-modele-en-or-blanc-avec-diamants\/","title":{"rendered":"Messika Move Noa Small Model Bangle Bracelet in White Gold with Diamonds"},"content":{"rendered":"<p>Bijou star de la Maison Messika, le bangle bracelet diamant Move Noa se d\u00e9cline dans une version affin\u00e9e et enti\u00e8rement pav\u00e9e en or blanc. Un style et une aura unique qui jouent avec les contrastes : un bijou de luxe \u00e0 la fois ultra-moderne et classique, chic et d\u00e9contract\u00e9, facile \u00e0 porter tout en \u00e9tant un objet d\u2019affirmation. Cette variation tout en diamant et en or blanc apporte la juste touche d\u2019\u00e9clat intemporel \u00e0 votre poignet. Gr\u00e2ce \u00e0 son fermoir int\u00e9gr\u00e9, ce bracelet jonc diamant s\u2019enfile et se retire en un tour de main. Iconique Messika, le motif Move avec ses trois pierres en mouvement habille ce bracelet jonc or diamant de lumi\u00e8re d\u2019un triptyque au symbole fort : pass\u00e9, pr\u00e9sent, futur, c\u00e9l\u00e9brez vos plus beaux instants. Bracelet diamant unisexe, la puret\u00e9 de sa ligne et la musicalit\u00e9 de ses gemmes en mouvement cr\u00e9ent le mix parfait de rock et d\u2019\u00e9l\u00e9gance pour tous.<\/p>","protected":false},"excerpt":{"rendered":"<p>Messika bangle bracelet, small model, in white gold paved with white diamonds with 3 moving diamonds (total carat: 1.45 cts., G\/VS quality). Move Noa collection.<\/p>","protected":false},"featured_media":0,"template":"","meta":{"_acf_changed":false,"_tbt_post_transparent":"","_tbt_post_title":"","_tbt_post_layout":"","_tbt_post_sidebar_id":"","_tbt_post_content_style":"","_tbt_post_vertical_padding":"","_tbt_post_feature":"","_tbt_post_feature_position":"","_tbt_post_header":false,"_tbt_post_footer":false},"pwb-brand":[1299],"product_brand":[],"product_cat":[286,309],"product_tag":[],"bsp_collections":[],"rcpo_collections":[],"class_list":{"0":"post-176484","1":"product","2":"type-product","3":"status-publish","5":"pwb-brand-messika","6":"product_cat-bijoux","7":"product_cat-bracelets","9":"first","10":"outofstock","11":"sold-individually","12":"taxable","13":"shipping-taxable","14":"product-type-variable","15":"entry","16":"content-bg","17":"loop-entry"},"acf":[],"brands":[{"id":1299,"name":"Messika","slug":"messika"}],"_links":{"self":[{"href":"https:\/\/www.godechot-pauliet.com\/en\/wp-json\/wp\/v2\/product\/176484","targetHints":{"allow":["GET"]}}],"collection":[{"href":"https:\/\/www.godechot-pauliet.com\/en\/wp-json\/wp\/v2\/product"}],"about":[{"href":"https:\/\/www.godechot-pauliet.com\/en\/wp-json\/wp\/v2\/types\/product"}],"wp:attachment":[{"href":"https:\/\/www.godechot-pauliet.com\/en\/wp-json\/wp\/v2\/media?parent=176484"}],"wp:term":[{"taxonomy":"pwb-brand","embeddable":true,"href":"https:\/\/www.godechot-pauliet.com\/en\/wp-json\/wp\/v2\/pwb-brand?post=176484"},{"taxonomy":"product_brand","embeddable":true,"href":"https:\/\/www.godechot-pauliet.com\/en\/wp-json\/wp\/v2\/product_brand?post=176484"},{"taxonomy":"product_cat","embeddable":true,"href":"https:\/\/www.godechot-pauliet.com\/en\/wp-json\/wp\/v2\/product_cat?post=176484"},{"taxonomy":"product_tag","embeddable":true,"href":"https:\/\/www.godechot-pauliet.com\/en\/wp-json\/wp\/v2\/product_tag?post=176484"},{"taxonomy":"bsp_collections","embeddable":true,"href":"https:\/\/www.godechot-pauliet.com\/en\/wp-json\/wp\/v2\/bsp_collections?post=176484"},{"taxonomy":"rcpo_collections","embeddable":true,"href":"https:\/\/www.godechot-pauliet.com\/en\/wp-json\/wp\/v2\/rcpo_collections?post=176484"}],"curies":[{"name":"wp","href":"https:\/\/api.w.org\/{rel}","templated":true}]}}