{"id":176478,"date":"2026-04-08T10:20:54","date_gmt":"2026-04-08T09:20:54","guid":{"rendered":"https:\/\/www.godechot-pauliet.com\/non class\u00e9\/boucles-doreilles-messika-lucky-move-petit-modele-diamant-nacre-or-rose\/"},"modified":"2026-04-08T12:21:49","modified_gmt":"2026-04-08T11:21:49","slug":"boucles-doreilles-messika-lucky-move-petit-modele-diamant-nacre-or-rose","status":"publish","type":"product","link":"https:\/\/www.godechot-pauliet.com\/en\/bijoux\/boucles-doreilles\/boucles-doreilles-messika-lucky-move-petit-modele-diamant-nacre-or-rose\/","title":{"rendered":"Messika Lucky Move Small Model Diamond Mother-of-Pearl Rose Gold Earrings"},"content":{"rendered":"<p>R\u00e9interpr\u00e9tation de la m\u00e9daille porte-bonheur, Lucky Move est une collection de joaillerie de luxe que Val\u00e9rie Messika a imagin\u00e9 comme objet d&rsquo;affirmation personnelle. \u00c0 chaque couleur de pierre est associ\u00e9 un mantra. Cette ann\u00e9e, la collection s&rsquo;enrichit de ces boucles d&rsquo;oreilles pendantes en or rose, diamants et nacre blanche. Le reflet iris\u00e9 de la nacre s&rsquo;associe parfaitement avec la chaleur de l\u2019or rose et des diamants pour laisser place \u00e0 un bijou de luxe \u00e9l\u00e9gant et \u00e9clatant. \u00c0 porter sans mod\u00e9ration, sa couleur discr\u00e8te s&rsquo;associera \u00e0 chacune de vos tenues. Vous souhaitez cultiver votre singularit\u00e9 et affirmer vos diff\u00e9rences ? Ces boucles d\u2019oreilles de luxe en nacre blanche sont faites pour vous !<\/p>","protected":false},"excerpt":{"rendered":"<p>Dangling earrings in pink gold, set with mother-of-pearl and diamonds (0.56 ct). Lucky Move collection.<\/p>","protected":false},"featured_media":0,"template":"","meta":{"_acf_changed":false,"_tbt_post_transparent":"","_tbt_post_title":"","_tbt_post_layout":"","_tbt_post_sidebar_id":"","_tbt_post_content_style":"","_tbt_post_vertical_padding":"","_tbt_post_feature":"","_tbt_post_feature_position":"","_tbt_post_header":false,"_tbt_post_footer":false},"pwb-brand":[1299],"product_brand":[],"product_cat":[286,307],"product_tag":[],"bsp_collections":[],"rcpo_collections":[],"class_list":{"0":"post-176478","1":"product","2":"type-product","3":"status-publish","5":"pwb-brand-messika","6":"product_cat-bijoux","7":"product_cat-boucles-doreilles","9":"first","10":"outofstock","11":"sold-individually","12":"taxable","13":"shipping-taxable","14":"purchasable","15":"product-type-simple","16":"entry","17":"content-bg","18":"loop-entry"},"acf":[],"brands":[{"id":1299,"name":"Messika","slug":"messika"}],"_links":{"self":[{"href":"https:\/\/www.godechot-pauliet.com\/en\/wp-json\/wp\/v2\/product\/176478","targetHints":{"allow":["GET"]}}],"collection":[{"href":"https:\/\/www.godechot-pauliet.com\/en\/wp-json\/wp\/v2\/product"}],"about":[{"href":"https:\/\/www.godechot-pauliet.com\/en\/wp-json\/wp\/v2\/types\/product"}],"wp:attachment":[{"href":"https:\/\/www.godechot-pauliet.com\/en\/wp-json\/wp\/v2\/media?parent=176478"}],"wp:term":[{"taxonomy":"pwb-brand","embeddable":true,"href":"https:\/\/www.godechot-pauliet.com\/en\/wp-json\/wp\/v2\/pwb-brand?post=176478"},{"taxonomy":"product_brand","embeddable":true,"href":"https:\/\/www.godechot-pauliet.com\/en\/wp-json\/wp\/v2\/product_brand?post=176478"},{"taxonomy":"product_cat","embeddable":true,"href":"https:\/\/www.godechot-pauliet.com\/en\/wp-json\/wp\/v2\/product_cat?post=176478"},{"taxonomy":"product_tag","embeddable":true,"href":"https:\/\/www.godechot-pauliet.com\/en\/wp-json\/wp\/v2\/product_tag?post=176478"},{"taxonomy":"bsp_collections","embeddable":true,"href":"https:\/\/www.godechot-pauliet.com\/en\/wp-json\/wp\/v2\/bsp_collections?post=176478"},{"taxonomy":"rcpo_collections","embeddable":true,"href":"https:\/\/www.godechot-pauliet.com\/en\/wp-json\/wp\/v2\/rcpo_collections?post=176478"}],"curies":[{"name":"wp","href":"https:\/\/api.w.org\/{rel}","templated":true}]}}