{"id":176426,"date":"2026-04-08T10:18:54","date_gmt":"2026-04-08T09:18:54","guid":{"rendered":"https:\/\/www.godechot-pauliet.com\/non class\u00e9\/mono-boucle-doreille-anita-ko-a-2-rangs-de-diamants-en-or-jaune\/"},"modified":"2026-04-08T12:19:36","modified_gmt":"2026-04-08T11:19:36","slug":"mono-boucle-doreille-anita-ko-a-2-rangs-de-diamants-en-or-jaune","status":"publish","type":"product","link":"https:\/\/www.godechot-pauliet.com\/en\/bijoux\/boucles-doreilles\/mono-boucle-doreille-anita-ko-a-2-rangs-de-diamants-en-or-jaune\/","title":{"rendered":"Anita Ko 2 Row Diamond Mono Earring in Yellow Gold"},"content":{"rendered":"<p>Discover the Anita Ko Mono Earring with 2 rows of Diamonds in Yellow Gold. An elegant and refined jewel that will enhance your outfit in the blink of an eye. Reference AKEC90-YG, this earring signed Anita Ko is set with magnificent white diamonds for a total of 0.25 carat. Let yourself be seduced by its modern and sophisticated design.<\/p>","protected":false},"excerpt":{"rendered":"<p>Manchette d&rsquo;oreille en or jaune 18 carats \u00e0 deux rangs de diamants. 0.25cts de diamants La manchette se glisse sur le c\u00f4t\u00e9 de l&rsquo;oreille. Aucun per\u00e7age n&rsquo;est n\u00e9cessaire.<\/p>\n<p>Montr\u00e9e avec la manchette baguette et diamant, les boucles d&rsquo;oreilles longues et multiformes en diamant et les boucles d&rsquo;oreilles Olympia en diamant.<\/p>","protected":false},"featured_media":0,"template":"","meta":{"_acf_changed":false,"_tbt_post_transparent":"","_tbt_post_title":"","_tbt_post_layout":"","_tbt_post_sidebar_id":"","_tbt_post_content_style":"","_tbt_post_vertical_padding":"","_tbt_post_feature":"","_tbt_post_feature_position":"","_tbt_post_header":false,"_tbt_post_footer":false},"pwb-brand":[311],"product_brand":[],"product_cat":[286,307],"product_tag":[],"bsp_collections":[],"rcpo_collections":[],"class_list":{"0":"post-176426","1":"product","2":"type-product","3":"status-publish","5":"pwb-brand-anita-ko","6":"product_cat-bijoux","7":"product_cat-boucles-doreilles","9":"first","10":"instock","11":"sold-individually","12":"taxable","13":"shipping-taxable","14":"purchasable","15":"product-type-simple","16":"entry","17":"content-bg","18":"loop-entry"},"acf":[],"brands":[{"id":311,"name":"Anita Ko","slug":"anita-ko"}],"_links":{"self":[{"href":"https:\/\/www.godechot-pauliet.com\/en\/wp-json\/wp\/v2\/product\/176426","targetHints":{"allow":["GET"]}}],"collection":[{"href":"https:\/\/www.godechot-pauliet.com\/en\/wp-json\/wp\/v2\/product"}],"about":[{"href":"https:\/\/www.godechot-pauliet.com\/en\/wp-json\/wp\/v2\/types\/product"}],"wp:attachment":[{"href":"https:\/\/www.godechot-pauliet.com\/en\/wp-json\/wp\/v2\/media?parent=176426"}],"wp:term":[{"taxonomy":"pwb-brand","embeddable":true,"href":"https:\/\/www.godechot-pauliet.com\/en\/wp-json\/wp\/v2\/pwb-brand?post=176426"},{"taxonomy":"product_brand","embeddable":true,"href":"https:\/\/www.godechot-pauliet.com\/en\/wp-json\/wp\/v2\/product_brand?post=176426"},{"taxonomy":"product_cat","embeddable":true,"href":"https:\/\/www.godechot-pauliet.com\/en\/wp-json\/wp\/v2\/product_cat?post=176426"},{"taxonomy":"product_tag","embeddable":true,"href":"https:\/\/www.godechot-pauliet.com\/en\/wp-json\/wp\/v2\/product_tag?post=176426"},{"taxonomy":"bsp_collections","embeddable":true,"href":"https:\/\/www.godechot-pauliet.com\/en\/wp-json\/wp\/v2\/bsp_collections?post=176426"},{"taxonomy":"rcpo_collections","embeddable":true,"href":"https:\/\/www.godechot-pauliet.com\/en\/wp-json\/wp\/v2\/rcpo_collections?post=176426"}],"curies":[{"name":"wp","href":"https:\/\/api.w.org\/{rel}","templated":true}]}}