{"id":176406,"date":"2026-04-08T10:18:22","date_gmt":"2026-04-08T09:18:22","guid":{"rendered":"https:\/\/www.godechot-pauliet.com\/non class\u00e9\/bracelet-messika-jonc-diamant-en-or-blanc-move-uno\/"},"modified":"2026-04-08T10:18:22","modified_gmt":"2026-04-08T09:18:22","slug":"bracelet-messika-jonc-diamant-en-or-blanc-move-uno","status":"publish","type":"product","link":"https:\/\/www.godechot-pauliet.com\/en\/bijoux\/bracelets\/bracelet-messika-jonc-diamant-en-or-blanc-move-uno\/","title":{"rendered":"Messika Diamond Bangle Bracelet in White Gold Move Uno"},"content":{"rendered":"<p>Ce bracelet jonc diamant Move Uno flex r\u00e9alis\u00e9 en or blanc s\u2019adaptera avec souplesse \u00e0 votre tour de poignet. Tout en finesse, discret et \u00e9l\u00e9gant, ce jonc d\u2019or se pare sur le dessus du motif signature de la Maison, le Move Uno pav\u00e9 dans lequel un diamant bouge d\u00e9licatement au gr\u00e9 des mouvements. A porter en toute occasion,ce bijou de luxe se porte aussi bien seul, soulignant sa d\u00e9licate \u00e9l\u00e9gance, ou en accumulation avec d&rsquo;autres bracelets Messika pour un effet plus rock boh\u00e8me. L\u2019or blanc s\u2019accorde merveilleusement aux pr\u00e9cieuses gemmes et renforce cette sensation de diamant en mouvement. Son petit plus ? Un fermoir astucieux dissimul\u00e9 sous le motif Move facile \u00e0 manipuler.<\/p>","protected":false},"excerpt":{"rendered":"<p>Bracelet in Rose Gold set with Diamond (0.18 ct), Move Uno collection<\/p>","protected":false},"featured_media":0,"template":"","meta":{"_acf_changed":false,"_tbt_post_transparent":"","_tbt_post_title":"","_tbt_post_layout":"","_tbt_post_sidebar_id":"","_tbt_post_content_style":"","_tbt_post_vertical_padding":"","_tbt_post_feature":"","_tbt_post_feature_position":"","_tbt_post_header":false,"_tbt_post_footer":false},"pwb-brand":[1299],"product_brand":[],"product_cat":[286,309],"product_tag":[],"bsp_collections":[],"rcpo_collections":[],"class_list":{"0":"post-176406","1":"product","2":"type-product","3":"status-publish","5":"pwb-brand-messika","6":"product_cat-bijoux","7":"product_cat-bracelets","9":"first","10":"outofstock","11":"sold-individually","12":"taxable","13":"shipping-taxable","14":"product-type-variable","15":"entry","16":"content-bg","17":"loop-entry"},"acf":[],"brands":[{"id":1299,"name":"Messika","slug":"messika"}],"_links":{"self":[{"href":"https:\/\/www.godechot-pauliet.com\/en\/wp-json\/wp\/v2\/product\/176406","targetHints":{"allow":["GET"]}}],"collection":[{"href":"https:\/\/www.godechot-pauliet.com\/en\/wp-json\/wp\/v2\/product"}],"about":[{"href":"https:\/\/www.godechot-pauliet.com\/en\/wp-json\/wp\/v2\/types\/product"}],"wp:attachment":[{"href":"https:\/\/www.godechot-pauliet.com\/en\/wp-json\/wp\/v2\/media?parent=176406"}],"wp:term":[{"taxonomy":"pwb-brand","embeddable":true,"href":"https:\/\/www.godechot-pauliet.com\/en\/wp-json\/wp\/v2\/pwb-brand?post=176406"},{"taxonomy":"product_brand","embeddable":true,"href":"https:\/\/www.godechot-pauliet.com\/en\/wp-json\/wp\/v2\/product_brand?post=176406"},{"taxonomy":"product_cat","embeddable":true,"href":"https:\/\/www.godechot-pauliet.com\/en\/wp-json\/wp\/v2\/product_cat?post=176406"},{"taxonomy":"product_tag","embeddable":true,"href":"https:\/\/www.godechot-pauliet.com\/en\/wp-json\/wp\/v2\/product_tag?post=176406"},{"taxonomy":"bsp_collections","embeddable":true,"href":"https:\/\/www.godechot-pauliet.com\/en\/wp-json\/wp\/v2\/bsp_collections?post=176406"},{"taxonomy":"rcpo_collections","embeddable":true,"href":"https:\/\/www.godechot-pauliet.com\/en\/wp-json\/wp\/v2\/rcpo_collections?post=176406"}],"curies":[{"name":"wp","href":"https:\/\/api.w.org\/{rel}","templated":true}]}}