{"id":176299,"date":"2026-04-08T10:14:08","date_gmt":"2026-04-08T09:14:08","guid":{"rendered":"https:\/\/www.godechot-pauliet.com\/non class\u00e9\/collier-pasquale-bruni-sautoir-bon-ton-dolce-vita\/"},"modified":"2026-04-08T12:14:29","modified_gmt":"2026-04-08T11:14:29","slug":"collier-pasquale-bruni-sautoir-bon-ton-dolce-vita","status":"publish","type":"product","link":"https:\/\/www.godechot-pauliet.com\/en\/bijoux\/colliers\/collier-pasquale-bruni-sautoir-bon-ton-dolce-vita\/","title":{"rendered":"Pasquale Bruni Necklace Bon Ton Dolce Vita Long Necklace"},"content":{"rendered":"<p>La fleur \u00e0 cinq p\u00e9tales repr\u00e9sente l\u2019ic\u00f4ne de la Maison et \u00e9voque une femme au style de vie \u00e9l\u00e9gant, harmonieux et sophistiqu\u00e9.<br \/>\nLa collection Bon Ton, dont cette fleur est le symbole, s\u2019est adapt\u00e9e, aux c\u00f4t\u00e9s des femmes, aux temps et \u00e0 la soci\u00e9t\u00e9 en constante \u00e9volution, sans pour autant sacrifier la simplicit\u00e9 et la gr\u00e2ce inn\u00e9e de son embl\u00e8me. La taille brevet\u00e9e \u00ab Bon Ton \u00bb des pierres pr\u00e9sente des p\u00e9tales facett\u00e9s et souples culminant en un pistil cabochon au c\u0153ur du bijou.<br \/>\nUne collection qui a su se r\u00e9inventer, tout en conservant son identit\u00e9 au fil des ann\u00e9es.<\/p>\n<p>La collection Bon Ton \u00ab Dolce Vita \u00bb, naturellement romantique, mais aussi informelle et contemporaine, est un hommage \u00e0 la M\u00e8re Nature et aux femmes, une sublime expression de la cr\u00e9ativit\u00e9 d\u2019Eugenia Bruni. Le nom Dolce Vita honore l\u2019amour pour notre pays, notre style de vie et notre \u00e9l\u00e9gance spontan\u00e9e, tout en \u00e9voquant cette douceur qui devrait toujours faire partie de la vie d\u2019une femme.<\/p>\n<p>La prasiolite est une pierre pure, sophistiqu\u00e9e et noble. Verte et fra\u00eeche, elle est li\u00e9e au chakra du c\u0153ur. Le 4\u00e8me Chakra peut \u00eatre d\u00e9crit en un mot : amour. Amour inconditionnel et sentiment d&rsquo;union avec l&rsquo;univers. Il est transparent, vibrant et lumineux. Son \u00e9nergie se ressent imm\u00e9diatement.<br \/>\nLe Quartz Lact\u00e9 est la pierre de la sensualit\u00e9 et de la blancheur lunaire, de la f\u00e9minit\u00e9. Son \u00e9l\u00e9ment correspondant est l&rsquo;Eau et donc la sph\u00e8re des \u00e9motions. C&rsquo;est une pierre protectrice et apaisante.<\/p>","protected":false},"excerpt":{"rendered":"<p>Bon Ton Dolce Vita Multi Chain Pasquale Bruni Necklace in 18K Rose Gold with Prasiolite, Milky Quartz and Diamonds<\/p>","protected":false},"featured_media":0,"template":"","meta":{"_acf_changed":false,"_tbt_post_transparent":"","_tbt_post_title":"","_tbt_post_layout":"","_tbt_post_sidebar_id":"","_tbt_post_content_style":"","_tbt_post_vertical_padding":"","_tbt_post_feature":"","_tbt_post_feature_position":"","_tbt_post_header":false,"_tbt_post_footer":false},"pwb-brand":[367],"product_brand":[],"product_cat":[286,308],"product_tag":[],"bsp_collections":[],"rcpo_collections":[],"class_list":{"0":"post-176299","1":"product","2":"type-product","3":"status-publish","5":"pwb-brand-pasquale-bruni","6":"product_cat-bijoux","7":"product_cat-colliers","9":"first","10":"instock","11":"sold-individually","12":"taxable","13":"shipping-taxable","14":"purchasable","15":"product-type-simple","16":"entry","17":"content-bg","18":"loop-entry"},"acf":[],"brands":[{"id":367,"name":"Pasquale Bruni","slug":"pasquale-bruni"}],"_links":{"self":[{"href":"https:\/\/www.godechot-pauliet.com\/en\/wp-json\/wp\/v2\/product\/176299","targetHints":{"allow":["GET"]}}],"collection":[{"href":"https:\/\/www.godechot-pauliet.com\/en\/wp-json\/wp\/v2\/product"}],"about":[{"href":"https:\/\/www.godechot-pauliet.com\/en\/wp-json\/wp\/v2\/types\/product"}],"wp:attachment":[{"href":"https:\/\/www.godechot-pauliet.com\/en\/wp-json\/wp\/v2\/media?parent=176299"}],"wp:term":[{"taxonomy":"pwb-brand","embeddable":true,"href":"https:\/\/www.godechot-pauliet.com\/en\/wp-json\/wp\/v2\/pwb-brand?post=176299"},{"taxonomy":"product_brand","embeddable":true,"href":"https:\/\/www.godechot-pauliet.com\/en\/wp-json\/wp\/v2\/product_brand?post=176299"},{"taxonomy":"product_cat","embeddable":true,"href":"https:\/\/www.godechot-pauliet.com\/en\/wp-json\/wp\/v2\/product_cat?post=176299"},{"taxonomy":"product_tag","embeddable":true,"href":"https:\/\/www.godechot-pauliet.com\/en\/wp-json\/wp\/v2\/product_tag?post=176299"},{"taxonomy":"bsp_collections","embeddable":true,"href":"https:\/\/www.godechot-pauliet.com\/en\/wp-json\/wp\/v2\/bsp_collections?post=176299"},{"taxonomy":"rcpo_collections","embeddable":true,"href":"https:\/\/www.godechot-pauliet.com\/en\/wp-json\/wp\/v2\/rcpo_collections?post=176299"}],"curies":[{"name":"wp","href":"https:\/\/api.w.org\/{rel}","templated":true}]}}