{"id":176241,"date":"2026-04-08T03:19:15","date_gmt":"2026-04-08T02:19:15","guid":{"rendered":"https:\/\/www.godechot-pauliet.com\/non class\u00e9\/boucle-doreille-anita-ko-safety-pin-gauche-en-or-blanc-et-pavee-diamants\/"},"modified":"2026-04-08T03:19:15","modified_gmt":"2026-04-08T02:19:15","slug":"boucle-doreille-anita-ko-safety-pin-gauche-en-or-blanc-et-pavee-diamants","status":"publish","type":"product","link":"https:\/\/www.godechot-pauliet.com\/en\/bijoux\/boucles-doreilles\/boucle-doreille-anita-ko-safety-pin-gauche-en-or-blanc-et-pavee-diamants\/","title":{"rendered":"Anita Ko Safety Pin Left Earring in White Gold and Paved Diamonds"},"content":{"rendered":"<p>Discover the Anita Ko Safety Pin Straight Earring in White Gold and Paved with Diamonds. This unique piece from the Safety Pin collection is an elegant and refined jewel for modern women. Made of white gold, it is set with white diamonds with a total carat weight of 0.46. Let yourself be seduced by its chic and bold design that will bring a touch of sparkle to your outfit. Treat yourself to this exceptional jewel on the official website of the Anita Ko brand.<\/p>","protected":false},"excerpt":{"rendered":"<p>Boucles d&rsquo;oreilles Safety Pin en or blanc 18 carats avec diamants pav\u00e9s (0.46cts)<br \/>\nL&rsquo;\u00e9pingle \u00e0 nourrice est orn\u00e9e de diamants d&rsquo;un c\u00f4t\u00e9. Choisissez le c\u00f4t\u00e9 de l&rsquo;oreille sur lequel vous souhaitez la porter afin que plus de diamants soient visibles vers l&rsquo;avant. Elle s&rsquo;ouvre et se ferme comme une \u00e9pingle \u00e0 nourrice classique.<br \/>\nVendue \u00e0 l&rsquo;unit\u00e9. Disponible pour le c\u00f4t\u00e9 GAUCHE ou DROIT.<\/p>","protected":false},"featured_media":0,"template":"","meta":{"_acf_changed":false,"_tbt_post_transparent":"","_tbt_post_title":"","_tbt_post_layout":"","_tbt_post_sidebar_id":"","_tbt_post_content_style":"","_tbt_post_vertical_padding":"","_tbt_post_feature":"","_tbt_post_feature_position":"","_tbt_post_header":false,"_tbt_post_footer":false},"pwb-brand":[311],"product_brand":[],"product_cat":[286,307],"product_tag":[],"bsp_collections":[],"rcpo_collections":[],"class_list":{"0":"post-176241","1":"product","2":"type-product","3":"status-publish","5":"pwb-brand-anita-ko","6":"product_cat-bijoux","7":"product_cat-boucles-doreilles","9":"first","10":"outofstock","11":"sold-individually","12":"taxable","13":"shipping-taxable","14":"product-type-variable","15":"entry","16":"content-bg","17":"loop-entry"},"acf":[],"brands":[{"id":311,"name":"Anita Ko","slug":"anita-ko"}],"_links":{"self":[{"href":"https:\/\/www.godechot-pauliet.com\/en\/wp-json\/wp\/v2\/product\/176241","targetHints":{"allow":["GET"]}}],"collection":[{"href":"https:\/\/www.godechot-pauliet.com\/en\/wp-json\/wp\/v2\/product"}],"about":[{"href":"https:\/\/www.godechot-pauliet.com\/en\/wp-json\/wp\/v2\/types\/product"}],"wp:attachment":[{"href":"https:\/\/www.godechot-pauliet.com\/en\/wp-json\/wp\/v2\/media?parent=176241"}],"wp:term":[{"taxonomy":"pwb-brand","embeddable":true,"href":"https:\/\/www.godechot-pauliet.com\/en\/wp-json\/wp\/v2\/pwb-brand?post=176241"},{"taxonomy":"product_brand","embeddable":true,"href":"https:\/\/www.godechot-pauliet.com\/en\/wp-json\/wp\/v2\/product_brand?post=176241"},{"taxonomy":"product_cat","embeddable":true,"href":"https:\/\/www.godechot-pauliet.com\/en\/wp-json\/wp\/v2\/product_cat?post=176241"},{"taxonomy":"product_tag","embeddable":true,"href":"https:\/\/www.godechot-pauliet.com\/en\/wp-json\/wp\/v2\/product_tag?post=176241"},{"taxonomy":"bsp_collections","embeddable":true,"href":"https:\/\/www.godechot-pauliet.com\/en\/wp-json\/wp\/v2\/bsp_collections?post=176241"},{"taxonomy":"rcpo_collections","embeddable":true,"href":"https:\/\/www.godechot-pauliet.com\/en\/wp-json\/wp\/v2\/rcpo_collections?post=176241"}],"curies":[{"name":"wp","href":"https:\/\/api.w.org\/{rel}","templated":true}]}}