{"id":176212,"date":"2026-04-08T03:18:26","date_gmt":"2026-04-08T02:18:26","guid":{"rendered":"https:\/\/www.godechot-pauliet.com\/non class\u00e9\/collier-lucky-eye-or-jaune-diamants-et-machite\/"},"modified":"2026-04-08T12:10:55","modified_gmt":"2026-04-08T11:10:55","slug":"collier-lucky-eye-or-jaune-diamants-et-machite","status":"publish","type":"product","link":"https:\/\/www.godechot-pauliet.com\/en\/bijoux\/colliers\/collier-lucky-eye-or-jaune-diamants-et-machite\/","title":{"rendered":"Lucky Eye Yellow Gold Diamond and Machite Necklace"},"content":{"rendered":"<p>Val\u00e9rie Messika pimente la collection de joaillerie porte-bonheur Lucky Eye avec de la couleur en alliant le vert intense de la malachite \u00e0 l\u2019\u00e9clat du diamant et \u00e0 la chaleur de l\u2019or jaune. Ce collier or et diamant \u00e0 l&rsquo;allure boh\u00e8me-chic se porte seul ou en superposition d&rsquo;autres bijoux diamant Messika pour plus d&rsquo;audace. Il se distingue par son \u0153il stylis\u00e9 aux courbes graphiques. Son petit plus ? Sa cha\u00eene r\u00e9glable est agr\u00e9ment\u00e9e de diamants sertis pour un rendu d\u00e9licat et pr\u00e9cieux.<\/p>","protected":false},"excerpt":{"rendered":"<p>Yellow gold necklace set with diamonds (0.345 ct) and malachite from the Lucky Eye collection.<\/p>","protected":false},"featured_media":0,"template":"","meta":{"_acf_changed":false,"_tbt_post_transparent":"","_tbt_post_title":"","_tbt_post_layout":"","_tbt_post_sidebar_id":"","_tbt_post_content_style":"","_tbt_post_vertical_padding":"","_tbt_post_feature":"","_tbt_post_feature_position":"","_tbt_post_header":false,"_tbt_post_footer":false},"pwb-brand":[1299],"product_brand":[],"product_cat":[286,308],"product_tag":[],"bsp_collections":[],"rcpo_collections":[],"class_list":{"0":"post-176212","1":"product","2":"type-product","3":"status-publish","5":"pwb-brand-messika","6":"product_cat-bijoux","7":"product_cat-colliers","9":"first","10":"outofstock","11":"sold-individually","12":"taxable","13":"shipping-taxable","14":"purchasable","15":"product-type-simple","16":"entry","17":"content-bg","18":"loop-entry"},"acf":[],"brands":[{"id":1299,"name":"Messika","slug":"messika"}],"_links":{"self":[{"href":"https:\/\/www.godechot-pauliet.com\/en\/wp-json\/wp\/v2\/product\/176212","targetHints":{"allow":["GET"]}}],"collection":[{"href":"https:\/\/www.godechot-pauliet.com\/en\/wp-json\/wp\/v2\/product"}],"about":[{"href":"https:\/\/www.godechot-pauliet.com\/en\/wp-json\/wp\/v2\/types\/product"}],"wp:attachment":[{"href":"https:\/\/www.godechot-pauliet.com\/en\/wp-json\/wp\/v2\/media?parent=176212"}],"wp:term":[{"taxonomy":"pwb-brand","embeddable":true,"href":"https:\/\/www.godechot-pauliet.com\/en\/wp-json\/wp\/v2\/pwb-brand?post=176212"},{"taxonomy":"product_brand","embeddable":true,"href":"https:\/\/www.godechot-pauliet.com\/en\/wp-json\/wp\/v2\/product_brand?post=176212"},{"taxonomy":"product_cat","embeddable":true,"href":"https:\/\/www.godechot-pauliet.com\/en\/wp-json\/wp\/v2\/product_cat?post=176212"},{"taxonomy":"product_tag","embeddable":true,"href":"https:\/\/www.godechot-pauliet.com\/en\/wp-json\/wp\/v2\/product_tag?post=176212"},{"taxonomy":"bsp_collections","embeddable":true,"href":"https:\/\/www.godechot-pauliet.com\/en\/wp-json\/wp\/v2\/bsp_collections?post=176212"},{"taxonomy":"rcpo_collections","embeddable":true,"href":"https:\/\/www.godechot-pauliet.com\/en\/wp-json\/wp\/v2\/rcpo_collections?post=176212"}],"curies":[{"name":"wp","href":"https:\/\/api.w.org\/{rel}","templated":true}]}}