{"id":176196,"date":"2026-04-08T03:16:47","date_gmt":"2026-04-08T02:16:47","guid":{"rendered":"https:\/\/www.godechot-pauliet.com\/non class\u00e9\/bague-messika-diamant-or-rose-d-vibes-petit-modele\/"},"modified":"2026-04-08T03:16:47","modified_gmt":"2026-04-08T02:16:47","slug":"bague-messika-diamant-or-rose-d-vibes-petit-modele","status":"publish","type":"product","link":"https:\/\/www.godechot-pauliet.com\/en\/bijoux\/bagues\/bague-messika-diamant-or-rose-d-vibes-petit-modele\/","title":{"rendered":"Messika Diamond Ring Rose Gold D-Vibes Small Model"},"content":{"rendered":"<p>\u00ab D \u00bb pour une ode au diamant, la pierre de pr\u00e9dilection de Val\u00e9rie Messika et \u00ab Vibes \u00bb, qui \u00e9voque le mouvement, la cadence, comme sur une partition de musique sur laquelle alternent les notes. Sur la bague D-Vibes, cela se traduit par un rythme al\u00e9atoire de pastille d&rsquo;or et diamants scintillants. Un rendu graphique qui r\u00e9v\u00e8le l\u2019\u00e9clat unique de chaque diamant. Une bague \u00e0 fleur de peau aussi symbolique qu&rsquo;un tatouage pr\u00e9cieux. Un bijou de luxe \u00e0 porter seul ou en accumulation avec ses variantes en or jaune et en or blanc.<\/p>","protected":false},"excerpt":{"rendered":"<p>D-Vibes ring in rose gold set with diamonds (0.22 G\/VS). Enhanced by a fine 18-carat gold rim, the precious diamonds follow one another with gold pastilles.<\/p>","protected":false},"featured_media":0,"template":"","meta":{"_acf_changed":false,"_tbt_post_transparent":"","_tbt_post_title":"","_tbt_post_layout":"","_tbt_post_sidebar_id":"","_tbt_post_content_style":"","_tbt_post_vertical_padding":"","_tbt_post_feature":"","_tbt_post_feature_position":"","_tbt_post_header":false,"_tbt_post_footer":false},"pwb-brand":[1299],"product_brand":[],"product_cat":[310,286],"product_tag":[],"bsp_collections":[],"rcpo_collections":[],"class_list":{"0":"post-176196","1":"product","2":"type-product","3":"status-publish","5":"pwb-brand-messika","6":"product_cat-bagues","7":"product_cat-bijoux","9":"first","10":"outofstock","11":"sold-individually","12":"taxable","13":"shipping-taxable","14":"product-type-variable","15":"entry","16":"content-bg","17":"loop-entry"},"acf":[],"brands":[{"id":1299,"name":"Messika","slug":"messika"}],"_links":{"self":[{"href":"https:\/\/www.godechot-pauliet.com\/en\/wp-json\/wp\/v2\/product\/176196","targetHints":{"allow":["GET"]}}],"collection":[{"href":"https:\/\/www.godechot-pauliet.com\/en\/wp-json\/wp\/v2\/product"}],"about":[{"href":"https:\/\/www.godechot-pauliet.com\/en\/wp-json\/wp\/v2\/types\/product"}],"wp:attachment":[{"href":"https:\/\/www.godechot-pauliet.com\/en\/wp-json\/wp\/v2\/media?parent=176196"}],"wp:term":[{"taxonomy":"pwb-brand","embeddable":true,"href":"https:\/\/www.godechot-pauliet.com\/en\/wp-json\/wp\/v2\/pwb-brand?post=176196"},{"taxonomy":"product_brand","embeddable":true,"href":"https:\/\/www.godechot-pauliet.com\/en\/wp-json\/wp\/v2\/product_brand?post=176196"},{"taxonomy":"product_cat","embeddable":true,"href":"https:\/\/www.godechot-pauliet.com\/en\/wp-json\/wp\/v2\/product_cat?post=176196"},{"taxonomy":"product_tag","embeddable":true,"href":"https:\/\/www.godechot-pauliet.com\/en\/wp-json\/wp\/v2\/product_tag?post=176196"},{"taxonomy":"bsp_collections","embeddable":true,"href":"https:\/\/www.godechot-pauliet.com\/en\/wp-json\/wp\/v2\/bsp_collections?post=176196"},{"taxonomy":"rcpo_collections","embeddable":true,"href":"https:\/\/www.godechot-pauliet.com\/en\/wp-json\/wp\/v2\/rcpo_collections?post=176196"}],"curies":[{"name":"wp","href":"https:\/\/api.w.org\/{rel}","templated":true}]}}