{"id":176026,"date":"2026-04-08T03:10:27","date_gmt":"2026-04-08T02:10:27","guid":{"rendered":"https:\/\/www.godechot-pauliet.com\/non class\u00e9\/boucles-doreilles-messika-my-twin-en-or-rose-avec-diamant\/"},"modified":"2026-04-08T12:03:39","modified_gmt":"2026-04-08T11:03:39","slug":"boucles-doreilles-messika-my-twin-en-or-rose-avec-diamant","status":"publish","type":"product","link":"https:\/\/www.godechot-pauliet.com\/en\/bijoux\/boucles-doreilles\/boucles-doreilles-messika-my-twin-en-or-rose-avec-diamant\/","title":{"rendered":"Messika My Twin Rose Gold Earrings with Diamond"},"content":{"rendered":"<p>Audace, cr\u00e9ativit\u00e9 et modernit\u00e9 sont les ma\u00eetres mots de la collection de joaillerie de luxe My Twin. Val\u00e9rie Messika r\u00e9interpr\u00e8te les boucles d\u2019oreilles femme traditionnelles pour un port\u00e9 tendance et asym\u00e9trique. Cette paire en or rose est compos\u00e9e de deux boucles d&rsquo;oreilles or et diamant \u00e0 porter en paire ou s\u00e9par\u00e9ment. Sur l&rsquo;oreille droite, une puce d&rsquo;oreille avec un diamant taille \u00e9meraude de 0,20 carat. Sur l&rsquo;oreille gauche, une boucle d&rsquo;oreille, faite de deux diamants de 0,20 carat \u00e9galement, l&rsquo;un taille \u00e9meraude, le second taille poire. Ils remontent de fa\u00e7on invisible le long du lobe pour donner l&rsquo;illusion d&rsquo;un double piercing. C&rsquo;est l\u00e0 toute la magie de Messika !<\/p>","protected":false},"excerpt":{"rendered":"<p>Messika My Twin earrings to mismatch in pink gold and diamond.<\/p>","protected":false},"featured_media":0,"template":"","meta":{"_acf_changed":false,"_tbt_post_transparent":"","_tbt_post_title":"","_tbt_post_layout":"","_tbt_post_sidebar_id":"","_tbt_post_content_style":"","_tbt_post_vertical_padding":"","_tbt_post_feature":"","_tbt_post_feature_position":"","_tbt_post_header":false,"_tbt_post_footer":false},"pwb-brand":[1299],"product_brand":[],"product_cat":[286,307],"product_tag":[],"bsp_collections":[],"rcpo_collections":[],"class_list":{"0":"post-176026","1":"product","2":"type-product","3":"status-publish","5":"pwb-brand-messika","6":"product_cat-bijoux","7":"product_cat-boucles-doreilles","9":"first","10":"instock","11":"sold-individually","12":"taxable","13":"shipping-taxable","14":"purchasable","15":"product-type-simple","16":"entry","17":"content-bg","18":"loop-entry"},"acf":[],"brands":[{"id":1299,"name":"Messika","slug":"messika"}],"_links":{"self":[{"href":"https:\/\/www.godechot-pauliet.com\/en\/wp-json\/wp\/v2\/product\/176026","targetHints":{"allow":["GET"]}}],"collection":[{"href":"https:\/\/www.godechot-pauliet.com\/en\/wp-json\/wp\/v2\/product"}],"about":[{"href":"https:\/\/www.godechot-pauliet.com\/en\/wp-json\/wp\/v2\/types\/product"}],"wp:attachment":[{"href":"https:\/\/www.godechot-pauliet.com\/en\/wp-json\/wp\/v2\/media?parent=176026"}],"wp:term":[{"taxonomy":"pwb-brand","embeddable":true,"href":"https:\/\/www.godechot-pauliet.com\/en\/wp-json\/wp\/v2\/pwb-brand?post=176026"},{"taxonomy":"product_brand","embeddable":true,"href":"https:\/\/www.godechot-pauliet.com\/en\/wp-json\/wp\/v2\/product_brand?post=176026"},{"taxonomy":"product_cat","embeddable":true,"href":"https:\/\/www.godechot-pauliet.com\/en\/wp-json\/wp\/v2\/product_cat?post=176026"},{"taxonomy":"product_tag","embeddable":true,"href":"https:\/\/www.godechot-pauliet.com\/en\/wp-json\/wp\/v2\/product_tag?post=176026"},{"taxonomy":"bsp_collections","embeddable":true,"href":"https:\/\/www.godechot-pauliet.com\/en\/wp-json\/wp\/v2\/bsp_collections?post=176026"},{"taxonomy":"rcpo_collections","embeddable":true,"href":"https:\/\/www.godechot-pauliet.com\/en\/wp-json\/wp\/v2\/rcpo_collections?post=176026"}],"curies":[{"name":"wp","href":"https:\/\/api.w.org\/{rel}","templated":true}]}}