{"id":176014,"date":"2026-04-08T03:10:07","date_gmt":"2026-04-08T02:10:07","guid":{"rendered":"https:\/\/www.godechot-pauliet.com\/non class\u00e9\/boucles-doreilles-messika-my-twin-en-or-jaune-avec-diamant\/"},"modified":"2026-04-08T12:02:39","modified_gmt":"2026-04-08T11:02:39","slug":"boucles-doreilles-messika-my-twin-en-or-jaune-avec-diamant","status":"publish","type":"product","link":"https:\/\/www.godechot-pauliet.com\/en\/bijoux\/boucles-doreilles\/boucles-doreilles-messika-my-twin-en-or-jaune-avec-diamant\/","title":{"rendered":"Messika My Twin Earrings in Yellow Gold with Diamond"},"content":{"rendered":"<p>Une cr\u00e9ation de joaillerie de luxe moderne compos\u00e9e de deux boucles d\u2019oreilles en totale asym\u00e9trie, o\u00f9 se r\u00e9pondent des diamants taille poire et taille \u00e9meraude &#8211; signature de la collection My Twin &#8211; de 0,20 carat chacun. Sur le lobe gauche, une double boucle d\u2019oreille avec un premier diamant taille \u00e9meraude au centre et un second sur le c\u00f4t\u00e9 taille poire, qui donnent l&rsquo;illusion d&rsquo;un double piercing. Sur le lobe droit, une puce d\u2019oreille avec un troisi\u00e8me diamant taille \u00e9meraude qui habille l&rsquo;oreille en toute simplicit\u00e9. Pour un rendu d&rsquo;autant plus \u00e9l\u00e9gant, chaque pierre est entour\u00e9e d&rsquo;un halo de diamants d\u00e9licatement sertis. Cette interpr\u00e9tation en or jaune accentue d&rsquo;autant plus le contraste des diff\u00e9rentes tailles et met en valeur la brillance des diamants Messika.<\/p>","protected":false},"excerpt":{"rendered":"<p>Messika My Twin earrings to mismatch in yellow gold and diamond.<\/p>","protected":false},"featured_media":0,"template":"","meta":{"_acf_changed":false,"_tbt_post_transparent":"","_tbt_post_title":"","_tbt_post_layout":"","_tbt_post_sidebar_id":"","_tbt_post_content_style":"","_tbt_post_vertical_padding":"","_tbt_post_feature":"","_tbt_post_feature_position":"","_tbt_post_header":false,"_tbt_post_footer":false},"pwb-brand":[1299],"product_brand":[],"product_cat":[286,307],"product_tag":[],"bsp_collections":[],"rcpo_collections":[],"class_list":{"0":"post-176014","1":"product","2":"type-product","3":"status-publish","5":"pwb-brand-messika","6":"product_cat-bijoux","7":"product_cat-boucles-doreilles","9":"first","10":"outofstock","11":"sold-individually","12":"taxable","13":"shipping-taxable","14":"purchasable","15":"product-type-simple","16":"entry","17":"content-bg","18":"loop-entry"},"acf":[],"brands":[{"id":1299,"name":"Messika","slug":"messika"}],"_links":{"self":[{"href":"https:\/\/www.godechot-pauliet.com\/en\/wp-json\/wp\/v2\/product\/176014","targetHints":{"allow":["GET"]}}],"collection":[{"href":"https:\/\/www.godechot-pauliet.com\/en\/wp-json\/wp\/v2\/product"}],"about":[{"href":"https:\/\/www.godechot-pauliet.com\/en\/wp-json\/wp\/v2\/types\/product"}],"wp:attachment":[{"href":"https:\/\/www.godechot-pauliet.com\/en\/wp-json\/wp\/v2\/media?parent=176014"}],"wp:term":[{"taxonomy":"pwb-brand","embeddable":true,"href":"https:\/\/www.godechot-pauliet.com\/en\/wp-json\/wp\/v2\/pwb-brand?post=176014"},{"taxonomy":"product_brand","embeddable":true,"href":"https:\/\/www.godechot-pauliet.com\/en\/wp-json\/wp\/v2\/product_brand?post=176014"},{"taxonomy":"product_cat","embeddable":true,"href":"https:\/\/www.godechot-pauliet.com\/en\/wp-json\/wp\/v2\/product_cat?post=176014"},{"taxonomy":"product_tag","embeddable":true,"href":"https:\/\/www.godechot-pauliet.com\/en\/wp-json\/wp\/v2\/product_tag?post=176014"},{"taxonomy":"bsp_collections","embeddable":true,"href":"https:\/\/www.godechot-pauliet.com\/en\/wp-json\/wp\/v2\/bsp_collections?post=176014"},{"taxonomy":"rcpo_collections","embeddable":true,"href":"https:\/\/www.godechot-pauliet.com\/en\/wp-json\/wp\/v2\/rcpo_collections?post=176014"}],"curies":[{"name":"wp","href":"https:\/\/api.w.org\/{rel}","templated":true}]}}