{"id":176006,"date":"2026-04-08T03:09:54","date_gmt":"2026-04-08T02:09:54","guid":{"rendered":"https:\/\/www.godechot-pauliet.com\/non class\u00e9\/boucles-doreilles-messika-diamant-en-or-blanc-so-move\/"},"modified":"2026-04-08T03:09:54","modified_gmt":"2026-04-08T02:09:54","slug":"boucles-doreilles-messika-diamant-en-or-blanc-so-move","status":"publish","type":"product","link":"https:\/\/www.godechot-pauliet.com\/en\/bijoux\/boucles-doreilles\/boucles-doreilles-messika-diamant-en-or-blanc-so-move\/","title":{"rendered":"Messika Earrings, Diamond in White Gold So Move"},"content":{"rendered":"<p>Modernes et audacieuses, ces boucles d\u2019oreilles diamant en or 18 carats sont \u00e0 porter en toutes occasions. Dans cette version, la douceur de l\u2019or blanc se marie parfaitement aux diamants pour r\u00e9v\u00e9ler leur \u00e9clat. Les lignes fortes et le design affirm\u00e9 de cette cr\u00e9ation r\u00e9inventent l&rsquo;iconique Move de Messika. Code embl\u00e9matique devenu signature de la Maison, le diamant mobile se d\u00e9cline ici dans une version d&rsquo;autant plus resplendissante : il est entour\u00e9 d&rsquo;un pavage de diamants \u00e9clatants. \u00c9quilibre parfait entre intemporalit\u00e9 et originalit\u00e9, les boucles d\u2019oreilles de luxe So Move sont de futurs incontournables de la bo\u00eete \u00e0 bijoux !<\/p>","protected":false},"excerpt":{"rendered":"<p>Boucle d&rsquo;oreille Messika en or blanc avec diamant blanc. Collection So Move. Modernes et audacieuses, ces boucles d\u2019oreilles en or 18 carats sont \u00e0 porter en toutes occasions. Le diamant mobile entour\u00e9 d&rsquo;un pavage de diamants \u00e9clatants r\u00e9v\u00e8le tout son \u00e9clat. Un \u00e9quilibre parfait entre intemporalit\u00e9 et originalit\u00e9. Un bijou de luxe incontournable sign\u00e9 Maison Messika.<\/p>","protected":false},"featured_media":0,"template":"","meta":{"_acf_changed":false,"_tbt_post_transparent":"","_tbt_post_title":"","_tbt_post_layout":"","_tbt_post_sidebar_id":"","_tbt_post_content_style":"","_tbt_post_vertical_padding":"","_tbt_post_feature":"","_tbt_post_feature_position":"","_tbt_post_header":false,"_tbt_post_footer":false},"pwb-brand":[1299],"product_brand":[],"product_cat":[286,307],"product_tag":[],"bsp_collections":[],"rcpo_collections":[],"class_list":{"0":"post-176006","1":"product","2":"type-product","3":"status-publish","5":"pwb-brand-messika","6":"product_cat-bijoux","7":"product_cat-boucles-doreilles","9":"first","10":"instock","11":"sold-individually","12":"taxable","13":"shipping-taxable","14":"product-type-simple","15":"entry","16":"content-bg","17":"loop-entry"},"acf":[],"brands":[{"id":1299,"name":"Messika","slug":"messika"}],"_links":{"self":[{"href":"https:\/\/www.godechot-pauliet.com\/en\/wp-json\/wp\/v2\/product\/176006","targetHints":{"allow":["GET"]}}],"collection":[{"href":"https:\/\/www.godechot-pauliet.com\/en\/wp-json\/wp\/v2\/product"}],"about":[{"href":"https:\/\/www.godechot-pauliet.com\/en\/wp-json\/wp\/v2\/types\/product"}],"wp:attachment":[{"href":"https:\/\/www.godechot-pauliet.com\/en\/wp-json\/wp\/v2\/media?parent=176006"}],"wp:term":[{"taxonomy":"pwb-brand","embeddable":true,"href":"https:\/\/www.godechot-pauliet.com\/en\/wp-json\/wp\/v2\/pwb-brand?post=176006"},{"taxonomy":"product_brand","embeddable":true,"href":"https:\/\/www.godechot-pauliet.com\/en\/wp-json\/wp\/v2\/product_brand?post=176006"},{"taxonomy":"product_cat","embeddable":true,"href":"https:\/\/www.godechot-pauliet.com\/en\/wp-json\/wp\/v2\/product_cat?post=176006"},{"taxonomy":"product_tag","embeddable":true,"href":"https:\/\/www.godechot-pauliet.com\/en\/wp-json\/wp\/v2\/product_tag?post=176006"},{"taxonomy":"bsp_collections","embeddable":true,"href":"https:\/\/www.godechot-pauliet.com\/en\/wp-json\/wp\/v2\/bsp_collections?post=176006"},{"taxonomy":"rcpo_collections","embeddable":true,"href":"https:\/\/www.godechot-pauliet.com\/en\/wp-json\/wp\/v2\/rcpo_collections?post=176006"}],"curies":[{"name":"wp","href":"https:\/\/api.w.org\/{rel}","templated":true}]}}