{"id":175846,"date":"2026-04-08T02:57:27","date_gmt":"2026-04-08T01:57:27","guid":{"rendered":"https:\/\/www.godechot-pauliet.com\/non class\u00e9\/bracelet-jonc-diamant-or-rose-move-noa-full-pave\/"},"modified":"2026-04-08T02:57:27","modified_gmt":"2026-04-08T01:57:27","slug":"bracelet-jonc-diamant-or-rose-move-noa-full-pave","status":"publish","type":"product","link":"https:\/\/www.godechot-pauliet.com\/en\/bijoux\/bracelets\/bracelet-jonc-diamant-or-rose-move-noa-full-pave\/","title":{"rendered":"Move Noa Full Pav\u00e9 Rose Gold Diamond Bangle Bracelet"},"content":{"rendered":"<p>D\u00e9couvrez une version encore plus \u00e9tincelante du bracelet jonc Move Noa en or et diamant. L\u2019or rose s\u2019\u00e9clipse sous un tapis de diamants pour r\u00e9v\u00e9ler l&rsquo;\u00e9clat sans limite de ce bracelet iconique. Au centre, trois diamants qui bougent au gr\u00e9 de vos mouvements. Son plus ? Un fermoir int\u00e9gr\u00e9 qui s\u2019adapte parfaitement au design de la pi\u00e8ce, tr\u00e8s facile \u00e0 manipuler seul. \u00c0 porter en toute occasion, le bracelet bangle diamant Move Noa dans sa version toute sertie sera votre alli\u00e9 au quotidien, pour habiller un look aussi sophistiqu\u00e9 que d\u00e9contract\u00e9. Un bijou de luxe \u00e0 d\u00e9couvrir aussi en or blanc ou or jaune.<\/p>","protected":false},"excerpt":{"rendered":"<p>Full pav\u00e9 diamond bangle bracelet (2.3 cts) Move Noa in pink gold.<\/p>","protected":false},"featured_media":0,"template":"","meta":{"_acf_changed":false,"_tbt_post_transparent":"","_tbt_post_title":"","_tbt_post_layout":"","_tbt_post_sidebar_id":"","_tbt_post_content_style":"","_tbt_post_vertical_padding":"","_tbt_post_feature":"","_tbt_post_feature_position":"","_tbt_post_header":false,"_tbt_post_footer":false},"pwb-brand":[1299],"product_brand":[],"product_cat":[286,309],"product_tag":[],"bsp_collections":[],"rcpo_collections":[],"class_list":{"0":"post-175846","1":"product","2":"type-product","3":"status-publish","5":"pwb-brand-messika","6":"product_cat-bijoux","7":"product_cat-bracelets","9":"first","10":"outofstock","11":"sold-individually","12":"taxable","13":"shipping-taxable","14":"product-type-variable","15":"entry","16":"content-bg","17":"loop-entry"},"acf":[],"brands":[{"id":1299,"name":"Messika","slug":"messika"}],"_links":{"self":[{"href":"https:\/\/www.godechot-pauliet.com\/en\/wp-json\/wp\/v2\/product\/175846","targetHints":{"allow":["GET"]}}],"collection":[{"href":"https:\/\/www.godechot-pauliet.com\/en\/wp-json\/wp\/v2\/product"}],"about":[{"href":"https:\/\/www.godechot-pauliet.com\/en\/wp-json\/wp\/v2\/types\/product"}],"wp:attachment":[{"href":"https:\/\/www.godechot-pauliet.com\/en\/wp-json\/wp\/v2\/media?parent=175846"}],"wp:term":[{"taxonomy":"pwb-brand","embeddable":true,"href":"https:\/\/www.godechot-pauliet.com\/en\/wp-json\/wp\/v2\/pwb-brand?post=175846"},{"taxonomy":"product_brand","embeddable":true,"href":"https:\/\/www.godechot-pauliet.com\/en\/wp-json\/wp\/v2\/product_brand?post=175846"},{"taxonomy":"product_cat","embeddable":true,"href":"https:\/\/www.godechot-pauliet.com\/en\/wp-json\/wp\/v2\/product_cat?post=175846"},{"taxonomy":"product_tag","embeddable":true,"href":"https:\/\/www.godechot-pauliet.com\/en\/wp-json\/wp\/v2\/product_tag?post=175846"},{"taxonomy":"bsp_collections","embeddable":true,"href":"https:\/\/www.godechot-pauliet.com\/en\/wp-json\/wp\/v2\/bsp_collections?post=175846"},{"taxonomy":"rcpo_collections","embeddable":true,"href":"https:\/\/www.godechot-pauliet.com\/en\/wp-json\/wp\/v2\/rcpo_collections?post=175846"}],"curies":[{"name":"wp","href":"https:\/\/api.w.org\/{rel}","templated":true}]}}