{"id":175821,"date":"2026-04-08T02:56:47","date_gmt":"2026-04-08T01:56:47","guid":{"rendered":"https:\/\/www.godechot-pauliet.com\/non class\u00e9\/boucle-doreille-anita-ko-safety-pin-gauche-en-or-rose-et-pave-diamants\/"},"modified":"2026-04-08T02:56:47","modified_gmt":"2026-04-08T01:56:47","slug":"boucle-doreille-anita-ko-safety-pin-gauche-en-or-rose-et-pave-diamants","status":"publish","type":"product","link":"https:\/\/www.godechot-pauliet.com\/en\/bijoux\/boucles-doreilles\/boucle-doreille-anita-ko-safety-pin-gauche-en-or-rose-et-pave-diamants\/","title":{"rendered":"Anita Ko Safety Pin Left Earring in Rose Gold and Pav\u00e9 Diamonds"},"content":{"rendered":"<p>Discover the Anita Ko Safety Pin Left Earrings in Rose Gold and Pav\u00e9 Diamonds. These jewels from the Safety Pin collection stand out for their original and elegant design. Made of rose gold, they are set with white diamonds with a total carat weight of 0.46. Treat yourself to a unique style with these trendy and refined earrings. Treat yourself on the official website of the Anita Ko brand.<\/p>","protected":false},"excerpt":{"rendered":"<p>Boucles d&rsquo;oreilles Safety Pin en or rose 18 carats avec diamant pav\u00e9s (.46cts). L&rsquo;\u00e9pingle \u00e0 nourrice est orn\u00e9e de diamants d&rsquo;un c\u00f4t\u00e9. Choisissez le c\u00f4t\u00e9 de l&rsquo;oreille sur lequel vous souhaitez la porter afin que plus de diamants soient visibles vers l&rsquo;avant.<br \/>\nElle s&rsquo;ouvre et se ferme comme une \u00e9pingle \u00e0 nourrice standard. Vendue \u00e0 l&rsquo;unit\u00e9. Disponible pour le c\u00f4t\u00e9 GAUCHE ou DROIT.<\/p>","protected":false},"featured_media":0,"template":"","meta":{"_acf_changed":false,"_tbt_post_transparent":"","_tbt_post_title":"","_tbt_post_layout":"","_tbt_post_sidebar_id":"","_tbt_post_content_style":"","_tbt_post_vertical_padding":"","_tbt_post_feature":"","_tbt_post_feature_position":"","_tbt_post_header":false,"_tbt_post_footer":false},"pwb-brand":[311],"product_brand":[],"product_cat":[286,307],"product_tag":[],"bsp_collections":[],"rcpo_collections":[],"class_list":{"0":"post-175821","1":"product","2":"type-product","3":"status-publish","5":"pwb-brand-anita-ko","6":"product_cat-bijoux","7":"product_cat-boucles-doreilles","9":"first","10":"outofstock","11":"sold-individually","12":"taxable","13":"shipping-taxable","14":"product-type-variable","15":"entry","16":"content-bg","17":"loop-entry"},"acf":[],"brands":[{"id":311,"name":"Anita Ko","slug":"anita-ko"}],"_links":{"self":[{"href":"https:\/\/www.godechot-pauliet.com\/en\/wp-json\/wp\/v2\/product\/175821","targetHints":{"allow":["GET"]}}],"collection":[{"href":"https:\/\/www.godechot-pauliet.com\/en\/wp-json\/wp\/v2\/product"}],"about":[{"href":"https:\/\/www.godechot-pauliet.com\/en\/wp-json\/wp\/v2\/types\/product"}],"wp:attachment":[{"href":"https:\/\/www.godechot-pauliet.com\/en\/wp-json\/wp\/v2\/media?parent=175821"}],"wp:term":[{"taxonomy":"pwb-brand","embeddable":true,"href":"https:\/\/www.godechot-pauliet.com\/en\/wp-json\/wp\/v2\/pwb-brand?post=175821"},{"taxonomy":"product_brand","embeddable":true,"href":"https:\/\/www.godechot-pauliet.com\/en\/wp-json\/wp\/v2\/product_brand?post=175821"},{"taxonomy":"product_cat","embeddable":true,"href":"https:\/\/www.godechot-pauliet.com\/en\/wp-json\/wp\/v2\/product_cat?post=175821"},{"taxonomy":"product_tag","embeddable":true,"href":"https:\/\/www.godechot-pauliet.com\/en\/wp-json\/wp\/v2\/product_tag?post=175821"},{"taxonomy":"bsp_collections","embeddable":true,"href":"https:\/\/www.godechot-pauliet.com\/en\/wp-json\/wp\/v2\/bsp_collections?post=175821"},{"taxonomy":"rcpo_collections","embeddable":true,"href":"https:\/\/www.godechot-pauliet.com\/en\/wp-json\/wp\/v2\/rcpo_collections?post=175821"}],"curies":[{"name":"wp","href":"https:\/\/api.w.org\/{rel}","templated":true}]}}