{"id":175662,"date":"2026-04-08T02:51:17","date_gmt":"2026-04-08T01:51:17","guid":{"rendered":"https:\/\/www.godechot-pauliet.com\/non class\u00e9\/alliance-joy-coeur-multi-or-rose-et-diamants\/"},"modified":"2026-04-08T11:47:34","modified_gmt":"2026-04-08T10:47:34","slug":"alliance-joy-coeur-multi-or-rose-et-diamants","status":"publish","type":"product","link":"https:\/\/www.godechot-pauliet.com\/en\/bijoux\/bagues\/alliance-joy-coeur-multi-or-rose-et-diamants\/","title":{"rendered":"Joy Heart Multi Rose Gold and Diamond Wedding Ring"},"content":{"rendered":"<p>Quoi de mieux qu&rsquo;un c\u0153ur pour symboliser l&rsquo;amour ? Pleine de romantisme, l&rsquo;alliance diamant Joy C\u0153ur Multi vous s\u00e9duira par ses diamants taille c\u0153ur, sublim\u00e9s par un halo de diamants minutieusement sertis. Un bijou or et diamant \u00e9clatant qui met \u00e0 l\u2019honneur l\u2019excellence et le savoir-faire de la Maison Messika, qui s\u00e9lectionne chaque pierre avec soin pour obtenir une harmonie parfaite. Une alliance de luxe pour celles et ceux qui veulent c\u00e9l\u00e9brer leur amour avec un grand \u00ab\u00a0A\u00a0\u00bb.<\/p>","protected":false},"excerpt":{"rendered":"<p>Discover the Joy Coeur Multi Rose Gold and Diamond Alliance, an exceptional piece of jewelry created by Maison Messika.<\/p>","protected":false},"featured_media":0,"template":"","meta":{"_acf_changed":false,"_tbt_post_transparent":"","_tbt_post_title":"","_tbt_post_layout":"","_tbt_post_sidebar_id":"","_tbt_post_content_style":"","_tbt_post_vertical_padding":"","_tbt_post_feature":"","_tbt_post_feature_position":"","_tbt_post_header":false,"_tbt_post_footer":false},"pwb-brand":[1299],"product_brand":[],"product_cat":[310,286],"product_tag":[],"bsp_collections":[],"rcpo_collections":[],"class_list":{"0":"post-175662","1":"product","2":"type-product","3":"status-publish","5":"pwb-brand-messika","6":"product_cat-bagues","7":"product_cat-bijoux","9":"first","10":"instock","11":"sold-individually","12":"taxable","13":"shipping-taxable","14":"purchasable","15":"product-type-simple","16":"entry","17":"content-bg","18":"loop-entry"},"acf":[],"brands":[{"id":1299,"name":"Messika","slug":"messika"}],"_links":{"self":[{"href":"https:\/\/www.godechot-pauliet.com\/en\/wp-json\/wp\/v2\/product\/175662","targetHints":{"allow":["GET"]}}],"collection":[{"href":"https:\/\/www.godechot-pauliet.com\/en\/wp-json\/wp\/v2\/product"}],"about":[{"href":"https:\/\/www.godechot-pauliet.com\/en\/wp-json\/wp\/v2\/types\/product"}],"wp:attachment":[{"href":"https:\/\/www.godechot-pauliet.com\/en\/wp-json\/wp\/v2\/media?parent=175662"}],"wp:term":[{"taxonomy":"pwb-brand","embeddable":true,"href":"https:\/\/www.godechot-pauliet.com\/en\/wp-json\/wp\/v2\/pwb-brand?post=175662"},{"taxonomy":"product_brand","embeddable":true,"href":"https:\/\/www.godechot-pauliet.com\/en\/wp-json\/wp\/v2\/product_brand?post=175662"},{"taxonomy":"product_cat","embeddable":true,"href":"https:\/\/www.godechot-pauliet.com\/en\/wp-json\/wp\/v2\/product_cat?post=175662"},{"taxonomy":"product_tag","embeddable":true,"href":"https:\/\/www.godechot-pauliet.com\/en\/wp-json\/wp\/v2\/product_tag?post=175662"},{"taxonomy":"bsp_collections","embeddable":true,"href":"https:\/\/www.godechot-pauliet.com\/en\/wp-json\/wp\/v2\/bsp_collections?post=175662"},{"taxonomy":"rcpo_collections","embeddable":true,"href":"https:\/\/www.godechot-pauliet.com\/en\/wp-json\/wp\/v2\/rcpo_collections?post=175662"}],"curies":[{"name":"wp","href":"https:\/\/api.w.org\/{rel}","templated":true}]}}