{"id":175640,"date":"2026-04-08T02:45:50","date_gmt":"2026-04-08T01:45:50","guid":{"rendered":"https:\/\/www.godechot-pauliet.com\/non class\u00e9\/bracelet-sur-cordon-akillis-puzzle-en-or-rose\/"},"modified":"2026-04-08T11:46:37","modified_gmt":"2026-04-08T10:46:37","slug":"bracelet-sur-cordon-akillis-puzzle-en-or-rose","status":"publish","type":"product","link":"https:\/\/www.godechot-pauliet.com\/en\/bijoux\/bracelets\/bracelet-sur-cordon-akillis-puzzle-en-or-rose\/","title":{"rendered":"Bracelet sur cordon Akillis Puzzle en or rose"},"content":{"rendered":"<p>Chaque bijou de la collection Puzzle incarne un moment de vie, une rencontre ou la c\u00e9l\u00e9bration d&rsquo;un souvenir ind\u00e9fectible. Les pi\u00e8ces sont alors une d\u00e9claration envers ceux et celles qui nous sont chers &#8211; une mani\u00e8re pr\u00e9cieuse de leur dire qu&rsquo;ils sont ces pi\u00e8ces manquantes qui nous compl\u00e8tent.<\/p>","protected":false},"excerpt":{"rendered":"<p>Bracelet cordon noir pour homme et femme de la collection Puzzle en or rose 18 carats.<\/p>","protected":false},"featured_media":0,"template":"","meta":{"_acf_changed":false,"_tbt_post_transparent":"","_tbt_post_title":"","_tbt_post_layout":"","_tbt_post_sidebar_id":"","_tbt_post_content_style":"","_tbt_post_vertical_padding":"","_tbt_post_feature":"","_tbt_post_feature_position":"","_tbt_post_header":false,"_tbt_post_footer":false},"pwb-brand":[6108],"product_brand":[],"product_cat":[286,309],"product_tag":[],"bsp_collections":[],"rcpo_collections":[],"class_list":{"0":"post-175640","1":"product","2":"type-product","3":"status-publish","5":"pwb-brand-akillis","6":"product_cat-bijoux","7":"product_cat-bracelets","9":"first","10":"outofstock","11":"sold-individually","12":"taxable","13":"shipping-taxable","14":"purchasable","15":"product-type-simple","16":"entry","17":"content-bg","18":"loop-entry"},"acf":[],"brands":[{"id":6108,"name":"Akillis","slug":"akillis"}],"_links":{"self":[{"href":"https:\/\/www.godechot-pauliet.com\/en\/wp-json\/wp\/v2\/product\/175640","targetHints":{"allow":["GET"]}}],"collection":[{"href":"https:\/\/www.godechot-pauliet.com\/en\/wp-json\/wp\/v2\/product"}],"about":[{"href":"https:\/\/www.godechot-pauliet.com\/en\/wp-json\/wp\/v2\/types\/product"}],"wp:attachment":[{"href":"https:\/\/www.godechot-pauliet.com\/en\/wp-json\/wp\/v2\/media?parent=175640"}],"wp:term":[{"taxonomy":"pwb-brand","embeddable":true,"href":"https:\/\/www.godechot-pauliet.com\/en\/wp-json\/wp\/v2\/pwb-brand?post=175640"},{"taxonomy":"product_brand","embeddable":true,"href":"https:\/\/www.godechot-pauliet.com\/en\/wp-json\/wp\/v2\/product_brand?post=175640"},{"taxonomy":"product_cat","embeddable":true,"href":"https:\/\/www.godechot-pauliet.com\/en\/wp-json\/wp\/v2\/product_cat?post=175640"},{"taxonomy":"product_tag","embeddable":true,"href":"https:\/\/www.godechot-pauliet.com\/en\/wp-json\/wp\/v2\/product_tag?post=175640"},{"taxonomy":"bsp_collections","embeddable":true,"href":"https:\/\/www.godechot-pauliet.com\/en\/wp-json\/wp\/v2\/bsp_collections?post=175640"},{"taxonomy":"rcpo_collections","embeddable":true,"href":"https:\/\/www.godechot-pauliet.com\/en\/wp-json\/wp\/v2\/rcpo_collections?post=175640"}],"curies":[{"name":"wp","href":"https:\/\/api.w.org\/{rel}","templated":true}]}}