{"id":175639,"date":"2026-04-08T02:45:48","date_gmt":"2026-04-08T01:45:48","guid":{"rendered":"https:\/\/www.godechot-pauliet.com\/non class\u00e9\/boucles-doreilles-messika-fiery-025ct-x2-en-or-blanc-et-diamants\/"},"modified":"2026-04-08T11:46:35","modified_gmt":"2026-04-08T10:46:35","slug":"boucles-doreilles-messika-fiery-025ct-x2-en-or-blanc-et-diamants","status":"publish","type":"product","link":"https:\/\/www.godechot-pauliet.com\/en\/bijoux\/boucles-doreilles\/boucles-doreilles-messika-fiery-025ct-x2-en-or-blanc-et-diamants\/","title":{"rendered":"Boucles d&rsquo;oreilles Messika Fiery 0,25ct x2 en Or blanc et diamants"},"content":{"rendered":"<p>Les boucles d\u2019oreilles pendantes Fiery en or blanc rehaussent la silhouette d\u2019une touche d\u2019originalit\u00e9 vive et piquante. Taille de pr\u00e9dilection de Val\u00e9rie Messika, le diamant poire se transforme en une flamme ardente sublim\u00e9e par un remarquable entourage d\u2019or et de diamants. Ce nouveau motif signature se d\u00e9cline \u00e9galement ici en aplat d\u2019or pour un effet poli-miroir intense. Ultime audace du design, ce duo de motifs est subtilement agenc\u00e9 en deux \u00e0 deux invers\u00e9s. Pour un style unique.<\/p>","protected":false},"excerpt":{"rendered":"<p>Boucles d&rsquo;oreilles en or blanc et diamants. Pierres de centre :  2 pierres de 0,25 carat chacune, qualit\u00e9 G\/VS. Poids total diamants : 0,73 carat, qualit\u00e9 G\/VS. Longueur : 2,8 cm. Collection Fiery.<\/p>","protected":false},"featured_media":0,"template":"","meta":{"_acf_changed":false,"_tbt_post_transparent":"","_tbt_post_title":"","_tbt_post_layout":"","_tbt_post_sidebar_id":"","_tbt_post_content_style":"","_tbt_post_vertical_padding":"","_tbt_post_feature":"","_tbt_post_feature_position":"","_tbt_post_header":false,"_tbt_post_footer":false},"pwb-brand":[1299],"product_brand":[],"product_cat":[286,307],"product_tag":[],"bsp_collections":[],"rcpo_collections":[],"class_list":{"0":"post-175639","1":"product","2":"type-product","3":"status-publish","5":"pwb-brand-messika","6":"product_cat-bijoux","7":"product_cat-boucles-doreilles","9":"first","10":"outofstock","11":"sold-individually","12":"taxable","13":"shipping-taxable","14":"purchasable","15":"product-type-simple","16":"entry","17":"content-bg","18":"loop-entry"},"acf":[],"brands":[{"id":1299,"name":"Messika","slug":"messika"}],"_links":{"self":[{"href":"https:\/\/www.godechot-pauliet.com\/en\/wp-json\/wp\/v2\/product\/175639","targetHints":{"allow":["GET"]}}],"collection":[{"href":"https:\/\/www.godechot-pauliet.com\/en\/wp-json\/wp\/v2\/product"}],"about":[{"href":"https:\/\/www.godechot-pauliet.com\/en\/wp-json\/wp\/v2\/types\/product"}],"wp:attachment":[{"href":"https:\/\/www.godechot-pauliet.com\/en\/wp-json\/wp\/v2\/media?parent=175639"}],"wp:term":[{"taxonomy":"pwb-brand","embeddable":true,"href":"https:\/\/www.godechot-pauliet.com\/en\/wp-json\/wp\/v2\/pwb-brand?post=175639"},{"taxonomy":"product_brand","embeddable":true,"href":"https:\/\/www.godechot-pauliet.com\/en\/wp-json\/wp\/v2\/product_brand?post=175639"},{"taxonomy":"product_cat","embeddable":true,"href":"https:\/\/www.godechot-pauliet.com\/en\/wp-json\/wp\/v2\/product_cat?post=175639"},{"taxonomy":"product_tag","embeddable":true,"href":"https:\/\/www.godechot-pauliet.com\/en\/wp-json\/wp\/v2\/product_tag?post=175639"},{"taxonomy":"bsp_collections","embeddable":true,"href":"https:\/\/www.godechot-pauliet.com\/en\/wp-json\/wp\/v2\/bsp_collections?post=175639"},{"taxonomy":"rcpo_collections","embeddable":true,"href":"https:\/\/www.godechot-pauliet.com\/en\/wp-json\/wp\/v2\/rcpo_collections?post=175639"}],"curies":[{"name":"wp","href":"https:\/\/api.w.org\/{rel}","templated":true}]}}