{"id":175636,"date":"2026-04-08T02:45:44","date_gmt":"2026-04-08T01:45:44","guid":{"rendered":"https:\/\/www.godechot-pauliet.com\/non class\u00e9\/montre-omega-seamaster-planet-ocean-600m-8\/"},"modified":"2026-04-08T12:33:11","modified_gmt":"2026-04-08T11:33:11","slug":"montre-omega-seamaster-planet-ocean-600m-8","status":"publish","type":"product","link":"https:\/\/www.godechot-pauliet.com\/en\/montres\/montre-omega-seamaster-planet-ocean-600m-8\/","title":{"rendered":"Omega Seamaster Planet Ocean 600M Watch"},"content":{"rendered":"<p>Ce mod\u00e8le de 42\u202fmm arbore un bo\u00eetier en acier inoxydable satin\u00e9 et poli. Il est dot\u00e9 d\u2019une lunette en c\u00e9ramique bleue polie avec \u00e9chelle de plong\u00e9e en \u00e9mail blanc, tandis que l\u2019anneau int\u00e9rieur est r\u00e9alis\u00e9 en titane grade 5 poli.<\/p>\n<p>Le cadran noir \u00e0 la finition mate est rehauss\u00e9 d\u2019aiguilles et d\u2019index rhodi\u00e9s rev\u00eatus de Super-LumiNova blanc. Il est orn\u00e9 d\u2019une inscription blanche en d\u00e9calque ainsi que de quatre chiffres arabes blancs.<\/p>\n<p>Powered by the Co-Axial Master Chronometer calibre 8912, this Seamaster Planet Ocean is presented on a polished and satin-finished stainless steel bracelet with an expandable folding clasp featuring a rack and pinion mechanism and an additional extension for diving. The screw-down case back is crafted from polished and satin-finished grade 5 titanium and bears OMEGA&#039;s iconic seahorse emblem.<\/p>","protected":false},"excerpt":{"rendered":"<p>The Seamaster Planet Ocean pays homage to OMEGA&#039;s diving watch heritage while perfectly embodying the brand&#039;s commitment to exploration, innovation and style.<\/p>","protected":false},"featured_media":0,"template":"","meta":{"_acf_changed":false,"_tbt_post_transparent":"","_tbt_post_title":"","_tbt_post_layout":"","_tbt_post_sidebar_id":"","_tbt_post_content_style":"","_tbt_post_vertical_padding":"","_tbt_post_feature":"","_tbt_post_feature_position":"","_tbt_post_header":false,"_tbt_post_footer":false},"pwb-brand":[984],"product_brand":[],"product_cat":[285],"product_tag":[],"bsp_collections":[],"rcpo_collections":[],"class_list":{"0":"post-175636","1":"product","2":"type-product","3":"status-publish","5":"pwb-brand-omega","6":"product_cat-montres","7":"featured-product","9":"first","10":"instock","11":"featured","12":"sold-individually","13":"taxable","14":"shipping-taxable","15":"purchasable","16":"product-type-simple","17":"entry","18":"content-bg","19":"loop-entry"},"acf":[],"brands":[{"id":984,"name":"OMEGA","slug":"omega"}],"_links":{"self":[{"href":"https:\/\/www.godechot-pauliet.com\/en\/wp-json\/wp\/v2\/product\/175636","targetHints":{"allow":["GET"]}}],"collection":[{"href":"https:\/\/www.godechot-pauliet.com\/en\/wp-json\/wp\/v2\/product"}],"about":[{"href":"https:\/\/www.godechot-pauliet.com\/en\/wp-json\/wp\/v2\/types\/product"}],"wp:attachment":[{"href":"https:\/\/www.godechot-pauliet.com\/en\/wp-json\/wp\/v2\/media?parent=175636"}],"wp:term":[{"taxonomy":"pwb-brand","embeddable":true,"href":"https:\/\/www.godechot-pauliet.com\/en\/wp-json\/wp\/v2\/pwb-brand?post=175636"},{"taxonomy":"product_brand","embeddable":true,"href":"https:\/\/www.godechot-pauliet.com\/en\/wp-json\/wp\/v2\/product_brand?post=175636"},{"taxonomy":"product_cat","embeddable":true,"href":"https:\/\/www.godechot-pauliet.com\/en\/wp-json\/wp\/v2\/product_cat?post=175636"},{"taxonomy":"product_tag","embeddable":true,"href":"https:\/\/www.godechot-pauliet.com\/en\/wp-json\/wp\/v2\/product_tag?post=175636"},{"taxonomy":"bsp_collections","embeddable":true,"href":"https:\/\/www.godechot-pauliet.com\/en\/wp-json\/wp\/v2\/bsp_collections?post=175636"},{"taxonomy":"rcpo_collections","embeddable":true,"href":"https:\/\/www.godechot-pauliet.com\/en\/wp-json\/wp\/v2\/rcpo_collections?post=175636"}],"curies":[{"name":"wp","href":"https:\/\/api.w.org\/{rel}","templated":true}]}}