{"id":175634,"date":"2026-04-08T02:45:41","date_gmt":"2026-04-08T01:45:41","guid":{"rendered":"https:\/\/www.godechot-pauliet.com\/non class\u00e9\/montre-omega-seamaster-aqua-terra-150m-31\/"},"modified":"2026-04-08T11:46:19","modified_gmt":"2026-04-08T10:46:19","slug":"montre-omega-seamaster-aqua-terra-150m-31","status":"publish","type":"product","link":"https:\/\/www.godechot-pauliet.com\/en\/montres\/montre-omega-seamaster-aqua-terra-150m-31\/","title":{"rendered":"Omega Seamaster Aqua Terra 150M Watch"},"content":{"rendered":"<p>The Seamaster Aqua Terra is a magnificent tribute to OMEGA&#039;s extensive maritime heritage. This 30mm watch owes its refined proportions to the OMEGA Co-Axial Master Chronometer calibre 8750, which meets the watchmaking industry&#039;s highest performance standards as determined by the Swiss Federal Institute of Metrology (METAS).<\/p>\n<p>It features a symmetrical polished stainless steel case and a screw-down caseback with wavy edges.<\/p>\n<p>Son cadran en nacre blanche \u00e0 la finition brillante arbore un guichet de date circulaire \u00e0 6\u202fheures et 11\u202findex sertis de diamants. Les aiguilles facett\u00e9es redessin\u00e9es, dont celle des minutes \u00e0 la pointe d\u00e9licatement affin\u00e9e, ainsi que l\u2019ensemble des \u00e9l\u00e9ments appliqu\u00e9s sont fa\u00e7onn\u00e9s en or blanc 18K. Les aiguilles sont \u00e9galement rev\u00eatues de Super-LumiNova blanc \u00e9mettant une lueur bleue.<\/p>\n<p>The watch is presented on an integrated stainless steel bracelet with beautifully rounded, polished and satin-finished links. Fastened with a butterfly folding clasp, it features OMEGA&#039;s comfort adjustment system.<\/p>","protected":false},"excerpt":{"rendered":"<p>Montre Omega Seamaster Aqua Terra 150M, 30 mm.<\/p>","protected":false},"featured_media":0,"template":"","meta":{"_acf_changed":false,"_tbt_post_transparent":"","_tbt_post_title":"","_tbt_post_layout":"","_tbt_post_sidebar_id":"","_tbt_post_content_style":"","_tbt_post_vertical_padding":"","_tbt_post_feature":"","_tbt_post_feature_position":"","_tbt_post_header":false,"_tbt_post_footer":false},"pwb-brand":[984],"product_brand":[],"product_cat":[285],"product_tag":[],"bsp_collections":[],"rcpo_collections":[],"class_list":{"0":"post-175634","1":"product","2":"type-product","3":"status-publish","5":"pwb-brand-omega","6":"product_cat-montres","8":"first","9":"instock","10":"sold-individually","11":"taxable","12":"shipping-taxable","13":"purchasable","14":"product-type-simple","15":"entry","16":"content-bg","17":"loop-entry"},"acf":[],"brands":[{"id":984,"name":"OMEGA","slug":"omega"}],"_links":{"self":[{"href":"https:\/\/www.godechot-pauliet.com\/en\/wp-json\/wp\/v2\/product\/175634","targetHints":{"allow":["GET"]}}],"collection":[{"href":"https:\/\/www.godechot-pauliet.com\/en\/wp-json\/wp\/v2\/product"}],"about":[{"href":"https:\/\/www.godechot-pauliet.com\/en\/wp-json\/wp\/v2\/types\/product"}],"wp:attachment":[{"href":"https:\/\/www.godechot-pauliet.com\/en\/wp-json\/wp\/v2\/media?parent=175634"}],"wp:term":[{"taxonomy":"pwb-brand","embeddable":true,"href":"https:\/\/www.godechot-pauliet.com\/en\/wp-json\/wp\/v2\/pwb-brand?post=175634"},{"taxonomy":"product_brand","embeddable":true,"href":"https:\/\/www.godechot-pauliet.com\/en\/wp-json\/wp\/v2\/product_brand?post=175634"},{"taxonomy":"product_cat","embeddable":true,"href":"https:\/\/www.godechot-pauliet.com\/en\/wp-json\/wp\/v2\/product_cat?post=175634"},{"taxonomy":"product_tag","embeddable":true,"href":"https:\/\/www.godechot-pauliet.com\/en\/wp-json\/wp\/v2\/product_tag?post=175634"},{"taxonomy":"bsp_collections","embeddable":true,"href":"https:\/\/www.godechot-pauliet.com\/en\/wp-json\/wp\/v2\/bsp_collections?post=175634"},{"taxonomy":"rcpo_collections","embeddable":true,"href":"https:\/\/www.godechot-pauliet.com\/en\/wp-json\/wp\/v2\/rcpo_collections?post=175634"}],"curies":[{"name":"wp","href":"https:\/\/api.w.org\/{rel}","templated":true}]}}