{"id":175627,"date":"2026-04-08T02:45:30","date_gmt":"2026-04-08T01:45:30","guid":{"rendered":"https:\/\/www.godechot-pauliet.com\/non class\u00e9\/montre-omega-speedmaster-dark-side-of-the-moon-4\/"},"modified":"2026-04-08T11:46:02","modified_gmt":"2026-04-08T10:46:02","slug":"montre-omega-speedmaster-dark-side-of-the-moon-4","status":"publish","type":"product","link":"https:\/\/www.godechot-pauliet.com\/en\/montres\/montre-omega-speedmaster-dark-side-of-the-moon-4\/","title":{"rendered":"Omega Speedmaster Dark Side of the Moon Watch"},"content":{"rendered":"<p>Hommage \u00e0 l\u2019h\u00e9ritage d\u2019OMEGA en mati\u00e8re d\u2019exploration spatiale, la Speedmaster Grey Side of the Moon pr\u00e9sente un bo\u00eetier de 44,25\u202fmm en c\u00e9ramique grise polie et satin\u00e9e avec traitement plasma. La lunette satin\u00e9e, \u00e9galement en c\u00e9ramique grise, est dot\u00e9e d\u2019une \u00e9chelle de tachym\u00e9trique grav\u00e9e au laser et rev\u00eatue de super-LumiNova blanc.<\/p>\n<p>Sous le verre saphir avant, le mouvement sp\u00e9cialement d\u00e9cor\u00e9 c\u00e9l\u00e8bre le lien sp\u00e9cial d\u2019OMEGA avec la Lune, grav\u00e9 au laser sur la platine et les ponts pour repr\u00e9senter la surface de la Lune. La face visible appara\u00eet sur le cadran squelett\u00e9 en aluminium anodis\u00e9 gris, tandis que la face cach\u00e9e se d\u00e9couvre sur le fond de bo\u00eete.<\/p>\n<p>Le mod\u00e8le comporte trois compteurs : un compteur de petite seconde \u00e0 9 heures, un compteur 30 minutes \u00e0 3 heures et un compteur 12 heures \u00e0 6 heures. Les aiguilles style Moonwatch et les index biseaut\u00e9s sont tous gris\u00e9s et rev\u00eatus de super-LumiNova blanc (luminescence verte).<\/p>\n<p>Le mouvement OMEGA Co-Axial Master Chronometer Calibre 3869 est sp\u00e9cialement d\u00e9cot\u00e9, tandis que les gravures sur le fond du bo\u00eetier arborent la citation \u00ab\u202fTHE MOON IS ESSENTIALLY GREY\u202f\u00bb (\u00ab La Lune est essentiellement grise \u00bb), qui fut attribu\u00e9e au module de commande Pilot Jim Lovell, durant la mission Apollo 8.<\/p>\n<p>La montre est mont\u00e9e sur un bracelet en nylon gris doubl\u00e9 de caoutchouc noir, et dot\u00e9 d\u2019une boucle d\u00e9ployante en c\u00e9ramique ainsi que d\u2019une boucle d\u00e9ployante \u00e0 ressort en titane c\u00e9ramis\u00e9.<\/p>","protected":false},"excerpt":{"rendered":"<p>Montre Omega Speedmaster Dark Side of the Moon. Bo\u00eetier en c\u00e9ramique grise de 44,25 mm de diam\u00e8tre et 12,97 mm d\u2019\u00e9paisseur, prot\u00e9g\u00e9 par un verre saphir r\u00e9sistant aux rayures avec traitement antireflet double face. Cadran gris assorti, au design \u00e9pur\u00e9 et moderne. Mouvement \u00e0 remontage manuel, calibre Omega 3869 Grey Edition, offrant une r\u00e9serve de marche de 50 heures. Bracelet interchangeable en nylon. \u00c9tanch\u00e9it\u00e9 jusqu\u2019\u00e0 50 m\u00e8tres. Poids total : 94 g.<\/p>","protected":false},"featured_media":0,"template":"","meta":{"_acf_changed":false,"_tbt_post_transparent":"","_tbt_post_title":"","_tbt_post_layout":"","_tbt_post_sidebar_id":"","_tbt_post_content_style":"","_tbt_post_vertical_padding":"","_tbt_post_feature":"","_tbt_post_feature_position":"","_tbt_post_header":false,"_tbt_post_footer":false},"pwb-brand":[984],"product_brand":[],"product_cat":[285],"product_tag":[],"bsp_collections":[],"rcpo_collections":[],"class_list":{"0":"post-175627","1":"product","2":"type-product","3":"status-publish","5":"pwb-brand-omega","6":"product_cat-montres","8":"first","9":"outofstock","10":"sold-individually","11":"taxable","12":"shipping-taxable","13":"purchasable","14":"product-type-simple","15":"entry","16":"content-bg","17":"loop-entry"},"acf":[],"brands":[{"id":984,"name":"OMEGA","slug":"omega"}],"_links":{"self":[{"href":"https:\/\/www.godechot-pauliet.com\/en\/wp-json\/wp\/v2\/product\/175627","targetHints":{"allow":["GET"]}}],"collection":[{"href":"https:\/\/www.godechot-pauliet.com\/en\/wp-json\/wp\/v2\/product"}],"about":[{"href":"https:\/\/www.godechot-pauliet.com\/en\/wp-json\/wp\/v2\/types\/product"}],"wp:attachment":[{"href":"https:\/\/www.godechot-pauliet.com\/en\/wp-json\/wp\/v2\/media?parent=175627"}],"wp:term":[{"taxonomy":"pwb-brand","embeddable":true,"href":"https:\/\/www.godechot-pauliet.com\/en\/wp-json\/wp\/v2\/pwb-brand?post=175627"},{"taxonomy":"product_brand","embeddable":true,"href":"https:\/\/www.godechot-pauliet.com\/en\/wp-json\/wp\/v2\/product_brand?post=175627"},{"taxonomy":"product_cat","embeddable":true,"href":"https:\/\/www.godechot-pauliet.com\/en\/wp-json\/wp\/v2\/product_cat?post=175627"},{"taxonomy":"product_tag","embeddable":true,"href":"https:\/\/www.godechot-pauliet.com\/en\/wp-json\/wp\/v2\/product_tag?post=175627"},{"taxonomy":"bsp_collections","embeddable":true,"href":"https:\/\/www.godechot-pauliet.com\/en\/wp-json\/wp\/v2\/bsp_collections?post=175627"},{"taxonomy":"rcpo_collections","embeddable":true,"href":"https:\/\/www.godechot-pauliet.com\/en\/wp-json\/wp\/v2\/rcpo_collections?post=175627"}],"curies":[{"name":"wp","href":"https:\/\/api.w.org\/{rel}","templated":true}]}}