{"id":175577,"date":"2026-04-08T02:43:33","date_gmt":"2026-04-08T01:43:33","guid":{"rendered":"https:\/\/www.godechot-pauliet.com\/non class\u00e9\/bague-messika-diamant-pavee-en-or-blanc-move-romane\/"},"modified":"2026-04-08T02:43:33","modified_gmt":"2026-04-08T01:43:33","slug":"bague-messika-diamant-pavee-en-or-blanc-move-romane","status":"publish","type":"product","link":"https:\/\/www.godechot-pauliet.com\/en\/bijoux\/bagues\/bague-messika-diamant-pavee-en-or-blanc-move-romane\/","title":{"rendered":"Messika Diamond Paved Ring in White Gold Move Romane"},"content":{"rendered":"<p>Romane. Un graphisme. Un style. Dans l&rsquo;esprit accumulation, cette bague diamant en or blanc 18 carats et diamants joue sur le mariage d&rsquo;une alliance micro-pav\u00e9e et d&rsquo;une alliance pav\u00e9e de diamants sertis grain. Au c\u0153ur de ce graphisme \u00e9pur\u00e9, un diamant en mouvement. Trois diamants, parfaits symboles de l\u2019amour d\u2019hier, d\u2019aujourd\u2019hui et de demain. Une ligne droite, a\u00e9rienne pour une bague en or rose et diamant r\u00e9solument contemporaine. La brillance de l&rsquo;or blanc vient renforcer la puret\u00e9 des t ainsi leur magnifique \u00e9clat. D\u00e9couvrez les bagues et bijoux diamant et or rose de la collection Move Romane, des cr\u00e9ations audacieuses entre modernit\u00e9 et originalit\u00e9.<\/p>","protected":false},"excerpt":{"rendered":"<p>White Gold ring set with Diamond (0.65 ct), Move Romane collection.<\/p>","protected":false},"featured_media":0,"template":"","meta":{"_acf_changed":false,"_tbt_post_transparent":"","_tbt_post_title":"","_tbt_post_layout":"","_tbt_post_sidebar_id":"","_tbt_post_content_style":"","_tbt_post_vertical_padding":"","_tbt_post_feature":"","_tbt_post_feature_position":"","_tbt_post_header":false,"_tbt_post_footer":false},"pwb-brand":[1299],"product_brand":[],"product_cat":[310,286],"product_tag":[],"bsp_collections":[],"rcpo_collections":[],"class_list":{"0":"post-175577","1":"product","2":"type-product","3":"status-publish","5":"pwb-brand-messika","6":"product_cat-bagues","7":"product_cat-bijoux","9":"first","10":"outofstock","11":"sold-individually","12":"taxable","13":"shipping-taxable","14":"product-type-variable","15":"entry","16":"content-bg","17":"loop-entry"},"acf":[],"brands":[{"id":1299,"name":"Messika","slug":"messika"}],"_links":{"self":[{"href":"https:\/\/www.godechot-pauliet.com\/en\/wp-json\/wp\/v2\/product\/175577","targetHints":{"allow":["GET"]}}],"collection":[{"href":"https:\/\/www.godechot-pauliet.com\/en\/wp-json\/wp\/v2\/product"}],"about":[{"href":"https:\/\/www.godechot-pauliet.com\/en\/wp-json\/wp\/v2\/types\/product"}],"wp:attachment":[{"href":"https:\/\/www.godechot-pauliet.com\/en\/wp-json\/wp\/v2\/media?parent=175577"}],"wp:term":[{"taxonomy":"pwb-brand","embeddable":true,"href":"https:\/\/www.godechot-pauliet.com\/en\/wp-json\/wp\/v2\/pwb-brand?post=175577"},{"taxonomy":"product_brand","embeddable":true,"href":"https:\/\/www.godechot-pauliet.com\/en\/wp-json\/wp\/v2\/product_brand?post=175577"},{"taxonomy":"product_cat","embeddable":true,"href":"https:\/\/www.godechot-pauliet.com\/en\/wp-json\/wp\/v2\/product_cat?post=175577"},{"taxonomy":"product_tag","embeddable":true,"href":"https:\/\/www.godechot-pauliet.com\/en\/wp-json\/wp\/v2\/product_tag?post=175577"},{"taxonomy":"bsp_collections","embeddable":true,"href":"https:\/\/www.godechot-pauliet.com\/en\/wp-json\/wp\/v2\/bsp_collections?post=175577"},{"taxonomy":"rcpo_collections","embeddable":true,"href":"https:\/\/www.godechot-pauliet.com\/en\/wp-json\/wp\/v2\/rcpo_collections?post=175577"}],"curies":[{"name":"wp","href":"https:\/\/api.w.org\/{rel}","templated":true}]}}