{"id":175471,"date":"2026-04-08T02:39:44","date_gmt":"2026-04-08T01:39:44","guid":{"rendered":"https:\/\/www.godechot-pauliet.com\/non class\u00e9\/collier-messika-diamant-en-or-rose-move-uno\/"},"modified":"2026-04-08T11:42:02","modified_gmt":"2026-04-08T10:42:02","slug":"collier-messika-diamant-en-or-rose-move-uno","status":"publish","type":"product","link":"https:\/\/www.godechot-pauliet.com\/en\/bijoux\/colliers\/collier-messika-diamant-en-or-rose-move-uno\/","title":{"rendered":"Messika Diamond Necklace in Rose Gold Move Uno"},"content":{"rendered":"<p>S&rsquo;il ne devait y en avoir qu&rsquo;un ? Ce serait ce collier Move Uno grand mod\u00e8le en or rose serti de diamants. On a tant de raisons de le pl\u00e9bisciter. Iconique, il r\u00e9interpr\u00e8te dans une nouvelle taille le motif signature de la Maison de Joaillerie et Haute joaillerie parisienne. Pr\u00e9cieusement ludique : on aime jouer avec son diamant central qui coulisse au sein du motif. Ajustable : vous appr\u00e9cierez tout particuli\u00e8rement le fermoir coulissant de ce bijou de luxe qui permet de le porter \u00e0 la longueur souhait\u00e9e au gr\u00e9 des decollet\u00e9s; choker, ras de cou ou plus long, choisissez \u00e0 chaque instant la longueur qui vous pla\u00eet. Facile \u00e0 porter seul ou en accumulation avec d\u2019autres colliers diamant, il deviendra tr\u00e8s vite votre bijou favori !<\/p>","protected":false},"excerpt":{"rendered":"<p>Rose Gold Necklace set with Diamond (0.35 ct), Move Uno collection<\/p>","protected":false},"featured_media":0,"template":"","meta":{"_acf_changed":false,"_tbt_post_transparent":"","_tbt_post_title":"","_tbt_post_layout":"","_tbt_post_sidebar_id":"","_tbt_post_content_style":"","_tbt_post_vertical_padding":"","_tbt_post_feature":"","_tbt_post_feature_position":"","_tbt_post_header":false,"_tbt_post_footer":false},"pwb-brand":[1299],"product_brand":[],"product_cat":[286,308],"product_tag":[],"bsp_collections":[],"rcpo_collections":[],"class_list":{"0":"post-175471","1":"product","2":"type-product","3":"status-publish","5":"pwb-brand-messika","6":"product_cat-bijoux","7":"product_cat-colliers","9":"first","10":"instock","11":"sold-individually","12":"taxable","13":"shipping-taxable","14":"purchasable","15":"product-type-simple","16":"entry","17":"content-bg","18":"loop-entry"},"acf":[],"brands":[{"id":1299,"name":"Messika","slug":"messika"}],"_links":{"self":[{"href":"https:\/\/www.godechot-pauliet.com\/en\/wp-json\/wp\/v2\/product\/175471","targetHints":{"allow":["GET"]}}],"collection":[{"href":"https:\/\/www.godechot-pauliet.com\/en\/wp-json\/wp\/v2\/product"}],"about":[{"href":"https:\/\/www.godechot-pauliet.com\/en\/wp-json\/wp\/v2\/types\/product"}],"wp:attachment":[{"href":"https:\/\/www.godechot-pauliet.com\/en\/wp-json\/wp\/v2\/media?parent=175471"}],"wp:term":[{"taxonomy":"pwb-brand","embeddable":true,"href":"https:\/\/www.godechot-pauliet.com\/en\/wp-json\/wp\/v2\/pwb-brand?post=175471"},{"taxonomy":"product_brand","embeddable":true,"href":"https:\/\/www.godechot-pauliet.com\/en\/wp-json\/wp\/v2\/product_brand?post=175471"},{"taxonomy":"product_cat","embeddable":true,"href":"https:\/\/www.godechot-pauliet.com\/en\/wp-json\/wp\/v2\/product_cat?post=175471"},{"taxonomy":"product_tag","embeddable":true,"href":"https:\/\/www.godechot-pauliet.com\/en\/wp-json\/wp\/v2\/product_tag?post=175471"},{"taxonomy":"bsp_collections","embeddable":true,"href":"https:\/\/www.godechot-pauliet.com\/en\/wp-json\/wp\/v2\/bsp_collections?post=175471"},{"taxonomy":"rcpo_collections","embeddable":true,"href":"https:\/\/www.godechot-pauliet.com\/en\/wp-json\/wp\/v2\/rcpo_collections?post=175471"}],"curies":[{"name":"wp","href":"https:\/\/api.w.org\/{rel}","templated":true}]}}