{"id":175436,"date":"2026-04-08T02:38:10","date_gmt":"2026-04-08T01:38:10","guid":{"rendered":"https:\/\/www.godechot-pauliet.com\/non class\u00e9\/bracelet-de-main-messika-move-uno-en-or-blanc-et-diamants\/"},"modified":"2026-04-08T10:45:59","modified_gmt":"2026-04-08T09:45:59","slug":"bracelet-de-main-messika-move-uno-en-or-blanc-et-diamants","status":"publish","type":"product","link":"https:\/\/www.godechot-pauliet.com\/en\/bijoux\/bracelets\/bracelet-de-main-messika-move-uno-en-or-blanc-et-diamants\/","title":{"rendered":"Messika Move Uno Hand Bracelet in White Gold and Diamonds"},"content":{"rendered":"<p>Vous aimez les bijoux modernes et originaux ? Ce bracelet de main Move Uno vous ira \u00e0 merveille ! Gr\u00e2ce \u00e0 sa chaine fine en or blanc et ses diamants \u00e9tincelants, il viendra illuminer votre main d\u2019un \u00e9clat subtil et d\u00e9licat. Orn\u00e9 de diamants en mouvement, ce bijou diamant femme apporte un twist boh\u00e8me au motif embl\u00e9matique de la Maison de Joaillerie Messika. A porter seul ou en association avec d&rsquo;autres bagues comme la bague diamant Lucky Move Color \u00e0 l\u2019index pour un style encore plus affirm\u00e9.<\/p>","protected":false},"excerpt":{"rendered":"<p>White gold bracelet set with diamond (0.35 ct), Move Uno collection.<\/p>","protected":false},"featured_media":0,"template":"","meta":{"_acf_changed":false,"_tbt_post_transparent":"","_tbt_post_title":"","_tbt_post_layout":"","_tbt_post_sidebar_id":"","_tbt_post_content_style":"","_tbt_post_vertical_padding":"","_tbt_post_feature":"","_tbt_post_feature_position":"","_tbt_post_header":false,"_tbt_post_footer":false},"pwb-brand":[1299],"product_brand":[],"product_cat":[286,309],"product_tag":[],"bsp_collections":[],"rcpo_collections":[],"class_list":{"0":"post-175436","1":"product","2":"type-product","3":"status-publish","5":"pwb-brand-messika","6":"product_cat-bijoux","7":"product_cat-bracelets","9":"first","10":"outofstock","11":"sold-individually","12":"taxable","13":"shipping-taxable","14":"purchasable","15":"product-type-simple","16":"entry","17":"content-bg","18":"loop-entry"},"acf":[],"brands":[{"id":1299,"name":"Messika","slug":"messika"}],"_links":{"self":[{"href":"https:\/\/www.godechot-pauliet.com\/en\/wp-json\/wp\/v2\/product\/175436","targetHints":{"allow":["GET"]}}],"collection":[{"href":"https:\/\/www.godechot-pauliet.com\/en\/wp-json\/wp\/v2\/product"}],"about":[{"href":"https:\/\/www.godechot-pauliet.com\/en\/wp-json\/wp\/v2\/types\/product"}],"wp:attachment":[{"href":"https:\/\/www.godechot-pauliet.com\/en\/wp-json\/wp\/v2\/media?parent=175436"}],"wp:term":[{"taxonomy":"pwb-brand","embeddable":true,"href":"https:\/\/www.godechot-pauliet.com\/en\/wp-json\/wp\/v2\/pwb-brand?post=175436"},{"taxonomy":"product_brand","embeddable":true,"href":"https:\/\/www.godechot-pauliet.com\/en\/wp-json\/wp\/v2\/product_brand?post=175436"},{"taxonomy":"product_cat","embeddable":true,"href":"https:\/\/www.godechot-pauliet.com\/en\/wp-json\/wp\/v2\/product_cat?post=175436"},{"taxonomy":"product_tag","embeddable":true,"href":"https:\/\/www.godechot-pauliet.com\/en\/wp-json\/wp\/v2\/product_tag?post=175436"},{"taxonomy":"bsp_collections","embeddable":true,"href":"https:\/\/www.godechot-pauliet.com\/en\/wp-json\/wp\/v2\/bsp_collections?post=175436"},{"taxonomy":"rcpo_collections","embeddable":true,"href":"https:\/\/www.godechot-pauliet.com\/en\/wp-json\/wp\/v2\/rcpo_collections?post=175436"}],"curies":[{"name":"wp","href":"https:\/\/api.w.org\/{rel}","templated":true}]}}