{"id":175418,"date":"2026-04-08T02:37:43","date_gmt":"2026-04-08T01:37:43","guid":{"rendered":"https:\/\/www.godechot-pauliet.com\/non class\u00e9\/collier-messika-so-move-xl-pave-en-or-blanc-et-diamants\/"},"modified":"2026-04-08T10:45:36","modified_gmt":"2026-04-08T09:45:36","slug":"collier-messika-so-move-xl-pave-en-or-blanc-et-diamants","status":"publish","type":"product","link":"https:\/\/www.godechot-pauliet.com\/en\/bijoux\/colliers\/collier-messika-so-move-xl-pave-en-or-blanc-et-diamants\/","title":{"rendered":"Messika So Move XL Pav\u00e9 Necklace in White Gold and Diamonds"},"content":{"rendered":"<p>Affirmez-vous avec cette cr\u00e9ation de joaillerie audacieuse de Val\u00e9rie Messika, le collier So Move pav\u00e9 en or blanc. Orn\u00e9 du motif iconique de la Maison, le Move, ce collier diamant cha\u00eene est la future signature de vos plus beaux looks ! Le diamant mobile iconique est amplifi\u00e9 d&rsquo;un halo de diamants minutieusement sertis pour un effet des plus resplendissants. Un bijou de luxe r\u00e9solument tendance qui parlera aux femmes \u00e0 la recherche d\u2019une pi\u00e8ce audacieuse et unique. Ce bijou ne vous quittera plus ! Au point de vouloir le porter m\u00eame en journ\u00e9e pour donner du caract\u00e8re m\u00eame \u00e0 vos tenues les plus classiques.<\/p>","protected":false},"excerpt":{"rendered":"<p>Discover the Messika 27 to 35 mm necklace for women in white gold with white diamond. So Move collection.<\/p>","protected":false},"featured_media":0,"template":"","meta":{"_acf_changed":false,"_tbt_post_transparent":"","_tbt_post_title":"","_tbt_post_layout":"","_tbt_post_sidebar_id":"","_tbt_post_content_style":"","_tbt_post_vertical_padding":"","_tbt_post_feature":"","_tbt_post_feature_position":"","_tbt_post_header":false,"_tbt_post_footer":false},"pwb-brand":[1299],"product_brand":[],"product_cat":[286,308],"product_tag":[],"bsp_collections":[],"rcpo_collections":[],"class_list":{"0":"post-175418","1":"product","2":"type-product","3":"status-publish","5":"pwb-brand-messika","6":"product_cat-bijoux","7":"product_cat-colliers","9":"first","10":"outofstock","11":"sold-individually","12":"taxable","13":"shipping-taxable","14":"purchasable","15":"product-type-simple","16":"entry","17":"content-bg","18":"loop-entry"},"acf":[],"brands":[{"id":1299,"name":"Messika","slug":"messika"}],"_links":{"self":[{"href":"https:\/\/www.godechot-pauliet.com\/en\/wp-json\/wp\/v2\/product\/175418","targetHints":{"allow":["GET"]}}],"collection":[{"href":"https:\/\/www.godechot-pauliet.com\/en\/wp-json\/wp\/v2\/product"}],"about":[{"href":"https:\/\/www.godechot-pauliet.com\/en\/wp-json\/wp\/v2\/types\/product"}],"wp:attachment":[{"href":"https:\/\/www.godechot-pauliet.com\/en\/wp-json\/wp\/v2\/media?parent=175418"}],"wp:term":[{"taxonomy":"pwb-brand","embeddable":true,"href":"https:\/\/www.godechot-pauliet.com\/en\/wp-json\/wp\/v2\/pwb-brand?post=175418"},{"taxonomy":"product_brand","embeddable":true,"href":"https:\/\/www.godechot-pauliet.com\/en\/wp-json\/wp\/v2\/product_brand?post=175418"},{"taxonomy":"product_cat","embeddable":true,"href":"https:\/\/www.godechot-pauliet.com\/en\/wp-json\/wp\/v2\/product_cat?post=175418"},{"taxonomy":"product_tag","embeddable":true,"href":"https:\/\/www.godechot-pauliet.com\/en\/wp-json\/wp\/v2\/product_tag?post=175418"},{"taxonomy":"bsp_collections","embeddable":true,"href":"https:\/\/www.godechot-pauliet.com\/en\/wp-json\/wp\/v2\/bsp_collections?post=175418"},{"taxonomy":"rcpo_collections","embeddable":true,"href":"https:\/\/www.godechot-pauliet.com\/en\/wp-json\/wp\/v2\/rcpo_collections?post=175418"}],"curies":[{"name":"wp","href":"https:\/\/api.w.org\/{rel}","templated":true}]}}