{"id":175413,"date":"2026-04-08T02:37:36","date_gmt":"2026-04-08T01:37:36","guid":{"rendered":"https:\/\/www.godechot-pauliet.com\/non class\u00e9\/bracelet-messika-so-move-xl-en-or-jaune-et-diamants\/"},"modified":"2026-04-08T10:45:28","modified_gmt":"2026-04-08T09:45:28","slug":"bracelet-messika-so-move-xl-en-or-jaune-et-diamants","status":"publish","type":"product","link":"https:\/\/www.godechot-pauliet.com\/en\/bijoux\/bracelets\/bracelet-messika-so-move-xl-en-or-jaune-et-diamants\/","title":{"rendered":"Messika So Move XL Bracelet in Yellow Gold and Diamonds"},"content":{"rendered":"<p>C&rsquo;est le bracelet de luxe id\u00e9al si vous cherchez une cr\u00e9ation de caract\u00e8re pour vous apporter un suppl\u00e9ment d&rsquo;assurance. Le bracelet or et diamant So Move en or jaune 18 carats est fait pour vous ! Une r\u00e9interpr\u00e9tation du motif iconique Move, avec des contours plus affirm\u00e9s, plus sculpturaux. Le bracelet diamant cha\u00eene trouve toute sa force dans ses aplats d\u2019or jaune solaire et ses diamants mobiles transform\u00e9s en maillons. Dans une modernit\u00e9 rebelle, ce bijou diamant devient objet d&rsquo;expression de soi \u00e0 part enti\u00e8re. Un bijou statutaire qui ne vous quittera plus ! D\u00e9couvrez \u00e9galement ses versions en or blanc ou rose.<\/p>","protected":false},"excerpt":{"rendered":"<p>Discover the Messika bracelet for women in yellow gold with white diamond from the So Move collection.<\/p>","protected":false},"featured_media":0,"template":"","meta":{"_acf_changed":false,"_tbt_post_transparent":"","_tbt_post_title":"","_tbt_post_layout":"","_tbt_post_sidebar_id":"","_tbt_post_content_style":"","_tbt_post_vertical_padding":"","_tbt_post_feature":"","_tbt_post_feature_position":"","_tbt_post_header":false,"_tbt_post_footer":false},"pwb-brand":[1299],"product_brand":[],"product_cat":[286,309],"product_tag":[],"bsp_collections":[],"rcpo_collections":[],"class_list":{"0":"post-175413","1":"product","2":"type-product","3":"status-publish","5":"pwb-brand-messika","6":"product_cat-bijoux","7":"product_cat-bracelets","9":"first","10":"instock","11":"sold-individually","12":"taxable","13":"shipping-taxable","14":"purchasable","15":"product-type-simple","16":"entry","17":"content-bg","18":"loop-entry"},"acf":[],"brands":[{"id":1299,"name":"Messika","slug":"messika"}],"_links":{"self":[{"href":"https:\/\/www.godechot-pauliet.com\/en\/wp-json\/wp\/v2\/product\/175413","targetHints":{"allow":["GET"]}}],"collection":[{"href":"https:\/\/www.godechot-pauliet.com\/en\/wp-json\/wp\/v2\/product"}],"about":[{"href":"https:\/\/www.godechot-pauliet.com\/en\/wp-json\/wp\/v2\/types\/product"}],"wp:attachment":[{"href":"https:\/\/www.godechot-pauliet.com\/en\/wp-json\/wp\/v2\/media?parent=175413"}],"wp:term":[{"taxonomy":"pwb-brand","embeddable":true,"href":"https:\/\/www.godechot-pauliet.com\/en\/wp-json\/wp\/v2\/pwb-brand?post=175413"},{"taxonomy":"product_brand","embeddable":true,"href":"https:\/\/www.godechot-pauliet.com\/en\/wp-json\/wp\/v2\/product_brand?post=175413"},{"taxonomy":"product_cat","embeddable":true,"href":"https:\/\/www.godechot-pauliet.com\/en\/wp-json\/wp\/v2\/product_cat?post=175413"},{"taxonomy":"product_tag","embeddable":true,"href":"https:\/\/www.godechot-pauliet.com\/en\/wp-json\/wp\/v2\/product_tag?post=175413"},{"taxonomy":"bsp_collections","embeddable":true,"href":"https:\/\/www.godechot-pauliet.com\/en\/wp-json\/wp\/v2\/bsp_collections?post=175413"},{"taxonomy":"rcpo_collections","embeddable":true,"href":"https:\/\/www.godechot-pauliet.com\/en\/wp-json\/wp\/v2\/rcpo_collections?post=175413"}],"curies":[{"name":"wp","href":"https:\/\/api.w.org\/{rel}","templated":true}]}}