{"id":175367,"date":"2026-04-08T02:35:46","date_gmt":"2026-04-08T01:35:46","guid":{"rendered":"https:\/\/www.godechot-pauliet.com\/non class\u00e9\/boucle-doreille-persee-danae-en-or-jaune-serties-de-diamants\/"},"modified":"2026-04-08T10:44:44","modified_gmt":"2026-04-08T09:44:44","slug":"boucle-doreille-persee-danae-en-or-jaune-serties-de-diamants","status":"publish","type":"product","link":"https:\/\/www.godechot-pauliet.com\/en\/bijoux\/boucles-doreilles\/boucle-doreille-persee-danae-en-or-jaune-serties-de-diamants\/","title":{"rendered":"Pers\u00e9e Dana\u00e9 earring in Yellow Gold set with Diamonds"},"content":{"rendered":"<p>Discover the Pers\u00e9e Dana\u00e9 earrings in yellow gold set with diamonds, an elegant and refined creation from the Dana\u00e9 collection by Persee. These yellow gold earrings are adorned with magnificent white diamonds with a total carat weight of 0.24. Treat yourself to a unique and precious piece of jewelry that will enhance your outfit on any occasion.<\/p>","protected":false},"excerpt":{"rendered":"<p>Pers\u00e9e earring in yellow gold with 3 suspended diamonds (0.24 ct. GVS). Dana\u00e9 Collection.<\/p>","protected":false},"featured_media":0,"template":"","meta":{"_acf_changed":false,"_tbt_post_transparent":"","_tbt_post_title":"","_tbt_post_layout":"","_tbt_post_sidebar_id":"","_tbt_post_content_style":"","_tbt_post_vertical_padding":"","_tbt_post_feature":"","_tbt_post_feature_position":"","_tbt_post_header":false,"_tbt_post_footer":false},"pwb-brand":[4392],"product_brand":[],"product_cat":[286,307],"product_tag":[],"bsp_collections":[],"rcpo_collections":[],"class_list":{"0":"post-175367","1":"product","2":"type-product","3":"status-publish","5":"pwb-brand-persee","6":"product_cat-bijoux","7":"product_cat-boucles-doreilles","9":"first","10":"outofstock","11":"sold-individually","12":"taxable","13":"shipping-taxable","14":"purchasable","15":"product-type-simple","16":"entry","17":"content-bg","18":"loop-entry"},"acf":[],"brands":[{"id":4392,"name":"Pers\u00e9e","slug":"persee"}],"_links":{"self":[{"href":"https:\/\/www.godechot-pauliet.com\/en\/wp-json\/wp\/v2\/product\/175367","targetHints":{"allow":["GET"]}}],"collection":[{"href":"https:\/\/www.godechot-pauliet.com\/en\/wp-json\/wp\/v2\/product"}],"about":[{"href":"https:\/\/www.godechot-pauliet.com\/en\/wp-json\/wp\/v2\/types\/product"}],"wp:attachment":[{"href":"https:\/\/www.godechot-pauliet.com\/en\/wp-json\/wp\/v2\/media?parent=175367"}],"wp:term":[{"taxonomy":"pwb-brand","embeddable":true,"href":"https:\/\/www.godechot-pauliet.com\/en\/wp-json\/wp\/v2\/pwb-brand?post=175367"},{"taxonomy":"product_brand","embeddable":true,"href":"https:\/\/www.godechot-pauliet.com\/en\/wp-json\/wp\/v2\/product_brand?post=175367"},{"taxonomy":"product_cat","embeddable":true,"href":"https:\/\/www.godechot-pauliet.com\/en\/wp-json\/wp\/v2\/product_cat?post=175367"},{"taxonomy":"product_tag","embeddable":true,"href":"https:\/\/www.godechot-pauliet.com\/en\/wp-json\/wp\/v2\/product_tag?post=175367"},{"taxonomy":"bsp_collections","embeddable":true,"href":"https:\/\/www.godechot-pauliet.com\/en\/wp-json\/wp\/v2\/bsp_collections?post=175367"},{"taxonomy":"rcpo_collections","embeddable":true,"href":"https:\/\/www.godechot-pauliet.com\/en\/wp-json\/wp\/v2\/rcpo_collections?post=175367"}],"curies":[{"name":"wp","href":"https:\/\/api.w.org\/{rel}","templated":true}]}}