{"id":175017,"date":"2026-04-01T17:57:36","date_gmt":"2026-04-01T16:57:36","guid":{"rendered":"https:\/\/www.godechot-pauliet.com\/non class\u00e9\/collier-messika-pave-diamant-en-or-blanc-move-uno\/"},"modified":"2026-04-01T17:57:36","modified_gmt":"2026-04-01T16:57:36","slug":"collier-messika-pave-diamant-en-or-blanc-move-uno","status":"publish","type":"product","link":"https:\/\/www.godechot-pauliet.com\/en\/bijoux\/colliers\/collier-messika-pave-diamant-en-or-blanc-move-uno\/","title":{"rendered":"Messika Move Uno White Gold Diamond Pave Necklace"},"content":{"rendered":"<p>Messika necklace in white gold from the Move Uno collection, decorated with a diamond pavement (0.2 ct). This necklace has an adjustable 45 cm chain with 5 closing rings. The central motif measures 15 mm in length and 5 mm in width.<br \/>\nCe collier diamant pav\u00e9 en or blanc 18 carats enti\u00e8rement r\u00e9alis\u00e9 \u00e0 la main et serti d\u2019un diamant taille brillant en mouvement fait partie de la collection Move, design signature de la Maison de joaillerie Messika. Sa cha\u00eene en or blanc toute en finesse est orn\u00e9e de la pr\u00e9cieuse cage Move pav\u00e9e o\u00f9 un unique diamant serti clos coulisse et brille au gr\u00e9 des mouvements. Un collier en diamant pour femme, facile \u00e0 porter au quotidien pour orner une tenue d&rsquo;une touche de lumi\u00e8re. L&rsquo;\u00e9clat discret de l&rsquo;or blanc qui le compose en fait un m\u00e9tal de pr\u00e9dilection, y compris des femmes qui n\u2019ont pas l\u2019habitude de porter des bijoux en diamant. Ce collier diamant en or blanc Move Uno s\u2019assortira ainsi \u00e0 toutes les garde-robes, sublimant la s\u00e9duction naturelle de son heureuse d\u00e9tentrice.<\/p>","protected":false},"excerpt":{"rendered":"<p>Messika necklace in white gold from the Move Uno collection, decorated with a diamond pavement (0.2 ct). This necklace has an adjustable 45 cm chain with 5 closing rings. The central motif measures 15 mm in length and 5 mm in width.<\/p>","protected":false},"featured_media":0,"template":"","meta":{"_acf_changed":false,"_tbt_post_transparent":"","_tbt_post_title":"","_tbt_post_layout":"","_tbt_post_sidebar_id":"","_tbt_post_content_style":"","_tbt_post_vertical_padding":"","_tbt_post_feature":"","_tbt_post_feature_position":"","_tbt_post_header":false,"_tbt_post_footer":false},"pwb-brand":[1299],"product_brand":[],"product_cat":[286,308],"product_tag":[],"bsp_collections":[],"rcpo_collections":[],"class_list":{"0":"post-175017","1":"product","2":"type-product","3":"status-publish","5":"pwb-brand-messika","6":"product_cat-bijoux","7":"product_cat-colliers","9":"first","10":"instock","11":"sold-individually","12":"taxable","13":"shipping-taxable","14":"purchasable","15":"product-type-simple","16":"entry","17":"content-bg","18":"loop-entry"},"acf":[],"brands":[{"id":1299,"name":"Messika","slug":"messika"}],"_links":{"self":[{"href":"https:\/\/www.godechot-pauliet.com\/en\/wp-json\/wp\/v2\/product\/175017","targetHints":{"allow":["GET"]}}],"collection":[{"href":"https:\/\/www.godechot-pauliet.com\/en\/wp-json\/wp\/v2\/product"}],"about":[{"href":"https:\/\/www.godechot-pauliet.com\/en\/wp-json\/wp\/v2\/types\/product"}],"wp:attachment":[{"href":"https:\/\/www.godechot-pauliet.com\/en\/wp-json\/wp\/v2\/media?parent=175017"}],"wp:term":[{"taxonomy":"pwb-brand","embeddable":true,"href":"https:\/\/www.godechot-pauliet.com\/en\/wp-json\/wp\/v2\/pwb-brand?post=175017"},{"taxonomy":"product_brand","embeddable":true,"href":"https:\/\/www.godechot-pauliet.com\/en\/wp-json\/wp\/v2\/product_brand?post=175017"},{"taxonomy":"product_cat","embeddable":true,"href":"https:\/\/www.godechot-pauliet.com\/en\/wp-json\/wp\/v2\/product_cat?post=175017"},{"taxonomy":"product_tag","embeddable":true,"href":"https:\/\/www.godechot-pauliet.com\/en\/wp-json\/wp\/v2\/product_tag?post=175017"},{"taxonomy":"bsp_collections","embeddable":true,"href":"https:\/\/www.godechot-pauliet.com\/en\/wp-json\/wp\/v2\/bsp_collections?post=175017"},{"taxonomy":"rcpo_collections","embeddable":true,"href":"https:\/\/www.godechot-pauliet.com\/en\/wp-json\/wp\/v2\/rcpo_collections?post=175017"}],"curies":[{"name":"wp","href":"https:\/\/api.w.org\/{rel}","templated":true}]}}