{"id":174933,"date":"2026-04-01T17:18:06","date_gmt":"2026-04-01T16:18:06","guid":{"rendered":"https:\/\/www.godechot-pauliet.com\/non class\u00e9\/bague-homme-messika-diamant-blanc-et-titane-graphite-move-titanium\/"},"modified":"2026-04-02T09:44:59","modified_gmt":"2026-04-02T08:44:59","slug":"bague-homme-messika-diamant-blanc-et-titane-graphite-move-titanium","status":"publish","type":"product","link":"https:\/\/www.godechot-pauliet.com\/en\/bijoux\/bagues\/bague-homme-messika-diamant-blanc-et-titane-graphite-move-titanium\/","title":{"rendered":"Messika Men&#039;s Ring, White Diamond and Graphite Titanium Move Titanium"},"content":{"rendered":"<p>La Maison Messika a cr\u00e9\u00e9 une bague pour homme en titane graphite, sertie d\u2019un diamant blanc taille brillant en mouvement. Issue de la collection embl\u00e9matique Move, cette bague associe la force du titane \u00e0 la puissance du diamant. Graphisme \u00e9pur\u00e9, lignes essentielles et masculinit\u00e9 brute caract\u00e9risent ce bijou au temp\u00e9rament cors\u00e9. Compl\u00e9tez votre look avec un autre bijou de la collection Move Titanium pour homme.<\/p>","protected":false},"excerpt":{"rendered":"<p>Graphite Titanium ring set with Diamond (0.1 ct), Move Titanium collection.<\/p>","protected":false},"featured_media":0,"template":"","meta":{"_acf_changed":false,"_tbt_post_transparent":"","_tbt_post_title":"","_tbt_post_layout":"","_tbt_post_sidebar_id":"","_tbt_post_content_style":"","_tbt_post_vertical_padding":"","_tbt_post_feature":"","_tbt_post_feature_position":"","_tbt_post_header":false,"_tbt_post_footer":false},"pwb-brand":[1299],"product_brand":[],"product_cat":[310,286],"product_tag":[],"bsp_collections":[],"rcpo_collections":[],"class_list":{"0":"post-174933","1":"product","2":"type-product","3":"status-publish","5":"pwb-brand-messika","6":"product_cat-bagues","7":"product_cat-bijoux","9":"first","10":"outofstock","11":"sold-individually","12":"taxable","13":"shipping-taxable","14":"product-type-variable","15":"entry","16":"content-bg","17":"loop-entry"},"acf":[],"brands":[{"id":1299,"name":"Messika","slug":"messika"}],"_links":{"self":[{"href":"https:\/\/www.godechot-pauliet.com\/en\/wp-json\/wp\/v2\/product\/174933","targetHints":{"allow":["GET"]}}],"collection":[{"href":"https:\/\/www.godechot-pauliet.com\/en\/wp-json\/wp\/v2\/product"}],"about":[{"href":"https:\/\/www.godechot-pauliet.com\/en\/wp-json\/wp\/v2\/types\/product"}],"wp:attachment":[{"href":"https:\/\/www.godechot-pauliet.com\/en\/wp-json\/wp\/v2\/media?parent=174933"}],"wp:term":[{"taxonomy":"pwb-brand","embeddable":true,"href":"https:\/\/www.godechot-pauliet.com\/en\/wp-json\/wp\/v2\/pwb-brand?post=174933"},{"taxonomy":"product_brand","embeddable":true,"href":"https:\/\/www.godechot-pauliet.com\/en\/wp-json\/wp\/v2\/product_brand?post=174933"},{"taxonomy":"product_cat","embeddable":true,"href":"https:\/\/www.godechot-pauliet.com\/en\/wp-json\/wp\/v2\/product_cat?post=174933"},{"taxonomy":"product_tag","embeddable":true,"href":"https:\/\/www.godechot-pauliet.com\/en\/wp-json\/wp\/v2\/product_tag?post=174933"},{"taxonomy":"bsp_collections","embeddable":true,"href":"https:\/\/www.godechot-pauliet.com\/en\/wp-json\/wp\/v2\/bsp_collections?post=174933"},{"taxonomy":"rcpo_collections","embeddable":true,"href":"https:\/\/www.godechot-pauliet.com\/en\/wp-json\/wp\/v2\/rcpo_collections?post=174933"}],"curies":[{"name":"wp","href":"https:\/\/api.w.org\/{rel}","templated":true}]}}