{"id":174851,"date":"2026-04-01T17:14:10","date_gmt":"2026-04-01T16:14:10","guid":{"rendered":"https:\/\/www.godechot-pauliet.com\/non class\u00e9\/bague-chaumet-josephine-aigrette-or-rose-pave-diamants\/"},"modified":"2026-04-02T09:44:19","modified_gmt":"2026-04-02T08:44:19","slug":"bague-chaumet-josephine-aigrette-or-rose-pave-diamants","status":"publish","type":"product","link":"https:\/\/www.godechot-pauliet.com\/en\/bijoux\/bagues\/bague-chaumet-josephine-aigrette-or-rose-pave-diamants\/","title":{"rendered":"Chaumet Jos\u00e9phine Aigrette ring, pink gold, diamond pave"},"content":{"rendered":"<p>The Jos\u00e9phine Aigrette ring in rose gold is adorned with a pav\u00e9 of brilliant-cut pink sapphires, offering a precious and feminine look. Inspired by the distinctive V-shape of the aigrette, this creation can be stacked with other rings in the collection for a personalized style according to your desires.<\/p>","protected":false},"excerpt":{"rendered":"<p>Jos\u00e9phine Aigrette wedding ring in pink gold, paved with pink sapphire diamonds.<\/p>","protected":false},"featured_media":0,"template":"","meta":{"_acf_changed":false,"_tbt_post_transparent":"","_tbt_post_title":"","_tbt_post_layout":"","_tbt_post_sidebar_id":"","_tbt_post_content_style":"","_tbt_post_vertical_padding":"","_tbt_post_feature":"","_tbt_post_feature_position":"","_tbt_post_header":false,"_tbt_post_footer":false},"pwb-brand":[288],"product_brand":[],"product_cat":[310,286],"product_tag":[],"bsp_collections":[],"rcpo_collections":[],"class_list":{"0":"post-174851","1":"product","2":"type-product","3":"status-publish","5":"pwb-brand-chaumet","6":"product_cat-bagues","7":"product_cat-bijoux","9":"first","10":"outofstock","11":"sold-individually","12":"taxable","13":"shipping-taxable","14":"product-type-variable","15":"entry","16":"content-bg","17":"loop-entry"},"acf":[],"brands":[{"id":288,"name":"Chaumet","slug":"chaumet"}],"_links":{"self":[{"href":"https:\/\/www.godechot-pauliet.com\/en\/wp-json\/wp\/v2\/product\/174851","targetHints":{"allow":["GET"]}}],"collection":[{"href":"https:\/\/www.godechot-pauliet.com\/en\/wp-json\/wp\/v2\/product"}],"about":[{"href":"https:\/\/www.godechot-pauliet.com\/en\/wp-json\/wp\/v2\/types\/product"}],"wp:attachment":[{"href":"https:\/\/www.godechot-pauliet.com\/en\/wp-json\/wp\/v2\/media?parent=174851"}],"wp:term":[{"taxonomy":"pwb-brand","embeddable":true,"href":"https:\/\/www.godechot-pauliet.com\/en\/wp-json\/wp\/v2\/pwb-brand?post=174851"},{"taxonomy":"product_brand","embeddable":true,"href":"https:\/\/www.godechot-pauliet.com\/en\/wp-json\/wp\/v2\/product_brand?post=174851"},{"taxonomy":"product_cat","embeddable":true,"href":"https:\/\/www.godechot-pauliet.com\/en\/wp-json\/wp\/v2\/product_cat?post=174851"},{"taxonomy":"product_tag","embeddable":true,"href":"https:\/\/www.godechot-pauliet.com\/en\/wp-json\/wp\/v2\/product_tag?post=174851"},{"taxonomy":"bsp_collections","embeddable":true,"href":"https:\/\/www.godechot-pauliet.com\/en\/wp-json\/wp\/v2\/bsp_collections?post=174851"},{"taxonomy":"rcpo_collections","embeddable":true,"href":"https:\/\/www.godechot-pauliet.com\/en\/wp-json\/wp\/v2\/rcpo_collections?post=174851"}],"curies":[{"name":"wp","href":"https:\/\/api.w.org\/{rel}","templated":true}]}}