{"id":174700,"date":"2026-04-01T17:07:19","date_gmt":"2026-04-01T16:07:19","guid":{"rendered":"https:\/\/www.godechot-pauliet.com\/non class\u00e9\/bracelet-messika-jonc-diamant-en-or-blanc-my-twin-toi-moi\/"},"modified":"2026-04-07T13:04:37","modified_gmt":"2026-04-07T12:04:37","slug":"bracelet-messika-jonc-diamant-en-or-blanc-my-twin-toi-moi","status":"publish","type":"product","link":"https:\/\/www.godechot-pauliet.com\/en\/bijoux\/bracelets\/bracelet-messika-jonc-diamant-en-or-blanc-my-twin-toi-moi\/","title":{"rendered":"Messika Diamond Bangle Bracelet in White Gold My Twin Toi &amp; Moi"},"content":{"rendered":"<p>Bracelet Flex My Twin Toi &amp; Moi \u00e0 m\u00e9moire de forme 0,15ct<br \/>\nCe bracelet jonc diamant en or blanc 18 carats My Twin s&rsquo;adaptera avec souplesse \u00e0 votre tour de poignet. Tout en finesse, discret et \u00e9l\u00e9gant, ce jonc d&rsquo;or ouvert sur le dessus du poignet met en face \u00e0 face un diamant taille poire de 0,15ct et un diamant taille \u00e9meraude de 0,15ct, pierres signatures de la collection My Twin. On craque pour le design tr\u00e8s graphique de ce bracelet jonc diamant en or blanc My Twin : entre sensualit\u00e9 et \u00e9clat, les deux pierres semblent vouloir se toucher sans y parvenir. L&rsquo;or blanc qui s&rsquo;accorde merveilleusement aux pr\u00e9cieuses gemmes renforce cette sensation de diamant en apesanteur. Effet garanti.A porter en toute occasion, il se mariera avec les autres bracelets femme Messika ou avec vos bracelets porte-bonheur. D\u00e9couvrez tous les bracelets en diamant My Twin et nos collections de joaillerie et Haute Joaillerie.<\/p>","protected":false},"excerpt":{"rendered":"<p>White Gold Bracelet set with Diamond (0.4 ct), My Twin Toi &amp; Moi collection<\/p>","protected":false},"featured_media":0,"template":"","meta":{"_acf_changed":false,"_tbt_post_transparent":"","_tbt_post_title":"","_tbt_post_layout":"","_tbt_post_sidebar_id":"","_tbt_post_content_style":"","_tbt_post_vertical_padding":"","_tbt_post_feature":"","_tbt_post_feature_position":"","_tbt_post_header":false,"_tbt_post_footer":false},"pwb-brand":[1299],"product_brand":[],"product_cat":[286,309],"product_tag":[],"bsp_collections":[],"rcpo_collections":[],"class_list":{"0":"post-174700","1":"product","2":"type-product","3":"status-publish","5":"pwb-brand-messika","6":"product_cat-bijoux","7":"product_cat-bracelets","9":"first","10":"outofstock","11":"sold-individually","12":"taxable","13":"shipping-taxable","14":"purchasable","15":"product-type-variable","16":"entry","17":"content-bg","18":"loop-entry"},"acf":[],"brands":[{"id":1299,"name":"Messika","slug":"messika"}],"_links":{"self":[{"href":"https:\/\/www.godechot-pauliet.com\/en\/wp-json\/wp\/v2\/product\/174700","targetHints":{"allow":["GET"]}}],"collection":[{"href":"https:\/\/www.godechot-pauliet.com\/en\/wp-json\/wp\/v2\/product"}],"about":[{"href":"https:\/\/www.godechot-pauliet.com\/en\/wp-json\/wp\/v2\/types\/product"}],"wp:attachment":[{"href":"https:\/\/www.godechot-pauliet.com\/en\/wp-json\/wp\/v2\/media?parent=174700"}],"wp:term":[{"taxonomy":"pwb-brand","embeddable":true,"href":"https:\/\/www.godechot-pauliet.com\/en\/wp-json\/wp\/v2\/pwb-brand?post=174700"},{"taxonomy":"product_brand","embeddable":true,"href":"https:\/\/www.godechot-pauliet.com\/en\/wp-json\/wp\/v2\/product_brand?post=174700"},{"taxonomy":"product_cat","embeddable":true,"href":"https:\/\/www.godechot-pauliet.com\/en\/wp-json\/wp\/v2\/product_cat?post=174700"},{"taxonomy":"product_tag","embeddable":true,"href":"https:\/\/www.godechot-pauliet.com\/en\/wp-json\/wp\/v2\/product_tag?post=174700"},{"taxonomy":"bsp_collections","embeddable":true,"href":"https:\/\/www.godechot-pauliet.com\/en\/wp-json\/wp\/v2\/bsp_collections?post=174700"},{"taxonomy":"rcpo_collections","embeddable":true,"href":"https:\/\/www.godechot-pauliet.com\/en\/wp-json\/wp\/v2\/rcpo_collections?post=174700"}],"curies":[{"name":"wp","href":"https:\/\/api.w.org\/{rel}","templated":true}]}}