{"id":174568,"date":"2026-04-01T17:00:54","date_gmt":"2026-04-01T16:00:54","guid":{"rendered":"https:\/\/www.godechot-pauliet.com\/non class\u00e9\/collier-messika-lucky-move-mm-pave-en-or-rose-et-diamants\/"},"modified":"2026-04-01T17:00:54","modified_gmt":"2026-04-01T16:00:54","slug":"collier-messika-lucky-move-mm-pave-en-or-rose-et-diamants","status":"publish","type":"product","link":"https:\/\/www.godechot-pauliet.com\/en\/bijoux\/colliers\/collier-messika-lucky-move-mm-pave-en-or-rose-et-diamants\/","title":{"rendered":"Messika Lucky Move MM Pav\u00e9 Necklace in Rose Gold and Diamonds"},"content":{"rendered":"<p>D\u00e9couvrez les prochains intemporels de nos bo\u00eetes \u00e0 bijoux. Parmi nos pr\u00e9f\u00e9r\u00e9s, le collier diamant et or rose Lucky Move. Pourquoi on l&rsquo;aime ? Facile ! Avec ses mille reflets, il capte comme nul autre la lumi\u00e8re et accessoirise mieux que quiconque chacune de nos tenues, gr\u00e2ce \u00e0 sa cha\u00eene coulissante. Graphique, on appr\u00e9cie son allure moderne. Port\u00e9 en accumulation avec le collier diamant Uno Duetto, il se fait boh\u00e8me-chic. De quoi facilement se laisser tenter ! Addictif, la pastille pav\u00e9e de diamants est r\u00e9versible et tourne \u00e0 l\u2019infini.<\/p>","protected":false},"excerpt":{"rendered":"<p>Rose gold necklace set with diamond (0.7 ct), Lucky Move collection.<\/p>","protected":false},"featured_media":0,"template":"","meta":{"_acf_changed":false,"_tbt_post_transparent":"","_tbt_post_title":"","_tbt_post_layout":"","_tbt_post_sidebar_id":"","_tbt_post_content_style":"","_tbt_post_vertical_padding":"","_tbt_post_feature":"","_tbt_post_feature_position":"","_tbt_post_header":false,"_tbt_post_footer":false},"pwb-brand":[1299],"product_brand":[],"product_cat":[286,308],"product_tag":[],"bsp_collections":[],"rcpo_collections":[],"class_list":{"0":"post-174568","1":"product","2":"type-product","3":"status-publish","5":"pwb-brand-messika","6":"product_cat-bijoux","7":"product_cat-colliers","9":"first","10":"outofstock","11":"sold-individually","12":"taxable","13":"shipping-taxable","14":"purchasable","15":"product-type-simple","16":"entry","17":"content-bg","18":"loop-entry"},"acf":[],"brands":[{"id":1299,"name":"Messika","slug":"messika"}],"_links":{"self":[{"href":"https:\/\/www.godechot-pauliet.com\/en\/wp-json\/wp\/v2\/product\/174568","targetHints":{"allow":["GET"]}}],"collection":[{"href":"https:\/\/www.godechot-pauliet.com\/en\/wp-json\/wp\/v2\/product"}],"about":[{"href":"https:\/\/www.godechot-pauliet.com\/en\/wp-json\/wp\/v2\/types\/product"}],"wp:attachment":[{"href":"https:\/\/www.godechot-pauliet.com\/en\/wp-json\/wp\/v2\/media?parent=174568"}],"wp:term":[{"taxonomy":"pwb-brand","embeddable":true,"href":"https:\/\/www.godechot-pauliet.com\/en\/wp-json\/wp\/v2\/pwb-brand?post=174568"},{"taxonomy":"product_brand","embeddable":true,"href":"https:\/\/www.godechot-pauliet.com\/en\/wp-json\/wp\/v2\/product_brand?post=174568"},{"taxonomy":"product_cat","embeddable":true,"href":"https:\/\/www.godechot-pauliet.com\/en\/wp-json\/wp\/v2\/product_cat?post=174568"},{"taxonomy":"product_tag","embeddable":true,"href":"https:\/\/www.godechot-pauliet.com\/en\/wp-json\/wp\/v2\/product_tag?post=174568"},{"taxonomy":"bsp_collections","embeddable":true,"href":"https:\/\/www.godechot-pauliet.com\/en\/wp-json\/wp\/v2\/bsp_collections?post=174568"},{"taxonomy":"rcpo_collections","embeddable":true,"href":"https:\/\/www.godechot-pauliet.com\/en\/wp-json\/wp\/v2\/rcpo_collections?post=174568"}],"curies":[{"name":"wp","href":"https:\/\/api.w.org\/{rel}","templated":true}]}}