{"id":174461,"date":"2026-04-01T16:55:47","date_gmt":"2026-04-01T15:55:47","guid":{"rendered":"https:\/\/www.godechot-pauliet.com\/non class\u00e9\/bracelet-josephine-ronde-daigrettes-2\/"},"modified":"2026-04-01T16:55:47","modified_gmt":"2026-04-01T15:55:47","slug":"bracelet-josephine-ronde-daigrettes-2","status":"publish","type":"product","link":"https:\/\/www.godechot-pauliet.com\/en\/bijoux\/bracelets\/bracelet-josephine-ronde-daigrettes-2\/","title":{"rendered":"Jos\u00e9phine Ronde d\u2019Aigrettes Bracelet"},"content":{"rendered":"<p>A tribute to the free and creative spirit of Empress Jos\u00e9phine, the Jos\u00e9phine Ronde d&#039;Aigrettes bracelet goes perfectly with other Jos\u00e9phine creations, for endless style plays. The Empress&#039; favorite size and signature of our Jos\u00e9phine collection, the pear is reinterpreted here through trompe-l&#039;oeil, an emblematic virtuosity of the House.<\/p>","protected":false},"excerpt":{"rendered":"<p>Jos\u00e9phine Ronde d&#039;Aigrettes bracelet in white gold, set with a pear-shaped aquamarine and brilliant-cut diamonds.<\/p>","protected":false},"featured_media":0,"template":"","meta":{"_acf_changed":false,"_tbt_post_transparent":"","_tbt_post_title":"","_tbt_post_layout":"","_tbt_post_sidebar_id":"","_tbt_post_content_style":"","_tbt_post_vertical_padding":"","_tbt_post_feature":"","_tbt_post_feature_position":"","_tbt_post_header":false,"_tbt_post_footer":false},"pwb-brand":[288],"product_brand":[],"product_cat":[286,309],"product_tag":[],"bsp_collections":[],"rcpo_collections":[],"class_list":{"0":"post-174461","1":"product","2":"type-product","3":"status-publish","5":"pwb-brand-chaumet","6":"product_cat-bijoux","7":"product_cat-bracelets","9":"first","10":"outofstock","11":"sold-individually","12":"taxable","13":"shipping-taxable","14":"purchasable","15":"product-type-simple","16":"entry","17":"content-bg","18":"loop-entry"},"acf":[],"brands":[{"id":288,"name":"Chaumet","slug":"chaumet"}],"_links":{"self":[{"href":"https:\/\/www.godechot-pauliet.com\/en\/wp-json\/wp\/v2\/product\/174461","targetHints":{"allow":["GET"]}}],"collection":[{"href":"https:\/\/www.godechot-pauliet.com\/en\/wp-json\/wp\/v2\/product"}],"about":[{"href":"https:\/\/www.godechot-pauliet.com\/en\/wp-json\/wp\/v2\/types\/product"}],"wp:attachment":[{"href":"https:\/\/www.godechot-pauliet.com\/en\/wp-json\/wp\/v2\/media?parent=174461"}],"wp:term":[{"taxonomy":"pwb-brand","embeddable":true,"href":"https:\/\/www.godechot-pauliet.com\/en\/wp-json\/wp\/v2\/pwb-brand?post=174461"},{"taxonomy":"product_brand","embeddable":true,"href":"https:\/\/www.godechot-pauliet.com\/en\/wp-json\/wp\/v2\/product_brand?post=174461"},{"taxonomy":"product_cat","embeddable":true,"href":"https:\/\/www.godechot-pauliet.com\/en\/wp-json\/wp\/v2\/product_cat?post=174461"},{"taxonomy":"product_tag","embeddable":true,"href":"https:\/\/www.godechot-pauliet.com\/en\/wp-json\/wp\/v2\/product_tag?post=174461"},{"taxonomy":"bsp_collections","embeddable":true,"href":"https:\/\/www.godechot-pauliet.com\/en\/wp-json\/wp\/v2\/bsp_collections?post=174461"},{"taxonomy":"rcpo_collections","embeddable":true,"href":"https:\/\/www.godechot-pauliet.com\/en\/wp-json\/wp\/v2\/rcpo_collections?post=174461"}],"curies":[{"name":"wp","href":"https:\/\/api.w.org\/{rel}","templated":true}]}}