{"id":174241,"date":"2026-04-01T16:46:30","date_gmt":"2026-04-01T15:46:30","guid":{"rendered":"https:\/\/www.godechot-pauliet.com\/non class\u00e9\/pendentif-bee-de-chaumet-or-blanc\/"},"modified":"2026-04-01T16:46:30","modified_gmt":"2026-04-01T15:46:30","slug":"pendentif-bee-de-chaumet-or-blanc","status":"publish","type":"product","link":"https:\/\/www.godechot-pauliet.com\/en\/bijoux\/colliers\/pendentif-bee-de-chaumet-or-blanc\/","title":{"rendered":"Chaumet Bee Pendant White Gold"},"content":{"rendered":"<p>\u00c9cho lumineux au pass\u00e9 d\u2019orf\u00e8vre de la Maison, l\u2019or blanc poli miroir et les alv\u00e9oles de diamants captent et diffusent la lumi\u00e8re d\u2019une mani\u00e8re unique, projetant sur la peau des \u00e9clats lumineux. Ajustable, le motif central coulisse d\u00e9licatement sur la chaine en or rose permettant de se porter librement selon vos envies. Unique, cette cr\u00e9ation se d\u00e9cline \u00e0 l\u2019infini. Rappelant l\u2019accumulation des iconiques bagues Bee de Chaumet, ce pendentif vous fera aussi bien briller au quotidien que lors d\u2019une occasion particuli\u00e8re. Cette cr\u00e9ation Bee de Chaumet se marie admirablement avec les autres ic\u00f4nes de la collection.nIc\u00f4ne de la joaillerie parisienne, la collection Bee de Chaumet s\u2019approprie avec audace le symbole de l\u2019abeille. \u00c0 l\u2019image d\u2019une ruche b\u00e2tie au fil du temps, les alv\u00e9oles graphiques se succ\u00e8dent \u00e0 l\u2019infini, \u00e9pur\u00e9es jusqu\u2019\u00e0 l\u2019abstraction et sublim\u00e9es par un savoir-faire unique. Des cr\u00e9ations intemporelles et \u00e9ternelles qui se portent seules ou se collectionnent pour r\u00e9v\u00e9ler avec \u00e9clat chaque personnalit\u00e9.<\/p>","protected":false},"excerpt":{"rendered":"<p>Chaumet Bee pendant in white gold decorated with brilliant-cut diamonds, with a paving of 14 G VS+ diamonds for a total of 0.27 carats. This pendant has three adjustment rings at 32, 34 and 36 cm.<\/p>","protected":false},"featured_media":0,"template":"","meta":{"_acf_changed":false,"_tbt_post_transparent":"","_tbt_post_title":"","_tbt_post_layout":"","_tbt_post_sidebar_id":"","_tbt_post_content_style":"","_tbt_post_vertical_padding":"","_tbt_post_feature":"","_tbt_post_feature_position":"","_tbt_post_header":false,"_tbt_post_footer":false},"pwb-brand":[288],"product_brand":[],"product_cat":[286,308],"product_tag":[],"bsp_collections":[],"rcpo_collections":[],"class_list":{"0":"post-174241","1":"product","2":"type-product","3":"status-publish","5":"pwb-brand-chaumet","6":"product_cat-bijoux","7":"product_cat-colliers","9":"first","10":"instock","11":"sold-individually","12":"taxable","13":"shipping-taxable","14":"purchasable","15":"product-type-simple","16":"entry","17":"content-bg","18":"loop-entry"},"acf":[],"brands":[{"id":288,"name":"Chaumet","slug":"chaumet"}],"_links":{"self":[{"href":"https:\/\/www.godechot-pauliet.com\/en\/wp-json\/wp\/v2\/product\/174241","targetHints":{"allow":["GET"]}}],"collection":[{"href":"https:\/\/www.godechot-pauliet.com\/en\/wp-json\/wp\/v2\/product"}],"about":[{"href":"https:\/\/www.godechot-pauliet.com\/en\/wp-json\/wp\/v2\/types\/product"}],"wp:attachment":[{"href":"https:\/\/www.godechot-pauliet.com\/en\/wp-json\/wp\/v2\/media?parent=174241"}],"wp:term":[{"taxonomy":"pwb-brand","embeddable":true,"href":"https:\/\/www.godechot-pauliet.com\/en\/wp-json\/wp\/v2\/pwb-brand?post=174241"},{"taxonomy":"product_brand","embeddable":true,"href":"https:\/\/www.godechot-pauliet.com\/en\/wp-json\/wp\/v2\/product_brand?post=174241"},{"taxonomy":"product_cat","embeddable":true,"href":"https:\/\/www.godechot-pauliet.com\/en\/wp-json\/wp\/v2\/product_cat?post=174241"},{"taxonomy":"product_tag","embeddable":true,"href":"https:\/\/www.godechot-pauliet.com\/en\/wp-json\/wp\/v2\/product_tag?post=174241"},{"taxonomy":"bsp_collections","embeddable":true,"href":"https:\/\/www.godechot-pauliet.com\/en\/wp-json\/wp\/v2\/bsp_collections?post=174241"},{"taxonomy":"rcpo_collections","embeddable":true,"href":"https:\/\/www.godechot-pauliet.com\/en\/wp-json\/wp\/v2\/rcpo_collections?post=174241"}],"curies":[{"name":"wp","href":"https:\/\/api.w.org\/{rel}","templated":true}]}}