{"id":174179,"date":"2026-04-01T16:44:07","date_gmt":"2026-04-01T15:44:07","guid":{"rendered":"https:\/\/www.godechot-pauliet.com\/non class\u00e9\/bracelet-josephine-aigrette-4\/"},"modified":"2026-04-01T16:44:07","modified_gmt":"2026-04-01T15:44:07","slug":"bracelet-josephine-aigrette-4","status":"publish","type":"product","link":"https:\/\/www.godechot-pauliet.com\/en\/bijoux\/bracelets\/bracelet-josephine-aigrette-4\/","title":{"rendered":"Jos\u00e9phine Aigrette bracelet"},"content":{"rendered":"<p>Bracelet Jos\u00e9phine Aigrette en or blanc 18 carats, orn\u00e9 de 57 diamants G VS+ taille brillant pour un total de 1,67 carats.<br \/>\nInspir\u00e9e de l\u2019imp\u00e9ratrice Jos\u00e9phine, cette collection \u00e9l\u00e9gante et l\u00e9g\u00e8re inspire certaines des cr\u00e9ations les plus recherch\u00e9es de la maison depuis plus de deux si\u00e8cles. Premi\u00e8re grande cliente de la Maison Chaumet, cette femme d\u2019allure a invent\u00e9 une signature qui influence les collections actuelles.<\/p>","protected":false},"excerpt":{"rendered":"<p>Jos\u00e9phine Aigrette bracelet in white gold, paved with brilliant-cut diamonds.<\/p>","protected":false},"featured_media":0,"template":"","meta":{"_acf_changed":false,"_tbt_post_transparent":"","_tbt_post_title":"","_tbt_post_layout":"","_tbt_post_sidebar_id":"","_tbt_post_content_style":"","_tbt_post_vertical_padding":"","_tbt_post_feature":"","_tbt_post_feature_position":"","_tbt_post_header":false,"_tbt_post_footer":false},"pwb-brand":[288],"product_brand":[],"product_cat":[286,309],"product_tag":[],"bsp_collections":[],"rcpo_collections":[],"class_list":{"0":"post-174179","1":"product","2":"type-product","3":"status-publish","5":"pwb-brand-chaumet","6":"product_cat-bijoux","7":"product_cat-bracelets","9":"first","10":"outofstock","11":"sold-individually","12":"taxable","13":"shipping-taxable","14":"purchasable","15":"product-type-simple","16":"entry","17":"content-bg","18":"loop-entry"},"acf":[],"brands":[{"id":288,"name":"Chaumet","slug":"chaumet"}],"_links":{"self":[{"href":"https:\/\/www.godechot-pauliet.com\/en\/wp-json\/wp\/v2\/product\/174179","targetHints":{"allow":["GET"]}}],"collection":[{"href":"https:\/\/www.godechot-pauliet.com\/en\/wp-json\/wp\/v2\/product"}],"about":[{"href":"https:\/\/www.godechot-pauliet.com\/en\/wp-json\/wp\/v2\/types\/product"}],"wp:attachment":[{"href":"https:\/\/www.godechot-pauliet.com\/en\/wp-json\/wp\/v2\/media?parent=174179"}],"wp:term":[{"taxonomy":"pwb-brand","embeddable":true,"href":"https:\/\/www.godechot-pauliet.com\/en\/wp-json\/wp\/v2\/pwb-brand?post=174179"},{"taxonomy":"product_brand","embeddable":true,"href":"https:\/\/www.godechot-pauliet.com\/en\/wp-json\/wp\/v2\/product_brand?post=174179"},{"taxonomy":"product_cat","embeddable":true,"href":"https:\/\/www.godechot-pauliet.com\/en\/wp-json\/wp\/v2\/product_cat?post=174179"},{"taxonomy":"product_tag","embeddable":true,"href":"https:\/\/www.godechot-pauliet.com\/en\/wp-json\/wp\/v2\/product_tag?post=174179"},{"taxonomy":"bsp_collections","embeddable":true,"href":"https:\/\/www.godechot-pauliet.com\/en\/wp-json\/wp\/v2\/bsp_collections?post=174179"},{"taxonomy":"rcpo_collections","embeddable":true,"href":"https:\/\/www.godechot-pauliet.com\/en\/wp-json\/wp\/v2\/rcpo_collections?post=174179"}],"curies":[{"name":"wp","href":"https:\/\/api.w.org\/{rel}","templated":true}]}}