{"id":174096,"date":"2026-04-01T16:39:57","date_gmt":"2026-04-01T15:39:57","guid":{"rendered":"https:\/\/www.godechot-pauliet.com\/non class\u00e9\/bracelet-messika-jonc-diamant-en-or-blanc-move-romane\/"},"modified":"2026-04-02T09:38:05","modified_gmt":"2026-04-02T08:38:05","slug":"bracelet-messika-jonc-diamant-en-or-blanc-move-romane","status":"publish","type":"product","link":"https:\/\/www.godechot-pauliet.com\/en\/bijoux\/bracelets\/bracelet-messika-jonc-diamant-en-or-blanc-move-romane\/","title":{"rendered":"Messika Diamond Bangle Bracelet in White Gold Move Romane"},"content":{"rendered":"<p>Expression d\u2019une m\u00eame pens\u00e9e, sans cesse retravaill\u00e9e, les bracelets rigides Messika, appel\u00e9s bangles, se distinguent les uns des autres pour mieux se m\u00e9langer. Illuminant le poignet, ils habillent pour mieux d\u00e9voiler. Le bracelet en or blanc 18 carats et diamants, Move Romane, nouvelle variation de la collection iconique, contrebalance le chatoiement d\u2019un aplat d\u2019or et la l\u00e9g\u00e8ret\u00e9 d\u2019une rivi\u00e8re de diamant. Entre pleins et vides, la moderne asym\u00e9trie s\u2019\u00e9quilibre avec les diamants en mouvement. Cinq pierres comme symbole universel de vie et de perfection.<\/p>","protected":false},"excerpt":{"rendered":"<p>Bangle bracelet in white gold and diamonds (0.70 carats). Width: 7 mm. Move Romane collection. Also available in pink gold and yellow gold.<\/p>","protected":false},"featured_media":0,"template":"","meta":{"_acf_changed":false,"_tbt_post_transparent":"","_tbt_post_title":"","_tbt_post_layout":"","_tbt_post_sidebar_id":"","_tbt_post_content_style":"","_tbt_post_vertical_padding":"","_tbt_post_feature":"","_tbt_post_feature_position":"","_tbt_post_header":false,"_tbt_post_footer":false},"pwb-brand":[1299],"product_brand":[],"product_cat":[286,309],"product_tag":[],"bsp_collections":[],"rcpo_collections":[],"class_list":{"0":"post-174096","1":"product","2":"type-product","3":"status-publish","5":"pwb-brand-messika","6":"product_cat-bijoux","7":"product_cat-bracelets","9":"first","10":"outofstock","11":"sold-individually","12":"taxable","13":"shipping-taxable","14":"product-type-variable","15":"entry","16":"content-bg","17":"loop-entry"},"acf":[],"brands":[{"id":1299,"name":"Messika","slug":"messika"}],"_links":{"self":[{"href":"https:\/\/www.godechot-pauliet.com\/en\/wp-json\/wp\/v2\/product\/174096","targetHints":{"allow":["GET"]}}],"collection":[{"href":"https:\/\/www.godechot-pauliet.com\/en\/wp-json\/wp\/v2\/product"}],"about":[{"href":"https:\/\/www.godechot-pauliet.com\/en\/wp-json\/wp\/v2\/types\/product"}],"wp:attachment":[{"href":"https:\/\/www.godechot-pauliet.com\/en\/wp-json\/wp\/v2\/media?parent=174096"}],"wp:term":[{"taxonomy":"pwb-brand","embeddable":true,"href":"https:\/\/www.godechot-pauliet.com\/en\/wp-json\/wp\/v2\/pwb-brand?post=174096"},{"taxonomy":"product_brand","embeddable":true,"href":"https:\/\/www.godechot-pauliet.com\/en\/wp-json\/wp\/v2\/product_brand?post=174096"},{"taxonomy":"product_cat","embeddable":true,"href":"https:\/\/www.godechot-pauliet.com\/en\/wp-json\/wp\/v2\/product_cat?post=174096"},{"taxonomy":"product_tag","embeddable":true,"href":"https:\/\/www.godechot-pauliet.com\/en\/wp-json\/wp\/v2\/product_tag?post=174096"},{"taxonomy":"bsp_collections","embeddable":true,"href":"https:\/\/www.godechot-pauliet.com\/en\/wp-json\/wp\/v2\/bsp_collections?post=174096"},{"taxonomy":"rcpo_collections","embeddable":true,"href":"https:\/\/www.godechot-pauliet.com\/en\/wp-json\/wp\/v2\/rcpo_collections?post=174096"}],"curies":[{"name":"wp","href":"https:\/\/api.w.org\/{rel}","templated":true}]}}