{"id":174045,"date":"2026-04-01T16:37:50","date_gmt":"2026-04-01T15:37:50","guid":{"rendered":"https:\/\/www.godechot-pauliet.com\/non class\u00e9\/bracelet-bee-de-chaumet-3\/"},"modified":"2026-04-01T16:37:50","modified_gmt":"2026-04-01T15:37:50","slug":"bracelet-bee-de-chaumet-3","status":"publish","type":"product","link":"https:\/\/www.godechot-pauliet.com\/en\/bijoux\/bracelets\/bracelet-bee-de-chaumet-3\/","title":{"rendered":"Chaumet Bee Bracelet"},"content":{"rendered":"<p>\u00c9cho lumineux au pass\u00e9 d\u2019orf\u00e8vre de la Maison, l\u2019or rose poli miroir et les alv\u00e9oles de diamant captent et diffusent la lumi\u00e8re. Rappelant l\u2019accumulation des iconiques bagues Bee de Chaumet, cette pi\u00e8ce versatile arbore un cordon couleur bleu Chaumet s\u2019ajustant parfaitement au poignet. R\u00e9solument universelle, elle se porte seule ou en accumulation avec les autres cr\u00e9ations de la collection. Le bracelet Bee de Chaumet en polyester recycl\u00e9 s\u2019accompagne d\u2019un cordon suppl\u00e9mentaire, choisi parmi les couleurs disponibles en magasin, ainsi que d\u2019un guide pour le changer soi-m\u00eame.<\/p>\n<p>Reinterpreting the bee motif. Symbolizing vibrant, living nature. Encapsulating light. The unique Chaumet Bee collection is the result of the fusion of these components. Graphic and aspirational creations where the honeycombs, united one with the other, follow one another endlessly. And diffuse their light like no other, making those who wear them shine, together.<\/p>","protected":false},"excerpt":{"rendered":"<p>Chaumet Bee bracelet motif in 18 carat pink gold, paved with 3 brilliant-cut G VS+ diamonds for 0.05 carats.<\/p>","protected":false},"featured_media":0,"template":"","meta":{"_acf_changed":false,"_tbt_post_transparent":"","_tbt_post_title":"","_tbt_post_layout":"","_tbt_post_sidebar_id":"","_tbt_post_content_style":"","_tbt_post_vertical_padding":"","_tbt_post_feature":"","_tbt_post_feature_position":"","_tbt_post_header":false,"_tbt_post_footer":false},"pwb-brand":[288],"product_brand":[],"product_cat":[286,309],"product_tag":[],"bsp_collections":[],"rcpo_collections":[],"class_list":{"0":"post-174045","1":"product","2":"type-product","3":"status-publish","5":"pwb-brand-chaumet","6":"product_cat-bijoux","7":"product_cat-bracelets","9":"first","10":"instock","11":"sold-individually","12":"taxable","13":"shipping-taxable","14":"purchasable","15":"product-type-simple","16":"entry","17":"content-bg","18":"loop-entry"},"acf":[],"brands":[{"id":288,"name":"Chaumet","slug":"chaumet"}],"_links":{"self":[{"href":"https:\/\/www.godechot-pauliet.com\/en\/wp-json\/wp\/v2\/product\/174045","targetHints":{"allow":["GET"]}}],"collection":[{"href":"https:\/\/www.godechot-pauliet.com\/en\/wp-json\/wp\/v2\/product"}],"about":[{"href":"https:\/\/www.godechot-pauliet.com\/en\/wp-json\/wp\/v2\/types\/product"}],"wp:attachment":[{"href":"https:\/\/www.godechot-pauliet.com\/en\/wp-json\/wp\/v2\/media?parent=174045"}],"wp:term":[{"taxonomy":"pwb-brand","embeddable":true,"href":"https:\/\/www.godechot-pauliet.com\/en\/wp-json\/wp\/v2\/pwb-brand?post=174045"},{"taxonomy":"product_brand","embeddable":true,"href":"https:\/\/www.godechot-pauliet.com\/en\/wp-json\/wp\/v2\/product_brand?post=174045"},{"taxonomy":"product_cat","embeddable":true,"href":"https:\/\/www.godechot-pauliet.com\/en\/wp-json\/wp\/v2\/product_cat?post=174045"},{"taxonomy":"product_tag","embeddable":true,"href":"https:\/\/www.godechot-pauliet.com\/en\/wp-json\/wp\/v2\/product_tag?post=174045"},{"taxonomy":"bsp_collections","embeddable":true,"href":"https:\/\/www.godechot-pauliet.com\/en\/wp-json\/wp\/v2\/bsp_collections?post=174045"},{"taxonomy":"rcpo_collections","embeddable":true,"href":"https:\/\/www.godechot-pauliet.com\/en\/wp-json\/wp\/v2\/rcpo_collections?post=174045"}],"curies":[{"name":"wp","href":"https:\/\/api.w.org\/{rel}","templated":true}]}}