{"id":173924,"date":"2026-04-01T16:33:11","date_gmt":"2026-04-01T15:33:11","guid":{"rendered":"https:\/\/www.godechot-pauliet.com\/non class\u00e9\/creoles-bee-de-chaumet-2\/"},"modified":"2026-04-01T16:33:11","modified_gmt":"2026-04-01T15:33:11","slug":"creoles-bee-de-chaumet-2","status":"publish","type":"product","link":"https:\/\/www.godechot-pauliet.com\/en\/bijoux\/boucles-doreilles\/creoles-bee-de-chaumet-2\/","title":{"rendered":"Chaumet Bee Creoles"},"content":{"rendered":"<p>Fa\u00e7onn\u00e9es selon une g\u00e9om\u00e9trie parfaite, les cr\u00e9oles Bee de Chaumet illuminent le lobe de ses alv\u00e9oles en diamants et or rose, pour un style \u00e0 la fois pr\u00e9cieux et solaire. Les cr\u00e9oles Bee de Chaumet se pr\u00e9sentent comme un incontournable de la joaillerie, elles vous feront aussi bien briller au quotidien que lors d\u2019une occasion particuli\u00e8re. Ces boucles d\u2019oreilles se marient admirablement avec les autres cr\u00e9ations lumineuses de la collection. Les cr\u00e9oles Bee de Chaumet ont \u00e9t\u00e9 d\u00e9velopp\u00e9es pour s\u2019ajuster avec pr\u00e9cision \u00e0 la forme du visage. Un des anneaux se porte sp\u00e9cifiquement \u00e0 l&rsquo;oreille droite et l&rsquo;autre \u00e0 l\u2019oreille gauche, afin d\u2019\u00eatre parfaitement plac\u00e9 sur le lobe.<\/p>\n<p>Reinterpreting the bee motif. Symbolizing vibrant, living nature. Encapsulating light. The unique Chaumet Bee collection is the result of the fusion of these components. Graphic and aspirational creations where the honeycombs, united one with the other, follow one another endlessly. And diffuse their light like no other, making those who wear them shine, together.<\/p>","protected":false},"excerpt":{"rendered":"<p>Chaumet Bee hoop earrings in pink gold, set with 5 brilliant-cut diamonds for a total of 0.41 carats.<\/p>","protected":false},"featured_media":0,"template":"","meta":{"_acf_changed":false,"_tbt_post_transparent":"","_tbt_post_title":"","_tbt_post_layout":"","_tbt_post_sidebar_id":"","_tbt_post_content_style":"","_tbt_post_vertical_padding":"","_tbt_post_feature":"","_tbt_post_feature_position":"","_tbt_post_header":false,"_tbt_post_footer":false},"pwb-brand":[288],"product_brand":[],"product_cat":[286,307],"product_tag":[],"bsp_collections":[],"rcpo_collections":[],"class_list":{"0":"post-173924","1":"product","2":"type-product","3":"status-publish","5":"pwb-brand-chaumet","6":"product_cat-bijoux","7":"product_cat-boucles-doreilles","9":"first","10":"outofstock","11":"sold-individually","12":"taxable","13":"shipping-taxable","14":"purchasable","15":"product-type-simple","16":"entry","17":"content-bg","18":"loop-entry"},"acf":[],"brands":[{"id":288,"name":"Chaumet","slug":"chaumet"}],"_links":{"self":[{"href":"https:\/\/www.godechot-pauliet.com\/en\/wp-json\/wp\/v2\/product\/173924","targetHints":{"allow":["GET"]}}],"collection":[{"href":"https:\/\/www.godechot-pauliet.com\/en\/wp-json\/wp\/v2\/product"}],"about":[{"href":"https:\/\/www.godechot-pauliet.com\/en\/wp-json\/wp\/v2\/types\/product"}],"wp:attachment":[{"href":"https:\/\/www.godechot-pauliet.com\/en\/wp-json\/wp\/v2\/media?parent=173924"}],"wp:term":[{"taxonomy":"pwb-brand","embeddable":true,"href":"https:\/\/www.godechot-pauliet.com\/en\/wp-json\/wp\/v2\/pwb-brand?post=173924"},{"taxonomy":"product_brand","embeddable":true,"href":"https:\/\/www.godechot-pauliet.com\/en\/wp-json\/wp\/v2\/product_brand?post=173924"},{"taxonomy":"product_cat","embeddable":true,"href":"https:\/\/www.godechot-pauliet.com\/en\/wp-json\/wp\/v2\/product_cat?post=173924"},{"taxonomy":"product_tag","embeddable":true,"href":"https:\/\/www.godechot-pauliet.com\/en\/wp-json\/wp\/v2\/product_tag?post=173924"},{"taxonomy":"bsp_collections","embeddable":true,"href":"https:\/\/www.godechot-pauliet.com\/en\/wp-json\/wp\/v2\/bsp_collections?post=173924"},{"taxonomy":"rcpo_collections","embeddable":true,"href":"https:\/\/www.godechot-pauliet.com\/en\/wp-json\/wp\/v2\/rcpo_collections?post=173924"}],"curies":[{"name":"wp","href":"https:\/\/api.w.org\/{rel}","templated":true}]}}