{"id":173651,"date":"2026-04-01T15:57:22","date_gmt":"2026-04-01T14:57:22","guid":{"rendered":"https:\/\/www.godechot-pauliet.com\/non class\u00e9\/pendentif-bee-de-chaumet-moyen-modele-2\/"},"modified":"2026-04-01T15:57:22","modified_gmt":"2026-04-01T14:57:22","slug":"pendentif-bee-de-chaumet-moyen-modele-2","status":"publish","type":"product","link":"https:\/\/www.godechot-pauliet.com\/en\/bijoux\/colliers\/pendentif-bee-de-chaumet-moyen-modele-2\/","title":{"rendered":"Chaumet Bee Pendant Medium Model"},"content":{"rendered":"<p>Embl\u00e9matique de la collection Bee de Chaumet, l&rsquo;alv\u00e9ole de la ruche se d\u00e9cline en un pendentif solaire et pr\u00e9cieux. Fa\u00e7onn\u00e9es selon une g\u00e9om\u00e9trie parfaite, les alv\u00e9oles de diamants et d\u2019or blanc poli miroir captent et diffusent la lumi\u00e8re, projetant sur la peau des \u00e9clats lumineux. Le recto et le verso offrent tous deux un pavage de diamants diff\u00e9rent pour un port\u00e9 qui s\u2019adapte \u00e0 toutes les envies. Alors que le recto r\u00e9interpr\u00e8te l&rsquo;accumulation des iconiques bagues Bee de Chaumet et leurs pavages vari\u00e9s, l\u2019autre c\u00f4t\u00e9 du pendentif pr\u00e9sente un pavage al\u00e9atoire, comme la nature qui ne se pr\u00e9dit pas.<\/p>\n<p>Reinterpreting the bee motif. Symbolizing vibrant, living nature. Encapsulating light. The unique Chaumet Bee collection is the result of the fusion of these components. Graphic and aspirational creations where the honeycombs, united one with the other, follow one another endlessly. And diffuse their light like no other, making those who wear them shine, together.<\/p>","protected":false},"excerpt":{"rendered":"<p>Chaumet Bee pendant in 18 carat white gold, paved with 15 brilliant-cut diamonds for a total of 0.6 carats. Three adjustment rings at 40, 45 and 50 cm.<\/p>","protected":false},"featured_media":0,"template":"","meta":{"_acf_changed":false,"_tbt_post_transparent":"","_tbt_post_title":"","_tbt_post_layout":"","_tbt_post_sidebar_id":"","_tbt_post_content_style":"","_tbt_post_vertical_padding":"","_tbt_post_feature":"","_tbt_post_feature_position":"","_tbt_post_header":false,"_tbt_post_footer":false},"pwb-brand":[288],"product_brand":[],"product_cat":[286,308],"product_tag":[],"bsp_collections":[],"rcpo_collections":[],"class_list":{"0":"post-173651","1":"product","2":"type-product","3":"status-publish","5":"pwb-brand-chaumet","6":"product_cat-bijoux","7":"product_cat-colliers","9":"first","10":"outofstock","11":"sold-individually","12":"taxable","13":"shipping-taxable","14":"purchasable","15":"product-type-simple","16":"entry","17":"content-bg","18":"loop-entry"},"acf":[],"brands":[{"id":288,"name":"Chaumet","slug":"chaumet"}],"_links":{"self":[{"href":"https:\/\/www.godechot-pauliet.com\/en\/wp-json\/wp\/v2\/product\/173651","targetHints":{"allow":["GET"]}}],"collection":[{"href":"https:\/\/www.godechot-pauliet.com\/en\/wp-json\/wp\/v2\/product"}],"about":[{"href":"https:\/\/www.godechot-pauliet.com\/en\/wp-json\/wp\/v2\/types\/product"}],"wp:attachment":[{"href":"https:\/\/www.godechot-pauliet.com\/en\/wp-json\/wp\/v2\/media?parent=173651"}],"wp:term":[{"taxonomy":"pwb-brand","embeddable":true,"href":"https:\/\/www.godechot-pauliet.com\/en\/wp-json\/wp\/v2\/pwb-brand?post=173651"},{"taxonomy":"product_brand","embeddable":true,"href":"https:\/\/www.godechot-pauliet.com\/en\/wp-json\/wp\/v2\/product_brand?post=173651"},{"taxonomy":"product_cat","embeddable":true,"href":"https:\/\/www.godechot-pauliet.com\/en\/wp-json\/wp\/v2\/product_cat?post=173651"},{"taxonomy":"product_tag","embeddable":true,"href":"https:\/\/www.godechot-pauliet.com\/en\/wp-json\/wp\/v2\/product_tag?post=173651"},{"taxonomy":"bsp_collections","embeddable":true,"href":"https:\/\/www.godechot-pauliet.com\/en\/wp-json\/wp\/v2\/bsp_collections?post=173651"},{"taxonomy":"rcpo_collections","embeddable":true,"href":"https:\/\/www.godechot-pauliet.com\/en\/wp-json\/wp\/v2\/rcpo_collections?post=173651"}],"curies":[{"name":"wp","href":"https:\/\/api.w.org\/{rel}","templated":true}]}}