{"id":173638,"date":"2026-04-01T15:56:59","date_gmt":"2026-04-01T14:56:59","guid":{"rendered":"https:\/\/www.godechot-pauliet.com\/non class\u00e9\/pendentif-bee-de-chaumet-moyen-modele\/"},"modified":"2026-04-01T15:56:59","modified_gmt":"2026-04-01T14:56:59","slug":"pendentif-bee-de-chaumet-moyen-modele","status":"publish","type":"product","link":"https:\/\/www.godechot-pauliet.com\/en\/bijoux\/colliers\/pendentif-bee-de-chaumet-moyen-modele\/","title":{"rendered":"Chaumet Bee Pendant Medium Model"},"content":{"rendered":"<p>\u00c9cho lumineux au pass\u00e9 d\u2019orf\u00e8vre de la Maison, les alv\u00e9oles de diamants captent et diffusent la lumi\u00e8re d\u2019une mani\u00e8re unique, projetant sur la peau des \u00e9clats lumineux. Rappelant l\u2019accumulation des iconiques bagues Bee de Chaumet, ce pendentif vous fera aussi bien briller au quotidien que lors d\u2019une occasion particuli\u00e8re. Cette cr\u00e9ation Bee de Chaumet se marie admirablement avec les autres ic\u00f4nes de la collection.<\/p>\n<p>Reinterpreting the bee motif. Symbolizing vibrant, living nature. Encapsulating light. The unique Chaumet Bee collection is the result of the fusion of these components. Graphic and aspirational creations where the honeycombs, united one with the other, follow one another endlessly. And diffuse their light like no other, making those who wear them shine, together.<\/p>","protected":false},"excerpt":{"rendered":"<p>Chaumet Bee pendant in 18 carat rose gold, set with 36 brilliant-cut G VS+ diamonds for 1.50 carats with 1.6 mm spike chain \u2013 Three adjustment rings at 40, 45 and 50 cm.<\/p>","protected":false},"featured_media":0,"template":"","meta":{"_acf_changed":false,"_tbt_post_transparent":"","_tbt_post_title":"","_tbt_post_layout":"","_tbt_post_sidebar_id":"","_tbt_post_content_style":"","_tbt_post_vertical_padding":"","_tbt_post_feature":"","_tbt_post_feature_position":"","_tbt_post_header":false,"_tbt_post_footer":false},"pwb-brand":[288],"product_brand":[],"product_cat":[286,308],"product_tag":[],"bsp_collections":[],"rcpo_collections":[],"class_list":{"0":"post-173638","1":"product","2":"type-product","3":"status-publish","5":"pwb-brand-chaumet","6":"product_cat-bijoux","7":"product_cat-colliers","9":"first","10":"outofstock","11":"sold-individually","12":"taxable","13":"shipping-taxable","14":"purchasable","15":"product-type-simple","16":"entry","17":"content-bg","18":"loop-entry"},"acf":[],"brands":[{"id":288,"name":"Chaumet","slug":"chaumet"}],"_links":{"self":[{"href":"https:\/\/www.godechot-pauliet.com\/en\/wp-json\/wp\/v2\/product\/173638","targetHints":{"allow":["GET"]}}],"collection":[{"href":"https:\/\/www.godechot-pauliet.com\/en\/wp-json\/wp\/v2\/product"}],"about":[{"href":"https:\/\/www.godechot-pauliet.com\/en\/wp-json\/wp\/v2\/types\/product"}],"wp:attachment":[{"href":"https:\/\/www.godechot-pauliet.com\/en\/wp-json\/wp\/v2\/media?parent=173638"}],"wp:term":[{"taxonomy":"pwb-brand","embeddable":true,"href":"https:\/\/www.godechot-pauliet.com\/en\/wp-json\/wp\/v2\/pwb-brand?post=173638"},{"taxonomy":"product_brand","embeddable":true,"href":"https:\/\/www.godechot-pauliet.com\/en\/wp-json\/wp\/v2\/product_brand?post=173638"},{"taxonomy":"product_cat","embeddable":true,"href":"https:\/\/www.godechot-pauliet.com\/en\/wp-json\/wp\/v2\/product_cat?post=173638"},{"taxonomy":"product_tag","embeddable":true,"href":"https:\/\/www.godechot-pauliet.com\/en\/wp-json\/wp\/v2\/product_tag?post=173638"},{"taxonomy":"bsp_collections","embeddable":true,"href":"https:\/\/www.godechot-pauliet.com\/en\/wp-json\/wp\/v2\/bsp_collections?post=173638"},{"taxonomy":"rcpo_collections","embeddable":true,"href":"https:\/\/www.godechot-pauliet.com\/en\/wp-json\/wp\/v2\/rcpo_collections?post=173638"}],"curies":[{"name":"wp","href":"https:\/\/api.w.org\/{rel}","templated":true}]}}