{"id":171517,"date":"2025-11-08T03:36:49","date_gmt":"2025-11-08T01:36:49","guid":{"rendered":"https:\/\/www.godechot-pauliet.com\/non class\u00e9\/montre-tank-must-de-cartier-modele-xl-2\/"},"modified":"2026-02-07T02:37:55","modified_gmt":"2026-02-07T01:37:55","slug":"montre-tank-must-de-cartier-modele-xl-2","status":"publish","type":"product","link":"https:\/\/www.godechot-pauliet.com\/en\/montres\/montre-tank-must-de-cartier-modele-xl-2\/","title":{"rendered":"Cartier Tank Must Watch, XL Model"},"content":{"rendered":"<p>Tank Must watch, XL model, self-winding mechanical movement. Steel case, beaded crown set with a cabochon-shaped synthetic spinel, silvered flinqu\u00e9 dial, blued-steel sword-shaped hands, black grained calfskin strap, interchangeable steel folding clasp, date window at 6 o&#039;clock. Case size: 41 x 31 mm, thickness: 8.4 mm. Water-resistant to 3 bar (approximately 30 meters).<\/p>","protected":false},"excerpt":{"rendered":"<p>Designed by Louis Cartier in 1917, the Tank watch is an icon of modern watchmaking. A wristwatch whose refined design, combining geometry and precise proportions, defines its strong identity. Instantly recognizable and always in step with the times, the Tank has been reinterpreted for over a century through multiple variations, faithful to the spirit of the original design: Tank Cintr\u00e9e, Tank Chinoise, Tank Am\u00e9ricaine, Tank Fran\u00e7aise\u2026<\/p>","protected":false},"featured_media":0,"template":"","meta":{"_acf_changed":false,"_tbt_post_transparent":"","_tbt_post_title":"","_tbt_post_layout":"","_tbt_post_sidebar_id":"","_tbt_post_content_style":"","_tbt_post_vertical_padding":"","_tbt_post_feature":"","_tbt_post_feature_position":"","_tbt_post_header":false,"_tbt_post_footer":false},"pwb-brand":[155],"product_brand":[],"product_cat":[285],"product_tag":[],"bsp_collections":[],"rcpo_collections":[],"class_list":{"0":"post-171517","1":"product","2":"type-product","3":"status-publish","5":"pwb-brand-cartier","6":"product_cat-montres","7":"pa_collection-tank-must","8":"pa_dial-color-argente","9":"pa_genre-homme","10":"pa_matiere-acier","11":"pa_mecanisme-automatique","13":"first","14":"instock","15":"sold-individually","16":"taxable","17":"shipping-taxable","18":"product-type-simple","19":"entry","20":"content-bg","21":"loop-entry"},"acf":[],"brands":[{"id":155,"name":"Cartier","slug":"cartier"}],"_links":{"self":[{"href":"https:\/\/www.godechot-pauliet.com\/en\/wp-json\/wp\/v2\/product\/171517","targetHints":{"allow":["GET"]}}],"collection":[{"href":"https:\/\/www.godechot-pauliet.com\/en\/wp-json\/wp\/v2\/product"}],"about":[{"href":"https:\/\/www.godechot-pauliet.com\/en\/wp-json\/wp\/v2\/types\/product"}],"wp:attachment":[{"href":"https:\/\/www.godechot-pauliet.com\/en\/wp-json\/wp\/v2\/media?parent=171517"}],"wp:term":[{"taxonomy":"pwb-brand","embeddable":true,"href":"https:\/\/www.godechot-pauliet.com\/en\/wp-json\/wp\/v2\/pwb-brand?post=171517"},{"taxonomy":"product_brand","embeddable":true,"href":"https:\/\/www.godechot-pauliet.com\/en\/wp-json\/wp\/v2\/product_brand?post=171517"},{"taxonomy":"product_cat","embeddable":true,"href":"https:\/\/www.godechot-pauliet.com\/en\/wp-json\/wp\/v2\/product_cat?post=171517"},{"taxonomy":"product_tag","embeddable":true,"href":"https:\/\/www.godechot-pauliet.com\/en\/wp-json\/wp\/v2\/product_tag?post=171517"},{"taxonomy":"bsp_collections","embeddable":true,"href":"https:\/\/www.godechot-pauliet.com\/en\/wp-json\/wp\/v2\/bsp_collections?post=171517"},{"taxonomy":"rcpo_collections","embeddable":true,"href":"https:\/\/www.godechot-pauliet.com\/en\/wp-json\/wp\/v2\/rcpo_collections?post=171517"}],"curies":[{"name":"wp","href":"https:\/\/api.w.org\/{rel}","templated":true}]}}