{"id":171079,"date":"2025-10-29T03:40:13","date_gmt":"2025-10-29T01:40:13","guid":{"rendered":"https:\/\/www.godechot-pauliet.com\/non class\u00e9\/montre-tank-must-de-cartier-grand-modele-10\/"},"modified":"2025-12-25T02:37:08","modified_gmt":"2025-12-25T01:37:08","slug":"montre-tank-must-de-cartier-grand-modele-10","status":"publish","type":"product","link":"https:\/\/www.godechot-pauliet.com\/en\/montres\/montre-tank-must-de-cartier-grand-modele-10\/","title":{"rendered":"Cartier Tank Must Watch, Large Model"},"content":{"rendered":"<p>Designed by Louis Cartier in 1917, the Tank watch is an icon of modern watchmaking. A wristwatch whose refined design, combining geometry and precise proportions, defines its strong identity. Instantly recognizable and always in step with the times, the Tank has been reinterpreted for over a century through multiple variations, faithful to the spirit of the original design: Tank Cintr\u00e9e, Tank Chinoise, Tank Am\u00e9ricaine, Tank Fran\u00e7aise\u2026<\/p>","protected":false},"excerpt":{"rendered":"<p>Tank Must watch, large model, High Autonomy quartz movement. Steel case, beaded crown adorned with a synthetic cabochon-shaped spinel, wine-colored lacquered dial, polished steel sword-shaped hands, wine-colored alligator strap, steel pin buckle. Case size: 33.7 x 25.5 mm, thickness: 6.6 mm. Water-resistant to 3 bar (~30 meters).<\/p>","protected":false},"featured_media":0,"template":"","meta":{"_acf_changed":false,"_tbt_post_transparent":"","_tbt_post_title":"","_tbt_post_layout":"","_tbt_post_sidebar_id":"","_tbt_post_content_style":"","_tbt_post_vertical_padding":"","_tbt_post_feature":"","_tbt_post_feature_position":"","_tbt_post_header":false,"_tbt_post_footer":false},"pwb-brand":[155],"product_brand":[],"product_cat":[285],"product_tag":[],"bsp_collections":[],"rcpo_collections":[],"class_list":{"0":"post-171079","1":"product","2":"type-product","3":"status-publish","5":"pwb-brand-cartier","6":"product_cat-montres","7":"pa_collection-tank-must","8":"pa_dial-color-lie-de-vin","9":"pa_genre-femme","10":"pa_genre-homme","11":"pa_matiere-acier","12":"pa_mecanisme-quartz","14":"first","15":"outofstock","16":"sold-individually","17":"taxable","18":"shipping-taxable","19":"product-type-simple","20":"entry","21":"content-bg","22":"loop-entry"},"acf":[],"brands":[{"id":155,"name":"Cartier","slug":"cartier"}],"_links":{"self":[{"href":"https:\/\/www.godechot-pauliet.com\/en\/wp-json\/wp\/v2\/product\/171079","targetHints":{"allow":["GET"]}}],"collection":[{"href":"https:\/\/www.godechot-pauliet.com\/en\/wp-json\/wp\/v2\/product"}],"about":[{"href":"https:\/\/www.godechot-pauliet.com\/en\/wp-json\/wp\/v2\/types\/product"}],"wp:attachment":[{"href":"https:\/\/www.godechot-pauliet.com\/en\/wp-json\/wp\/v2\/media?parent=171079"}],"wp:term":[{"taxonomy":"pwb-brand","embeddable":true,"href":"https:\/\/www.godechot-pauliet.com\/en\/wp-json\/wp\/v2\/pwb-brand?post=171079"},{"taxonomy":"product_brand","embeddable":true,"href":"https:\/\/www.godechot-pauliet.com\/en\/wp-json\/wp\/v2\/product_brand?post=171079"},{"taxonomy":"product_cat","embeddable":true,"href":"https:\/\/www.godechot-pauliet.com\/en\/wp-json\/wp\/v2\/product_cat?post=171079"},{"taxonomy":"product_tag","embeddable":true,"href":"https:\/\/www.godechot-pauliet.com\/en\/wp-json\/wp\/v2\/product_tag?post=171079"},{"taxonomy":"bsp_collections","embeddable":true,"href":"https:\/\/www.godechot-pauliet.com\/en\/wp-json\/wp\/v2\/bsp_collections?post=171079"},{"taxonomy":"rcpo_collections","embeddable":true,"href":"https:\/\/www.godechot-pauliet.com\/en\/wp-json\/wp\/v2\/rcpo_collections?post=171079"}],"curies":[{"name":"wp","href":"https:\/\/api.w.org\/{rel}","templated":true}]}}