{"id":166276,"date":"2025-06-03T13:47:15","date_gmt":"2025-06-03T12:47:15","guid":{"rendered":"https:\/\/www.godechot-pauliet.com\/non class\u00e9\/montre-tank-francaise-de-cartier-moyen-modele-2\/"},"modified":"2026-01-31T02:40:08","modified_gmt":"2026-01-31T01:40:08","slug":"montre-tank-francaise-de-cartier-moyen-modele-2","status":"publish","type":"product","link":"https:\/\/www.godechot-pauliet.com\/en\/montres\/montre-tank-francaise-de-cartier-moyen-modele-2\/","title":{"rendered":"Cartier Tank Fran\u00e7aise Watch Medium Model"},"content":{"rendered":"<p>Discover the Tank Fran\u00e7aise de Cartier Medium Model watch, a jewel of elegance and sophistication. This unisex watch from the Tank Fran\u00e7aise collection features a rectangular steel design, with a sapphire crystal for optimal protection. Water-resistant to 30 meters, it is 7.1 mm thick and 32 mm in diameter. Treat yourself to this timeless model that combines finesse and style.<\/p>","protected":false},"excerpt":{"rendered":"<p>Tank Fran\u00e7aise watch, medium model, quartz movement. Steel box. Crown with steel sides decorated with a synthetic spinel in the shape of a cabochon. Silver dial, sword-shaped hands in blued steel, sapphire crystal. Steel bracelet. Box size: 32mm x 27mm, thickness: 7.1mm. Waterproof up to 3 bars (~30 meters).<\/p>","protected":false},"featured_media":0,"template":"","meta":{"_acf_changed":false,"_tbt_post_transparent":"","_tbt_post_title":"","_tbt_post_layout":"","_tbt_post_sidebar_id":"","_tbt_post_content_style":"","_tbt_post_vertical_padding":"","_tbt_post_feature":"","_tbt_post_feature_position":"","_tbt_post_header":false,"_tbt_post_footer":false},"pwb-brand":[155],"product_brand":[],"product_cat":[285],"product_tag":[],"bsp_collections":[],"rcpo_collections":[],"class_list":{"0":"post-166276","1":"product","2":"type-product","3":"status-publish","5":"pwb-brand-cartier","6":"product_cat-montres","7":"pa_collection-tank-francaise","8":"pa_dial-color-argent","9":"pa_genre-femme","10":"pa_genre-homme","11":"pa_matiere-acier","12":"pa_mecanisme-quartz","14":"first","15":"instock","16":"sold-individually","17":"taxable","18":"shipping-taxable","19":"product-type-simple","20":"entry","21":"content-bg","22":"loop-entry"},"acf":[],"brands":[{"id":155,"name":"Cartier","slug":"cartier"}],"_links":{"self":[{"href":"https:\/\/www.godechot-pauliet.com\/en\/wp-json\/wp\/v2\/product\/166276","targetHints":{"allow":["GET"]}}],"collection":[{"href":"https:\/\/www.godechot-pauliet.com\/en\/wp-json\/wp\/v2\/product"}],"about":[{"href":"https:\/\/www.godechot-pauliet.com\/en\/wp-json\/wp\/v2\/types\/product"}],"wp:attachment":[{"href":"https:\/\/www.godechot-pauliet.com\/en\/wp-json\/wp\/v2\/media?parent=166276"}],"wp:term":[{"taxonomy":"pwb-brand","embeddable":true,"href":"https:\/\/www.godechot-pauliet.com\/en\/wp-json\/wp\/v2\/pwb-brand?post=166276"},{"taxonomy":"product_brand","embeddable":true,"href":"https:\/\/www.godechot-pauliet.com\/en\/wp-json\/wp\/v2\/product_brand?post=166276"},{"taxonomy":"product_cat","embeddable":true,"href":"https:\/\/www.godechot-pauliet.com\/en\/wp-json\/wp\/v2\/product_cat?post=166276"},{"taxonomy":"product_tag","embeddable":true,"href":"https:\/\/www.godechot-pauliet.com\/en\/wp-json\/wp\/v2\/product_tag?post=166276"},{"taxonomy":"bsp_collections","embeddable":true,"href":"https:\/\/www.godechot-pauliet.com\/en\/wp-json\/wp\/v2\/bsp_collections?post=166276"},{"taxonomy":"rcpo_collections","embeddable":true,"href":"https:\/\/www.godechot-pauliet.com\/en\/wp-json\/wp\/v2\/rcpo_collections?post=166276"}],"curies":[{"name":"wp","href":"https:\/\/api.w.org\/{rel}","templated":true}]}}