{"id":165891,"date":"2025-06-03T10:55:04","date_gmt":"2025-06-03T09:55:04","guid":{"rendered":"https:\/\/www.godechot-pauliet.com\/non class\u00e9\/montre-chaumet-josephine-aigrette-2\/"},"modified":"2026-02-01T02:37:45","modified_gmt":"2026-02-01T01:37:45","slug":"montre-chaumet-josephine-aigrette-2","status":"publish","type":"product","link":"https:\/\/www.godechot-pauliet.com\/en\/montres\/montre-chaumet-josephine-aigrette-2\/","title":{"rendered":"Chaumet Jos\u00e9phine Aigrette watch"},"content":{"rendered":"<p>Continuing the tradition of jewelry watches, the Jos\u00e9phine Aigrette creation is unique in its kind. Evoking Empress Jos\u00e9phine, it offers a new way of wearing a watch every day, with grace and character.<br \/>\nThis feminine watch in pink gold with an engraved dial reinterprets the pear shape so popular with Empress Jos\u00e9phine. From the V shape of the egret to the index set with a trompe l&#039;oeil diamond, this piece embodies the emblematic codes of the Jos\u00e9phine collection.<\/p>","protected":false},"excerpt":{"rendered":"<p>Jos\u00e9phine Aigrette Rose Gold and Diamond Watch<br \/>\nQuartz watch in Rose Gold, 27.3 x 20.2mm with diamonds. Jos\u00e9phine Aigrette Collection.<\/p>","protected":false},"featured_media":0,"template":"","meta":{"_acf_changed":false,"_tbt_post_transparent":"","_tbt_post_title":"","_tbt_post_layout":"","_tbt_post_sidebar_id":"","_tbt_post_content_style":"","_tbt_post_vertical_padding":"","_tbt_post_feature":"","_tbt_post_feature_position":"","_tbt_post_header":false,"_tbt_post_footer":false},"pwb-brand":[288],"product_brand":[],"product_cat":[285],"product_tag":[],"bsp_collections":[],"rcpo_collections":[],"class_list":{"0":"post-165891","1":"product","2":"type-product","3":"status-publish","5":"pwb-brand-chaumet","6":"product_cat-montres","7":"pa_collection-josephine","8":"pa_dial-color-blanc","9":"pa_genre-femme","10":"pa_matiere-or-rose","11":"pa_mecanisme-quartz","12":"pa_pierre-diamant-blanc","14":"first","15":"outofstock","16":"sold-individually","17":"taxable","18":"shipping-taxable","19":"purchasable","20":"product-type-simple","21":"entry","22":"content-bg","23":"loop-entry"},"acf":[],"brands":[{"id":288,"name":"Chaumet","slug":"chaumet"}],"_links":{"self":[{"href":"https:\/\/www.godechot-pauliet.com\/en\/wp-json\/wp\/v2\/product\/165891","targetHints":{"allow":["GET"]}}],"collection":[{"href":"https:\/\/www.godechot-pauliet.com\/en\/wp-json\/wp\/v2\/product"}],"about":[{"href":"https:\/\/www.godechot-pauliet.com\/en\/wp-json\/wp\/v2\/types\/product"}],"wp:attachment":[{"href":"https:\/\/www.godechot-pauliet.com\/en\/wp-json\/wp\/v2\/media?parent=165891"}],"wp:term":[{"taxonomy":"pwb-brand","embeddable":true,"href":"https:\/\/www.godechot-pauliet.com\/en\/wp-json\/wp\/v2\/pwb-brand?post=165891"},{"taxonomy":"product_brand","embeddable":true,"href":"https:\/\/www.godechot-pauliet.com\/en\/wp-json\/wp\/v2\/product_brand?post=165891"},{"taxonomy":"product_cat","embeddable":true,"href":"https:\/\/www.godechot-pauliet.com\/en\/wp-json\/wp\/v2\/product_cat?post=165891"},{"taxonomy":"product_tag","embeddable":true,"href":"https:\/\/www.godechot-pauliet.com\/en\/wp-json\/wp\/v2\/product_tag?post=165891"},{"taxonomy":"bsp_collections","embeddable":true,"href":"https:\/\/www.godechot-pauliet.com\/en\/wp-json\/wp\/v2\/bsp_collections?post=165891"},{"taxonomy":"rcpo_collections","embeddable":true,"href":"https:\/\/www.godechot-pauliet.com\/en\/wp-json\/wp\/v2\/rcpo_collections?post=165891"}],"curies":[{"name":"wp","href":"https:\/\/api.w.org\/{rel}","templated":true}]}}