{"id":164580,"date":"2025-06-02T02:33:25","date_gmt":"2025-06-02T01:33:25","guid":{"rendered":"https:\/\/www.godechot-pauliet.com\/non class\u00e9\/bracelet-jonc-messika-move-romane-en-or-blanc-pave-diamant\/"},"modified":"2026-04-03T15:24:01","modified_gmt":"2026-04-03T14:24:01","slug":"bracelet-jonc-messika-move-romane-en-or-blanc-pave-diamant","status":"publish","type":"product","link":"https:\/\/www.godechot-pauliet.com\/en\/bijoux\/bracelets\/bracelet-jonc-messika-move-romane-en-or-blanc-pave-diamant\/","title":{"rendered":"Messika Move Romane Bangle Bracelet in White Gold Pav\u00e9 Diamond"},"content":{"rendered":"<p>Twice as many diamonds in this pav\u00e9-set version of the iconic Move Romane women&#039;s diamond bangle in white gold. Val\u00e9rie Messika has designed a diamond bracelet with a precious and modern asymmetry that reinterprets the Move, the star motif of the Jewelry and High Jewelry Maison. Here, the three mobile diamonds slide freely in a duo of river bangles subtly joined by two fixed stones. A play of balance and shape that creates a bracelet that is both powerful and ethereal. A true signature diamond jewel, this luxury bracelet stylishly enhances the wrist and pairs perfectly with other pieces in the jewelry collection.<\/p>","protected":false},"excerpt":{"rendered":"<p>Messika Move Romane bangle in white gold, entirely paved with diamonds.<\/p>","protected":false},"featured_media":0,"template":"","meta":{"_acf_changed":false,"_tbt_post_transparent":"","_tbt_post_title":"","_tbt_post_layout":"","_tbt_post_sidebar_id":"","_tbt_post_content_style":"","_tbt_post_vertical_padding":"","_tbt_post_feature":"","_tbt_post_feature_position":"","_tbt_post_header":false,"_tbt_post_footer":false},"pwb-brand":[1299],"product_brand":[],"product_cat":[286,309],"product_tag":[],"bsp_collections":[],"rcpo_collections":[],"class_list":{"0":"post-164580","1":"product","2":"type-product","3":"status-publish","5":"pwb-brand-messika","6":"product_cat-bijoux","7":"product_cat-bracelets","8":"pa_collection-move-romane","9":"pa_genre-femme","10":"pa_matiere-or-blanc","11":"pa_pierre-diamant-blanc","13":"first","14":"outofstock","15":"sold-individually","16":"taxable","17":"shipping-taxable","18":"purchasable","19":"product-type-variable","20":"entry","21":"content-bg","22":"loop-entry"},"acf":[],"brands":[{"id":1299,"name":"Messika","slug":"messika"}],"_links":{"self":[{"href":"https:\/\/www.godechot-pauliet.com\/en\/wp-json\/wp\/v2\/product\/164580","targetHints":{"allow":["GET"]}}],"collection":[{"href":"https:\/\/www.godechot-pauliet.com\/en\/wp-json\/wp\/v2\/product"}],"about":[{"href":"https:\/\/www.godechot-pauliet.com\/en\/wp-json\/wp\/v2\/types\/product"}],"wp:attachment":[{"href":"https:\/\/www.godechot-pauliet.com\/en\/wp-json\/wp\/v2\/media?parent=164580"}],"wp:term":[{"taxonomy":"pwb-brand","embeddable":true,"href":"https:\/\/www.godechot-pauliet.com\/en\/wp-json\/wp\/v2\/pwb-brand?post=164580"},{"taxonomy":"product_brand","embeddable":true,"href":"https:\/\/www.godechot-pauliet.com\/en\/wp-json\/wp\/v2\/product_brand?post=164580"},{"taxonomy":"product_cat","embeddable":true,"href":"https:\/\/www.godechot-pauliet.com\/en\/wp-json\/wp\/v2\/product_cat?post=164580"},{"taxonomy":"product_tag","embeddable":true,"href":"https:\/\/www.godechot-pauliet.com\/en\/wp-json\/wp\/v2\/product_tag?post=164580"},{"taxonomy":"bsp_collections","embeddable":true,"href":"https:\/\/www.godechot-pauliet.com\/en\/wp-json\/wp\/v2\/bsp_collections?post=164580"},{"taxonomy":"rcpo_collections","embeddable":true,"href":"https:\/\/www.godechot-pauliet.com\/en\/wp-json\/wp\/v2\/rcpo_collections?post=164580"}],"curies":[{"name":"wp","href":"https:\/\/api.w.org\/{rel}","templated":true}]}}