{"id":162508,"date":"2024-12-14T02:34:40","date_gmt":"2024-12-14T01:34:40","guid":{"rendered":"https:\/\/www.godechot-pauliet.com\/non%20class\u00e9\/montre-cartier-prive-tortue\/"},"modified":"2026-04-13T09:53:36","modified_gmt":"2026-04-13T08:53:36","slug":"montre-cartier-prive-tortue","status":"publish","type":"product","link":"https:\/\/www.godechot-pauliet.com\/en\/montres\/montre-cartier-prive-tortue\/","title":{"rendered":"Cartier Priv\u00e9 Tortue Watch"},"content":{"rendered":"<p>Montre Cartier Priv\u00e9 Tortue, mouvement m\u00e9canique \u00e0 remontage manuel 430 MC. Bo\u00eete en platine 950\/1000, couronne \u00e0 pans sertie d&rsquo;un rubis en cabochon, cadran opalin argent\u00e9, index chiffres romains finition rhodi\u00e9e, aiguilles en forme de pommes \u00e0 finition rhodi\u00e9e. Bracelet en cuir d&rsquo;alligator semi-mat rouge, avec boucle ardillon en platine 950\/1000. Dimensions de la bo\u00eete : 41,4 x 32,9 mm, \u00e9paisseur : 7,2 mm. Heures, minutes. Mouvement comportant 18 rubis. Diam\u00e8tre du mouvement 9\u00a0\u00bb&rsquo; (20,5 mm), \u00e9paisseur 2,15 mm, balancier : 21 600 alternances \/ heure, r\u00e9serve de marche d&rsquo;environ 38h. Etanche jusqu&rsquo;\u00e0 3 bars (~30 m\u00e8tres). Edition num\u00e9rot\u00e9e et limit\u00e9e \u00e0 200 pi\u00e8ces.<\/p>","protected":false},"excerpt":{"rendered":"<p>Montre Cartier Priv\u00e9 Tortue, mouvement m\u00e9canique \u00e0 remontage manuel 430 MC. Bo\u00eete en platine 950\/1000, couronne \u00e0 pans sertie d&rsquo;un rubis en cabochon.<\/p>","protected":false},"featured_media":0,"template":"","meta":{"_acf_changed":false,"_tbt_post_transparent":"","_tbt_post_title":"","_tbt_post_layout":"","_tbt_post_sidebar_id":"","_tbt_post_content_style":"","_tbt_post_vertical_padding":"","_tbt_post_feature":"","_tbt_post_feature_position":"","_tbt_post_header":false,"_tbt_post_footer":false},"pwb-brand":[155],"product_brand":[],"product_cat":[285],"product_tag":[],"bsp_collections":[],"rcpo_collections":[],"class_list":{"0":"post-162508","1":"product","2":"type-product","3":"status-publish","5":"pwb-brand-cartier","6":"product_cat-montres","7":"pa_collection-tortue","8":"pa_genre-femme","9":"pa_genre-homme","10":"pa_matiere-platine","11":"pa_watch-style-classique-elegant","13":"first","14":"instock","15":"sold-individually","16":"taxable","17":"shipping-taxable","18":"product-type-simple","19":"entry","20":"content-bg","21":"loop-entry"},"acf":[],"brands":[{"id":155,"name":"Cartier","slug":"cartier"}],"_links":{"self":[{"href":"https:\/\/www.godechot-pauliet.com\/en\/wp-json\/wp\/v2\/product\/162508","targetHints":{"allow":["GET"]}}],"collection":[{"href":"https:\/\/www.godechot-pauliet.com\/en\/wp-json\/wp\/v2\/product"}],"about":[{"href":"https:\/\/www.godechot-pauliet.com\/en\/wp-json\/wp\/v2\/types\/product"}],"wp:attachment":[{"href":"https:\/\/www.godechot-pauliet.com\/en\/wp-json\/wp\/v2\/media?parent=162508"}],"wp:term":[{"taxonomy":"pwb-brand","embeddable":true,"href":"https:\/\/www.godechot-pauliet.com\/en\/wp-json\/wp\/v2\/pwb-brand?post=162508"},{"taxonomy":"product_brand","embeddable":true,"href":"https:\/\/www.godechot-pauliet.com\/en\/wp-json\/wp\/v2\/product_brand?post=162508"},{"taxonomy":"product_cat","embeddable":true,"href":"https:\/\/www.godechot-pauliet.com\/en\/wp-json\/wp\/v2\/product_cat?post=162508"},{"taxonomy":"product_tag","embeddable":true,"href":"https:\/\/www.godechot-pauliet.com\/en\/wp-json\/wp\/v2\/product_tag?post=162508"},{"taxonomy":"bsp_collections","embeddable":true,"href":"https:\/\/www.godechot-pauliet.com\/en\/wp-json\/wp\/v2\/bsp_collections?post=162508"},{"taxonomy":"rcpo_collections","embeddable":true,"href":"https:\/\/www.godechot-pauliet.com\/en\/wp-json\/wp\/v2\/rcpo_collections?post=162508"}],"curies":[{"name":"wp","href":"https:\/\/api.w.org\/{rel}","templated":true}]}}