{"id":155319,"date":"2024-04-19T11:42:29","date_gmt":"2024-04-19T09:42:29","guid":{"rendered":"http:\/\/13.37.174.196\/non class\u00e9\/bracelet-homme-mini-deco-link-or-noir-et-pave-rubis\/"},"modified":"2026-01-31T02:39:42","modified_gmt":"2026-01-31T01:39:42","slug":"bracelet-homme-mini-deco-link-or-noir-et-pave-rubis","status":"publish","type":"product","link":"https:\/\/www.godechot-pauliet.com\/en\/bijoux\/bracelets\/bracelet-homme-mini-deco-link-or-noir-et-pave-rubis\/","title":{"rendered":"Men&#039;s Mini Deco Link Black Gold and Ruby Pav\u00e9 Bracelet"},"content":{"rendered":"","protected":false},"excerpt":{"rendered":"<p>Mini D\u00e9co Link men&#039;s bracelet in Black Gold with ruby pav\u00e9 link (0.58 ct).<\/p>","protected":false},"featured_media":0,"template":"","meta":{"_acf_changed":false,"_tbt_post_transparent":"","_tbt_post_title":"","_tbt_post_layout":"","_tbt_post_sidebar_id":"","_tbt_post_content_style":"","_tbt_post_vertical_padding":"","_tbt_post_feature":"","_tbt_post_feature_position":"","_tbt_post_header":false,"_tbt_post_footer":false},"pwb-brand":[3340],"product_brand":[],"product_cat":[286,309],"product_tag":[],"bsp_collections":[],"rcpo_collections":[],"class_list":{"0":"post-155319","1":"product","2":"type-product","3":"status-publish","5":"pwb-brand-shay","6":"product_cat-bijoux","7":"product_cat-bracelets","8":"pa_collection-deco-link","9":"pa_genre-homme","10":"pa_matiere-or-noir","11":"pa_pierre-rubis","13":"first","14":"instock","15":"sold-individually","16":"taxable","17":"shipping-taxable","18":"purchasable","19":"product-type-simple","20":"entry","21":"content-bg","22":"loop-entry"},"acf":[],"brands":[{"id":3340,"name":"Shay","slug":"shay"}],"_links":{"self":[{"href":"https:\/\/www.godechot-pauliet.com\/en\/wp-json\/wp\/v2\/product\/155319","targetHints":{"allow":["GET"]}}],"collection":[{"href":"https:\/\/www.godechot-pauliet.com\/en\/wp-json\/wp\/v2\/product"}],"about":[{"href":"https:\/\/www.godechot-pauliet.com\/en\/wp-json\/wp\/v2\/types\/product"}],"wp:attachment":[{"href":"https:\/\/www.godechot-pauliet.com\/en\/wp-json\/wp\/v2\/media?parent=155319"}],"wp:term":[{"taxonomy":"pwb-brand","embeddable":true,"href":"https:\/\/www.godechot-pauliet.com\/en\/wp-json\/wp\/v2\/pwb-brand?post=155319"},{"taxonomy":"product_brand","embeddable":true,"href":"https:\/\/www.godechot-pauliet.com\/en\/wp-json\/wp\/v2\/product_brand?post=155319"},{"taxonomy":"product_cat","embeddable":true,"href":"https:\/\/www.godechot-pauliet.com\/en\/wp-json\/wp\/v2\/product_cat?post=155319"},{"taxonomy":"product_tag","embeddable":true,"href":"https:\/\/www.godechot-pauliet.com\/en\/wp-json\/wp\/v2\/product_tag?post=155319"},{"taxonomy":"bsp_collections","embeddable":true,"href":"https:\/\/www.godechot-pauliet.com\/en\/wp-json\/wp\/v2\/bsp_collections?post=155319"},{"taxonomy":"rcpo_collections","embeddable":true,"href":"https:\/\/www.godechot-pauliet.com\/en\/wp-json\/wp\/v2\/rcpo_collections?post=155319"}],"curies":[{"name":"wp","href":"https:\/\/api.w.org\/{rel}","templated":true}]}}