{"id":151444,"date":"2024-04-16T03:07:53","date_gmt":"2024-04-16T01:07:53","guid":{"rendered":"http:\/\/13.37.174.196\/non%20class\u00e9\/boucle-doreille-persee-danae-en-or-rose\/"},"modified":"2025-12-23T02:36:54","modified_gmt":"2025-12-23T01:36:54","slug":"boucle-doreille-persee-danae-en-or-rose-3","status":"publish","type":"product","link":"https:\/\/www.godechot-pauliet.com\/en\/bijoux\/boucles-doreilles\/boucle-doreille-persee-danae-en-or-rose-3\/","title":{"rendered":"Pers\u00e9e Dana\u00e9 earring in Rose Gold"},"content":{"rendered":"<p>Discover the Pers\u00e9e Dana\u00e9 Earrings in Yellow Gold, a refined jewel from the Dana\u00e9 collection by Pers\u00e9e. These mono earrings are crafted in Rose Gold, offering an elegant touch to your outfit.<\/p>","protected":false},"excerpt":{"rendered":"<p>Pers\u00e9e single earring in rose gold. Dana\u00e9 Collection.<\/p>","protected":false},"featured_media":0,"template":"","meta":{"_acf_changed":false,"_tbt_post_transparent":"","_tbt_post_title":"","_tbt_post_layout":"","_tbt_post_sidebar_id":"","_tbt_post_content_style":"","_tbt_post_vertical_padding":"","_tbt_post_feature":"","_tbt_post_feature_position":"","_tbt_post_header":false,"_tbt_post_footer":false},"pwb-brand":[4392],"product_brand":[],"product_cat":[286,307],"product_tag":[],"bsp_collections":[],"rcpo_collections":[],"class_list":{"0":"post-151444","1":"product","2":"type-product","3":"status-publish","5":"pwb-brand-persee","6":"product_cat-bijoux","7":"product_cat-boucles-doreilles","8":"pa_collection-danae","9":"pa_genre-femme","10":"pa_matiere-or-rose","12":"first","13":"instock","14":"sold-individually","15":"taxable","16":"shipping-taxable","17":"purchasable","18":"product-type-simple","19":"entry","20":"content-bg","21":"loop-entry"},"acf":[],"brands":[{"id":4392,"name":"Pers\u00e9e","slug":"persee"}],"_links":{"self":[{"href":"https:\/\/www.godechot-pauliet.com\/en\/wp-json\/wp\/v2\/product\/151444","targetHints":{"allow":["GET"]}}],"collection":[{"href":"https:\/\/www.godechot-pauliet.com\/en\/wp-json\/wp\/v2\/product"}],"about":[{"href":"https:\/\/www.godechot-pauliet.com\/en\/wp-json\/wp\/v2\/types\/product"}],"wp:attachment":[{"href":"https:\/\/www.godechot-pauliet.com\/en\/wp-json\/wp\/v2\/media?parent=151444"}],"wp:term":[{"taxonomy":"pwb-brand","embeddable":true,"href":"https:\/\/www.godechot-pauliet.com\/en\/wp-json\/wp\/v2\/pwb-brand?post=151444"},{"taxonomy":"product_brand","embeddable":true,"href":"https:\/\/www.godechot-pauliet.com\/en\/wp-json\/wp\/v2\/product_brand?post=151444"},{"taxonomy":"product_cat","embeddable":true,"href":"https:\/\/www.godechot-pauliet.com\/en\/wp-json\/wp\/v2\/product_cat?post=151444"},{"taxonomy":"product_tag","embeddable":true,"href":"https:\/\/www.godechot-pauliet.com\/en\/wp-json\/wp\/v2\/product_tag?post=151444"},{"taxonomy":"bsp_collections","embeddable":true,"href":"https:\/\/www.godechot-pauliet.com\/en\/wp-json\/wp\/v2\/bsp_collections?post=151444"},{"taxonomy":"rcpo_collections","embeddable":true,"href":"https:\/\/www.godechot-pauliet.com\/en\/wp-json\/wp\/v2\/rcpo_collections?post=151444"}],"curies":[{"name":"wp","href":"https:\/\/api.w.org\/{rel}","templated":true}]}}