{"id":151429,"date":"2024-04-16T03:07:44","date_gmt":"2024-04-16T01:07:44","guid":{"rendered":"http:\/\/13.37.174.196\/non%20class\u00e9\/boucle-doreille-persee-danae-en-or-blanc-serties-de-diamants-2\/"},"modified":"2026-01-31T02:39:00","modified_gmt":"2026-01-31T01:39:00","slug":"boucle-doreille-persee-danae-en-or-blanc-serties-de-diamants-2","status":"publish","type":"product","link":"https:\/\/www.godechot-pauliet.com\/en\/bijoux\/boucles-doreilles\/boucle-doreille-persee-danae-en-or-blanc-serties-de-diamants-2\/","title":{"rendered":"Pers\u00e9e Dana\u00e9 earring in White Gold set with Diamonds"},"content":{"rendered":"<p>Discover the Pers\u00e9e Dana\u00e9 earrings in White Gold set with Diamonds, an elegant and refined creation from the Dana\u00e9 collection by Persee. These White Gold earrings are adorned with magnificent White Diamonds with a total carat weight of 0.24. Treat yourself to a unique and precious piece of jewelry that will enhance your outfit on any occasion.<\/p>","protected":false},"excerpt":{"rendered":"<p>Pers\u00e9e earring in white gold with 3 suspended diamonds (0.24 ct. GVS). Dana\u00e9 Collection.<\/p>","protected":false},"featured_media":0,"template":"","meta":{"_acf_changed":false,"_tbt_post_transparent":"","_tbt_post_title":"","_tbt_post_layout":"","_tbt_post_sidebar_id":"","_tbt_post_content_style":"","_tbt_post_vertical_padding":"","_tbt_post_feature":"","_tbt_post_feature_position":"","_tbt_post_header":false,"_tbt_post_footer":false},"pwb-brand":[4392],"product_brand":[],"product_cat":[286,307],"product_tag":[],"bsp_collections":[],"rcpo_collections":[],"class_list":{"0":"post-151429","1":"product","2":"type-product","3":"status-publish","5":"pwb-brand-persee","6":"product_cat-bijoux","7":"product_cat-boucles-doreilles","8":"pa_collection-danae","9":"pa_genre-femme","10":"pa_matiere-or-blanc","11":"pa_pierre-diamant-blanc","13":"first","14":"instock","15":"sold-individually","16":"taxable","17":"shipping-taxable","18":"purchasable","19":"product-type-simple","20":"entry","21":"content-bg","22":"loop-entry"},"acf":[],"brands":[{"id":4392,"name":"Pers\u00e9e","slug":"persee"}],"_links":{"self":[{"href":"https:\/\/www.godechot-pauliet.com\/en\/wp-json\/wp\/v2\/product\/151429","targetHints":{"allow":["GET"]}}],"collection":[{"href":"https:\/\/www.godechot-pauliet.com\/en\/wp-json\/wp\/v2\/product"}],"about":[{"href":"https:\/\/www.godechot-pauliet.com\/en\/wp-json\/wp\/v2\/types\/product"}],"wp:attachment":[{"href":"https:\/\/www.godechot-pauliet.com\/en\/wp-json\/wp\/v2\/media?parent=151429"}],"wp:term":[{"taxonomy":"pwb-brand","embeddable":true,"href":"https:\/\/www.godechot-pauliet.com\/en\/wp-json\/wp\/v2\/pwb-brand?post=151429"},{"taxonomy":"product_brand","embeddable":true,"href":"https:\/\/www.godechot-pauliet.com\/en\/wp-json\/wp\/v2\/product_brand?post=151429"},{"taxonomy":"product_cat","embeddable":true,"href":"https:\/\/www.godechot-pauliet.com\/en\/wp-json\/wp\/v2\/product_cat?post=151429"},{"taxonomy":"product_tag","embeddable":true,"href":"https:\/\/www.godechot-pauliet.com\/en\/wp-json\/wp\/v2\/product_tag?post=151429"},{"taxonomy":"bsp_collections","embeddable":true,"href":"https:\/\/www.godechot-pauliet.com\/en\/wp-json\/wp\/v2\/bsp_collections?post=151429"},{"taxonomy":"rcpo_collections","embeddable":true,"href":"https:\/\/www.godechot-pauliet.com\/en\/wp-json\/wp\/v2\/rcpo_collections?post=151429"}],"curies":[{"name":"wp","href":"https:\/\/api.w.org\/{rel}","templated":true}]}}