{"id":160996,"date":"2024-09-11T10:46:52","date_gmt":"2024-09-11T08:46:52","guid":{"rendered":"http:\/\/13.37.174.196\/?page_id=160996"},"modified":"2025-05-12T12:32:33","modified_gmt":"2025-05-12T11:32:33","slug":"rolex-the-championships-wimbledon","status":"publish","type":"page","link":"https:\/\/www.godechot-pauliet.com\/en\/rolex\/monde-de-rolex\/wimbledon-2024","title":{"rendered":"Rolex &amp; The Championships, Wimbledon"},"content":{"rendered":"<section class=\"bsp-breadcrumb fixed14 white\">\n    <div class=\"ariane-bsp\" itemscope=\"\" itemtype=\"https:\/\/schema.org\/BreadcrumbList\"> <span\n            class=\"breadcrumb-separator breadcrumb-separator-0\">\u2039<\/span> <span itemprop=\"itemListElement\" itemscope=\"\"\nitemtype=\"https:\/\/schema.org\/ListItem\"> <a itemprop=\"item\" href=\"\/en\/rolex\/\"><span itemprop=\"name\">\n                    Godechot Pauliet<\/span>\n                <meta itemprop=\"position\" content=\"1\">\n            <\/a> <\/span> <span class=\"breadcrumb-separator breadcrumb-separator-1\">\u203a<\/span> <span class=\"mb-bc\"\n            itemprop=\"itemListElement\" itemscope=\"\" itemtype=\"https:\/\/schema.org\/ListItem\"> <a itemprop=\"item\"\n                href=\"\/en\/rolex\/monde-de-rolex\/\"><span itemprop=\"name\">World of Rolex\n                    <\/span>\n                <meta itemprop=\"position\" content=\"2\">\n            <\/a> <\/span> <span class=\"breadcrumb-separator breadcrumb-separator-1\">\u203a<\/span> <span\n            itemprop=\"itemListElement\" itemscope=\"\" itemtype=\"https:\/\/schema.org\/ListItem\"> <span\n                itemprop=\"name\">Rolex &amp; The Championships, Wimbledon<\/span>\n            <meta itemprop=\"position\" content=\"3\">\n        <\/span> <\/div>\n<\/section>\n<section class=\"bsp-pc bg-bsp-lightbeige\">\n    <div class=\"bsp-pc_push body\">\n        <h1 class=\"headline50 mb-20 bold\">Rolex &amp; The Championships, Wimbledon<\/h1>\n        <div class=\"bsp-pc_push_txt\">\n            <p class=\"body20\"><strong>Rolex has been associated with Wimbledon since 1978. The oldest of the Grand Slam\u00ae tournaments is the temple of lawn tennis, the original game. It is also where athletes write their names in the legend of the sport.<\/strong><\/p><br>\n            <p class=\"body20 bold bsp-black\">Published on 06\/24\/2024<\/p>\n        <\/div>\n    <\/div>\n<\/section>\n<section class=\"bsp-img bg-bsp-lightbeige pt-0\">\n    <div class=\"bsp-img_l bsp-pc_vid\">\n        <div class=\"bsp-pc_vid_container\"> <iframe data-youtube=\"https:\/\/www.youtube.com\/embed\/8bEdzkZ45pw?rel=0\"\n                frameborder=\"0\" allow=\"autoplay; encrypted-media\" allowfullscreen=\"\"\n                src=\"https:\/\/www.youtube.com\/embed\/8bEdzkZ45pw?rel=0\"><\/iframe> <\/div>\n    <\/div>\n<\/section>\n<section class=\"bsp-pc bg-bsp-lightbeige pt-0\">\n    <div class=\"bsp-pc_push body\">\n        <div class=\"bsp-pc_push_txt\">\n            <p class=\"body20\">Rolex is the Official Watch and one of the essential partners of all the major events in world tennis. It was at Wimbledon in 1978 that everything began between the brand with the crown and this discipline, which was then experiencing an unprecedented global impact.\n                    <br><br>In southwest London, the All England Lawn Tennis and Croquet Club hosts The Championships. The oldest tennis tournament in the world, Wimbledon has been the birthplace of the discipline and the temple of lawn tennis since its creation in 1877.\n                \n            <\/p>\n        <\/div>\n    <\/div>\n<\/section>\n<section class=\"bsp-pc bg-bsp-lightbeige pt-0\">\n    <div class=\"bsp-pc_push body\">\n        <h2 class=\"headline50 mb-20 bold\">A temple of tennis tradition<\/h2>\n        <div class=\"bsp-pc_push_txt\">\n            <p class=\"body20\">On the pediment of the players&#039; entrance to Centre Court - which can seat 15,000 spectators - are inscribed two lines from Rudyard Kipling&#039;s poem If:<br>\n                    <span style=\"font-style: italic;\">If you can meet Triumph<br>\n                        after defeat<br>\n                        And receive these two liars<br>\n                        from the same front\u2026<\/span>\n            <\/p>\n        <\/div>\n    <\/div>\n<\/section>\n<section class=\"bsp-img bg-bsp-lightbeige pt-0\">\n    <div class=\"bsp-img_s\">\n        <picture>\n            <source\n                srcset=\"https:\/\/d29lyl02lvyvgt.cloudfront.net\/bspv7\/wor\/articles\/wimbledon\/landscape\/rolex_WIM19jb_799_r_landscape.jpg\"\n                media=\"(min-width:769px)\">\n            <source\n                srcset=\"https:\/\/d29lyl02lvyvgt.cloudfront.net\/bspv7\/wor\/articles\/wimbledon\/portrait\/rolex_WIM19jb_799_r_portrait.jpg\"\n                media=\"(max-width:768px)\"> <img decoding=\"async\" src=\"\" alt=\"Rolex &amp; The Championships, Wimbledon - Godechot Pauliet\" title=\"- Godechot Pauliet\">\n        <\/picture>\n    <\/div>\n<\/section>\n<\/section>\n<section class=\"bsp-pc bg-bsp-lightbeige pt-0\">\n    <div class=\"bsp-pc_push body\">\n        <div class=\"bsp-pc_push_txt\">\n            <p class=\"body20\">These verses sum up the philosophy of this tournament. Because, at Wimbledon, even more than victory, it is the humility and perseverance of the champions that make the greatness of the discipline.                <\/p>\n        <\/div>\n    <\/div>\n<\/section>\n<section class=\"bsp-img fw bg-bsp-lightbeige\">\n    <div class=\"bsp-img_fw\">\n        <picture>\n            <source\n                srcset=\"https:\/\/d29lyl02lvyvgt.cloudfront.net\/bspv7\/wor\/articles\/wimbledon\/landscape\/rolex_WIM23ac_17669_landscape.jpg\"\n                media=\"(min-width:769px)\">\n            <source\n                srcset=\"https:\/\/d29lyl02lvyvgt.cloudfront.net\/bspv7\/wor\/articles\/wimbledon\/portrait\/rolex_WIM23ac_17669_portrait.jpg\"\n                media=\"(max-width:768px)\"> <img decoding=\"async\" src=\"\" alt=\"Rolex &amp; The Championships, Wimbledon - Godechot Pauliet\" title=\"- Godechot Pauliet\">\n        <\/picture>\n    <\/div>\n<\/section>\n\n<section class=\"bsp-pc bg-bsp-lightbeige\">\n    <div class=\"bsp-pc_push body\">\n        <h2 class=\"headline50 mb-20 bold\">The place of great duels        <\/h2>\n        <div class=\"bsp-pc_push_txt\">\n            <p class=\"body20\">Indeed, on the Centre Court at Wimbledon, the finals are so intense that they remain in the memories as extraordinary moments in the history of tennis. So much so that the encounters between Rod Laver and John Newcombe, Bj\u00f6rn Borg and John McEnroe, Chris Evert and Martina Navr\u00e1tilov\u00e1, Roger Federer and Rafael Nadal are all epic battles that have entered the legend of Wimbledon and world tennis.\n                    <br><br>This unprecedented level of sporting excellence resonates with the philosophy at the heart of Rolex. A partnership has thus naturally formed with all the major tennis tournaments.\n            <\/p>\n        <\/div>\n    <\/div>\n<\/section>\n<section class=\"bsp-img bg-bsp-lightbeige pt-0\">\n    <div class=\"bsp-img_s\">\n        <picture>\n            <source\n                srcset=\"https:\/\/d29lyl02lvyvgt.cloudfront.net\/bspv7\/wor\/articles\/wimbledon\/landscape\/rolex_federer_landscape.jpg\"\n                media=\"(min-width:769px)\">\n            <source\n                srcset=\"https:\/\/d29lyl02lvyvgt.cloudfront.net\/bspv7\/wor\/articles\/wimbledon\/portrait\/rolex_federer_portrait.jpg\"\n                media=\"(max-width:768px)\"> <img decoding=\"async\" src=\"\" alt=\"Rolex &amp; The Championships, Wimbledon - Godechot Pauliet\" title=\"- Godechot Pauliet\">\n        <\/picture>\n    <\/div>\n<\/section>\n<section class=\"bsp-pc bg-bsp-lightbeige pt-0\">\n    <div class=\"bsp-pc_push body\">\n        <h2 class=\"headline50 mb-20 bold\">Rolex and tennis: almost fifty years of partnership<\/h2>\n        <div class=\"bsp-pc_push_txt\">\n            <p class=\"body20\">\n                    Rolex maintains a special relationship with tennis based on a foundation of shared values: the constant quest for excellence, a taste for precision and innovation, elegance of movement, perseverance in effort, respect for tradition and surpassing oneself.\n                    <br><br>\n                    Over the decades, Rolex has increased its involvement in the world of tennis, becoming the Premium Partner of men&#039;s and women&#039;s tennis worldwide.\n                    <br><br>\n                    The brand supports most competitions: the four Grand Slam\u00ae tournaments, the ATP and WTA Finals that close the season, all the elite ATP Masters and WTA 1000 tournaments and the top international team competitions, the Davis Cup and Laver Cup finals.\n                \n            <\/p>\n        <\/div>\n    <\/div>\n<\/section>\n<section class=\"bsp-pc bg-bsp-lightbeige pt-0\">\n    <div class=\"bsp-pc_push body\">\n        <h2 class=\"headline50 mb-20 bold\">Rolex and Wimbledon Testimonials<\/h2>\n        <div class=\"bsp-pc_push_txt\">\n            <p class=\"body20\">\n                    Rolex counts a host of Wimbledon winners among its Testimonials, including tennis legends Bj\u00f6rn Borg and Chris Evert, as well as Stefan Edberg, Garbi\u00f1e Muguruza, Angelique Kerber, Roger Federer \u2013 who has won the men&#039;s singles trophy a record eight times \u2013 and rising star Carlos Alcaraz.\n                <br><br>\n                Today&#039;s great players, including Rolex Testimonees Iga \u015awi\u0105tek, Jannik Sinner and Coco Gauff, aspire to join the ranks of the legendary winners of this prestigious tournament.\n            <\/p>\n        <\/div>\n    <\/div>\n<\/section>\n<section class=\"bsp-img bg-bsp-lightbeige pt-0\">\n    <div class=\"bsp-img_m\">\n        <picture>\n            <source\n                srcset=\"https:\/\/d29lyl02lvyvgt.cloudfront.net\/bspv7\/wor\/articles\/wimbledon\/landscape\/rolex_GettyImages-85789753_r-WIM23ac_15834%20_landscape.png\"\n                media=\"(min-width:769px)\">\n            <source\n                srcset=\"https:\/\/d29lyl02lvyvgt.cloudfront.net\/bspv7\/wor\/articles\/wimbledon\/portrait\/rolex_GettyImages-85789753_r-WIM23ac_15834%20_portrait.png\"\n                media=\"(max-width:768px)\"> <img decoding=\"async\" src=\"\" alt=\"Rolex &amp; The Championships, Wimbledon - Godechot Pauliet\" title=\"- Godechot Pauliet\">\n        <\/picture>\n    <\/div>\n<\/section>\n<section class=\"bsp-pc bg-bsp-lightbeige pt-0\">\n    <div class=\"bsp-pc_push body\">\n        <h2 class=\"headline50 mb-20 bold\">Rolex and sport\n        <\/h2>\n        <div class=\"bsp-pc_push_txt\">\n            <p class=\"body20\">For many decades, the brand has actively supported culture, architecture, exploration and the preservation of the planet. And in the world of sport, with tennis, golf, horse riding, skiing, sailing and motor racing, the range of disciplines is wide and the forms of partnerships very diverse. Whether they are established with governing bodies, competitions or athletes \u2013 established champions or promising talents \u2013 they must be understood as commitments on a long shared journey that aim to perpetuate the future of each discipline and promote excellence.\n             <\/p>\n        <\/div>\n    <\/div>\n<\/section>\n<section class=\"bsp-img bg-bsp-lightbeige pt-0\">\n    <div class=\"bsp-img_s\">\n        <picture>\n            <source\n                srcset=\"https:\/\/d29lyl02lvyvgt.cloudfront.net\/bspv7\/wor\/articles\/wimbledon\/landscape\/rolex_WIM21jb_01738_landscape.jpg\"\n                media=\"(min-width:769px)\">\n            <source\n                srcset=\"https:\/\/d29lyl02lvyvgt.cloudfront.net\/bspv7\/wor\/articles\/wimbledon\/portrait\/rolex_WIM21jb_01738_portrait.jpg\"\n                media=\"(max-width:768px)\"> <img decoding=\"async\" src=\"\" alt=\"Rolex &amp; The Championships, Wimbledon - Godechot Pauliet\" title=\"- Godechot Pauliet\">\n        <\/picture>\n    <\/div>\n<\/section>\n<section class=\"bsp-pc bg-bsp-lightbeige bsp-pc_1 pt-0\">\n    <div class=\"bsp-pc_push\"> <a href=\"\/en\/rolex\/datejust\/\">\n            <picture>\n                <source\n                    srcset=\"https:\/\/d29lyl02lvyvgt.cloudfront.net\/bspv7\/model\/col-featured\/rolex-datejust-cover-landscape.jpg\"\n                    media=\"(min-width:769px)\">\n                <source\n                    srcset=\"https:\/\/d29lyl02lvyvgt.cloudfront.net\/bspv7\/model\/col-featured\/rolex-datejust-cover-portrait.jpg\"\n                    media=\"(max-width:768px)\">\n                <img class=\"bsp-pc_push_asset\"\n                    alt=\"Rolex &amp; The Championships, Wimbledon - Godechot Pauliet\"\n                    loading=\"lazy\">\n            <\/picture>\n            <div class=\"bsp-pc_push_txtwrapper bsp-article\">\n                <div class=\"fixed16 bold\"> Rolex Datejust <\/div>\n                <div class=\"headline36 bold mb-5\"> Make a date\n                <\/div>\n                <div class=\"fixed14 bold bsp-sec-cta\">Discover &gt;<\/div>\n            <\/div>\n        <\/a> <\/div>\n<\/section>\n<script>\n    var digitalDataLayer = {\n        environment: { environmentVersion: \"V7\", coBrandedVersion: \"Bespoke\", },\n        page: { pageType: \"article page\", },\n    }\n<\/script>\n\n\n\n<p><\/p>","protected":false},"excerpt":{"rendered":"<p>\u2039 Godechot Pauliet \u203a The World of Rolex \u203a Rolex &amp; The Championships, Wimbledon Rolex &amp; The Championships, Wimbledon Rolex has been associated with Wimbledon since 1978. The oldest of the Grand Slam\u00ae tournaments is the temple of lawn tennis, the original game. It is also where athletes write their names in the legend\u2026<\/p>","protected":false},"author":6,"featured_media":0,"parent":158277,"menu_order":0,"comment_status":"closed","ping_status":"closed","template":"template-static-bsp.php","meta":{"_acf_changed":false,"_tbt_post_transparent":"","_tbt_post_title":"","_tbt_post_layout":"","_tbt_post_sidebar_id":"","_tbt_post_content_style":"","_tbt_post_vertical_padding":"","_tbt_post_feature":"","_tbt_post_feature_position":"","_tbt_post_header":false,"_tbt_post_footer":false,"footnotes":""},"class_list":["post-160996","page","type-page","status-publish","hentry"],"acf":[],"_links":{"self":[{"href":"https:\/\/www.godechot-pauliet.com\/en\/wp-json\/wp\/v2\/pages\/160996","targetHints":{"allow":["GET"]}}],"collection":[{"href":"https:\/\/www.godechot-pauliet.com\/en\/wp-json\/wp\/v2\/pages"}],"about":[{"href":"https:\/\/www.godechot-pauliet.com\/en\/wp-json\/wp\/v2\/types\/page"}],"author":[{"embeddable":true,"href":"https:\/\/www.godechot-pauliet.com\/en\/wp-json\/wp\/v2\/users\/6"}],"replies":[{"embeddable":true,"href":"https:\/\/www.godechot-pauliet.com\/en\/wp-json\/wp\/v2\/comments?post=160996"}],"version-history":[{"count":0,"href":"https:\/\/www.godechot-pauliet.com\/en\/wp-json\/wp\/v2\/pages\/160996\/revisions"}],"up":[{"embeddable":true,"href":"https:\/\/www.godechot-pauliet.com\/en\/wp-json\/wp\/v2\/pages\/158277"}],"wp:attachment":[{"href":"https:\/\/www.godechot-pauliet.com\/en\/wp-json\/wp\/v2\/media?parent=160996"}],"curies":[{"name":"wp","href":"https:\/\/api.w.org\/{rel}","templated":true}]}}